{"id":2065,"date":"2025-12-24T11:43:17","date_gmt":"2025-12-24T11:43:17","guid":{"rendered":"https:\/\/bsstaff.onlinevalles.club\/?page_id=2065"},"modified":"2026-03-19T08:32:08","modified_gmt":"2026-03-19T08:32:08","slug":"nosotros","status":"publish","type":"page","link":"https:\/\/bsstaff.onlinevalles.club\/ca\/nosotros\/","title":{"rendered":"Nosaltres"},"content":{"rendered":"<div data-elementor-type=\"wp-page\" data-elementor-id=\"2065\" class=\"elementor elementor-2065\" data-elementor-post-type=\"page\">\n\t\t\t\t<main class=\"elementor-element elementor-element-26f9a97 e-con-full page-title hero-grid e-flex e-con e-parent\" data-id=\"26f9a97\" data-element_type=\"container\" data-settings=\"{&quot;background_background&quot;:&quot;classic&quot;}\">\n\t\t<div class=\"elementor-element elementor-element-9881478 hero-bg e-con-full e-flex e-con e-child\" data-id=\"9881478\" data-element_type=\"container\">\n\t\t\t\t<\/div>\n\t\t<div class=\"elementor-element elementor-element-ebc3e50 e-flex e-con-boxed e-con e-child\" data-id=\"ebc3e50\" data-element_type=\"container\">\n\t\t\t\t\t<div class=\"e-con-inner\">\n\t\t<div class=\"elementor-element elementor-element-83a42c9 e-con-full e-flex e-con e-child\" data-id=\"83a42c9\" data-element_type=\"container\" data-settings=\"{&quot;background_background&quot;:&quot;classic&quot;}\">\n\t\t\t\t<div class=\"elementor-element elementor-element-4aad124 animated-slow elementor-widget elementor-widget-heading\" data-id=\"4aad124\" data-element_type=\"widget\" data-settings=\"{&quot;_animation&quot;:&quot;none&quot;,&quot;_animation_delay&quot;:50}\" data-widget_type=\"heading.default\">\n\t\t\t\t\t<h1 class=\"elementor-heading-title elementor-size-default\">Nuestra historia y equipo de expertos en seguridad privada en Catalu\u00f1a<\/h1>\t\t\t\t<\/div>\n\t\t\t\t<div class=\"elementor-element elementor-element-271f76f elementor-widget elementor-widget-eloi_breadcrumb\" data-id=\"271f76f\" data-element_type=\"widget\" data-widget_type=\"eloi_breadcrumb.default\">\n\t\t\t\t<div class=\"elementor-widget-container\">\n\t\t\t\t\t<nav class=\"breadcrumb\" aria-label=\"breadcrumb\"><a href=\"https:\/\/bsstaff.onlinevalles.club\/ca\">Inici<\/a><\/nav>\t\t\t\t<\/div>\n\t\t\t\t<\/div>\n\t\t\t\t<\/div>\n\t\t\t\t\t<\/div>\n\t\t\t\t<\/div>\n\t\t\t\t<\/main>\n\t\t<div class=\"elementor-element elementor-element-b7ded38 e-grid e-con-boxed e-con e-parent\" data-id=\"b7ded38\" data-element_type=\"container\" data-settings=\"{&quot;background_background&quot;:&quot;classic&quot;}\">\n\t\t\t\t\t<div class=\"e-con-inner\">\n\t\t<div class=\"elementor-element elementor-element-2b6d312 e-con-full e-flex e-con e-child\" data-id=\"2b6d312\" data-element_type=\"container\">\n\t\t\t\t<div class=\"elementor-element elementor-element-375eba0 gradient-text elementor-widget elementor-widget-heading\" data-id=\"375eba0\" data-element_type=\"widget\" data-widget_type=\"heading.default\">\n\t\t\t\t\t<h2 class=\"elementor-heading-title elementor-size-default\">Trayectoria, compromiso y valores diferenciales de BS Staff<\/h2>\t\t\t\t<\/div>\n\t\t\t\t<div class=\"elementor-element elementor-element-14ecb61 elementor-widget elementor-widget-text-editor\" data-id=\"14ecb61\" data-element_type=\"widget\" data-widget_type=\"text-editor.default\">\n\t\t\t\t\t\t\t\t\t<p>BS Staff es una empresa de seguridad fundada con la vocaci\u00f3n de ofrecer soluciones de vigilancia, protecci\u00f3n y asistencia a empresas y eventos en Catalu\u00f1a, con posibilidad de servicio en todo el territorio nacional. Nuestro equipo nace de la fusi\u00f3n de profesionales experimentados en la seguridad privada que han visto la necesidad de crear una compa\u00f1\u00eda capaz de adaptarse a los cambios del sector y, sobre todo, a las demandas concretas de cada cliente.<\/p>\t\t\t\t\t\t\t\t<\/div>\n\t\t\t\t<\/div>\n\t\t<div class=\"elementor-element elementor-element-a2b6557 e-con-full e-flex e-con e-child\" data-id=\"a2b6557\" data-element_type=\"container\">\n\t\t\t\t<div class=\"elementor-element elementor-element-1ee43c1 foto-dreta elementor-widget elementor-widget-imagen_avanzada\" data-id=\"1ee43c1\" data-element_type=\"widget\" data-widget_type=\"imagen_avanzada.default\">\n\t\t\t\t<div class=\"elementor-widget-container\">\n\t\t\t\t\t<div class=\"imagen-avanzada land32\"><img decoding=\"async\" src=\"https:\/\/bsstaff.onlinevalles.club\/wp-content\/uploads\/2026\/01\/intro-bsstaff.jpg\" alt=\"\"><\/div>\t\t\t\t<\/div>\n\t\t\t\t<\/div>\n\t\t\t\t<\/div>\n\t\t\t\t\t<\/div>\n\t\t\t\t<\/div>\n\t\t<div class=\"elementor-element elementor-element-71e48ee e-grid e-con-boxed e-con e-parent\" data-id=\"71e48ee\" data-element_type=\"container\" data-settings=\"{&quot;background_background&quot;:&quot;classic&quot;}\">\n\t\t\t\t\t<div class=\"e-con-inner\">\n\t\t<div class=\"elementor-element elementor-element-de0b029 e-con-full e-flex e-con e-child\" data-id=\"de0b029\" data-element_type=\"container\">\n\t\t\t\t<div class=\"elementor-element elementor-element-c1954b8 foto-dreta elementor-widget elementor-widget-imagen_avanzada\" data-id=\"c1954b8\" data-element_type=\"widget\" data-widget_type=\"imagen_avanzada.default\">\n\t\t\t\t<div class=\"elementor-widget-container\">\n\t\t\t\t\t<div class=\"imagen-avanzada land32\"><img decoding=\"async\" src=\"https:\/\/bsstaff.onlinevalles.club\/wp-content\/uploads\/2026\/01\/imagen-destacada-92.jpeg\" alt=\"\"><\/div>\t\t\t\t<\/div>\n\t\t\t\t<\/div>\n\t\t\t\t<\/div>\n\t\t<div class=\"elementor-element elementor-element-2aa34b2 e-con-full e-flex e-con e-child\" data-id=\"2aa34b2\" data-element_type=\"container\">\n\t\t\t\t<div class=\"elementor-element elementor-element-4cbcaa2 gradient-text elementor-widget elementor-widget-heading\" data-id=\"4cbcaa2\" data-element_type=\"widget\" data-widget_type=\"heading.default\">\n\t\t\t\t\t<h2 class=\"elementor-heading-title elementor-size-default\">Experiencia contrastada y adaptabilidad como factor diferencial<\/h2>\t\t\t\t<\/div>\n\t\t\t\t<div class=\"elementor-element elementor-element-dd28c97 elementor-widget elementor-widget-text-editor\" data-id=\"dd28c97\" data-element_type=\"widget\" data-widget_type=\"text-editor.default\">\n\t\t\t\t\t\t\t\t\t<p>A lo largo de los a\u00f1os, hemos consolidado una metodolog\u00eda de trabajo que prioriza la agilidad de respuesta, la transparencia y un trato personalizado. Frente a la competencia, destacamos por la flexibilidad que nos permite ajustar servicios, horarios, recursos t\u00e9cnicos y humanos seg\u00fan el tipo de proyecto. Esto, junto con nuestra apuesta por la formaci\u00f3n continua, nos sit\u00faa como una empresa de referencia para empresas que buscan algo m\u00e1s que seguridad est\u00e1ndar.<\/p>\t\t\t\t\t\t\t\t<\/div>\n\t\t\t\t<\/div>\n\t\t\t\t\t<\/div>\n\t\t\t\t<\/div>\n\t\t<div class=\"elementor-element elementor-element-a3f068d e-grid e-con-boxed e-con e-parent\" data-id=\"a3f068d\" data-element_type=\"container\" data-settings=\"{&quot;background_background&quot;:&quot;classic&quot;}\">\n\t\t\t\t\t<div class=\"e-con-inner\">\n\t\t<div class=\"elementor-element elementor-element-23ef284 e-con-full e-flex e-con e-child\" data-id=\"23ef284\" data-element_type=\"container\">\n\t\t\t\t<div class=\"elementor-element elementor-element-fef9dd2 gradient-text elementor-widget elementor-widget-heading\" data-id=\"fef9dd2\" data-element_type=\"widget\" data-widget_type=\"heading.default\">\n\t\t\t\t\t<h2 class=\"elementor-heading-title elementor-size-default\"> Misi\u00f3n, visi\u00f3n y valores en el sector de la seguridad privada<\/h2>\t\t\t\t<\/div>\n\t\t\t\t<div class=\"elementor-element elementor-element-c9db8a2 elementor-widget elementor-widget-text-editor\" data-id=\"c9db8a2\" data-element_type=\"widget\" data-widget_type=\"text-editor.default\">\n\t\t\t\t\t\t\t\t\t<p>BS Staff es una empresa de seguridad fundada con la vocaci\u00f3n de ofrecer soluciones de vigilancia, protecci\u00f3n y asistencia a empresas y eventos en Catalu\u00f1a, con posibilidad de servicio en todo el territorio nacional. Nuestro equipo nace de la fusi\u00f3n de profesionales experimentados en la seguridad privada que han visto la necesidad de crear una compa\u00f1\u00eda capaz de adaptarse a los cambios del sector y, sobre todo, a las demandas concretas de cada cliente.<\/p>\t\t\t\t\t\t\t\t<\/div>\n\t\t\t\t<\/div>\n\t\t<div class=\"elementor-element elementor-element-d222dbc e-con-full e-flex e-con e-child\" data-id=\"d222dbc\" data-element_type=\"container\">\n\t\t\t\t<div class=\"elementor-element elementor-element-8f0a8b2 foto-dreta elementor-widget elementor-widget-imagen_avanzada\" data-id=\"8f0a8b2\" data-element_type=\"widget\" data-widget_type=\"imagen_avanzada.default\">\n\t\t\t\t<div class=\"elementor-widget-container\">\n\t\t\t\t\t<div class=\"imagen-avanzada land32\"><img decoding=\"async\" src=\"https:\/\/bsstaff.onlinevalles.club\/wp-content\/uploads\/2026\/03\/Fotos-BS-STAFF-22.jpg\" alt=\"\"><\/div>\t\t\t\t<\/div>\n\t\t\t\t<\/div>\n\t\t\t\t<\/div>\n\t\t\t\t\t<\/div>\n\t\t\t\t<\/div>\n\t\t<main class=\"elementor-element elementor-element-7ea93d5 e-con-full page-title hero-grid e-flex e-con e-parent\" data-id=\"7ea93d5\" data-element_type=\"container\" data-settings=\"{&quot;background_background&quot;:&quot;classic&quot;}\">\n\t\t<div class=\"elementor-element elementor-element-bb1a683 hero-bg e-con-full e-flex e-con e-child\" data-id=\"bb1a683\" data-element_type=\"container\">\n\t\t\t\t<\/div>\n\t\t<div class=\"elementor-element elementor-element-3bbf027 e-grid e-con-boxed e-con e-child\" data-id=\"3bbf027\" data-element_type=\"container\" data-settings=\"{&quot;background_background&quot;:&quot;classic&quot;}\">\n\t\t\t\t\t<div class=\"e-con-inner\">\n\t\t<div class=\"elementor-element elementor-element-22c8813 e-con-full e-flex e-con e-child\" data-id=\"22c8813\" data-element_type=\"container\" data-settings=\"{&quot;background_background&quot;:&quot;classic&quot;}\">\n\t\t\t\t<div class=\"elementor-element elementor-element-1812f1f elementor-widget elementor-widget-heading\" data-id=\"1812f1f\" data-element_type=\"widget\" data-widget_type=\"heading.default\">\n\t\t\t\t\t<h2 class=\"elementor-heading-title elementor-size-default\">Nuestra pol\u00edtica de calidad<\/h2>\t\t\t\t<\/div>\n\t\t<div class=\"elementor-element elementor-element-14930a9 e-con-full e-flex e-con e-child\" data-id=\"14930a9\" data-element_type=\"container\" data-settings=\"{&quot;background_background&quot;:&quot;classic&quot;}\">\n\t\t\t\t<div class=\"elementor-element elementor-element-ad09985 elementor-position-left elementor-view-default elementor-mobile-position-top elementor-widget elementor-widget-icon-box\" data-id=\"ad09985\" data-element_type=\"widget\" data-widget_type=\"icon-box.default\">\n\t\t\t\t\t\t\t<div class=\"elementor-icon-box-wrapper\">\n\n\t\t\t\t\t\t<div class=\"elementor-icon-box-icon\">\n\t\t\t\t<a href=\"https:\/\/bsstaff.onlinevalles.club\/wp-content\/uploads\/2026\/01\/politica-calidad.pdf\" target=\"_blank\" class=\"elementor-icon\" tabindex=\"-1\" aria-label=\"Documento\">\n\t\t\t\t<svg aria-hidden=\"true\" class=\"e-font-icon-svg e-far-file-alt\" viewbox=\"0 0 384 512\" xmlns=\"http:\/\/www.w3.org\/2000\/svg\"><path d=\"M288 248v28c0 6.6-5.4 12-12 12H108c-6.6 0-12-5.4-12-12v-28c0-6.6 5.4-12 12-12h168c6.6 0 12 5.4 12 12zm-12 72H108c-6.6 0-12 5.4-12 12v28c0 6.6 5.4 12 12 12h168c6.6 0 12-5.4 12-12v-28c0-6.6-5.4-12-12-12zm108-188.1V464c0 26.5-21.5 48-48 48H48c-26.5 0-48-21.5-48-48V48C0 21.5 21.5 0 48 0h204.1C264.8 0 277 5.1 286 14.1L369.9 98c9 8.9 14.1 21.2 14.1 33.9zm-128-80V128h76.1L256 51.9zM336 464V176H232c-13.3 0-24-10.7-24-24V48H48v416h288z\"><\/path><\/svg>\t\t\t\t<\/a>\n\t\t\t<\/div>\n\t\t\t\n\t\t\t\t\t\t<div class=\"elementor-icon-box-content\">\n\n\t\t\t\t\t\t\t\t\t<h3 class=\"elementor-icon-box-title\">\n\t\t\t\t\t\t<a href=\"https:\/\/bsstaff.onlinevalles.club\/wp-content\/uploads\/2026\/01\/politica-calidad.pdf\" target=\"_blank\" >\n\t\t\t\t\t\t\tDocumento\t\t\t\t\t\t<\/a>\n\t\t\t\t\t<\/h3>\n\t\t\t\t\n\t\t\t\t\t\t\t\t\t<p class=\"elementor-icon-box-description\">\n\t\t\t\t\t\tPol\u00edtica de Calidad\t\t\t\t\t<\/p>\n\t\t\t\t\n\t\t\t<\/div>\n\t\t\t\n\t\t<\/div>\n\t\t\t\t\t\t<\/div>\n\t\t\t\t<\/div>\n\t\t\t\t<\/div>\n\t\t<div class=\"elementor-element elementor-element-0cc6627 e-con-full e-flex e-con e-child\" data-id=\"0cc6627\" data-element_type=\"container\">\n\t\t\t\t<div class=\"elementor-element elementor-element-b954098 elementor-widget elementor-widget-heading\" data-id=\"b954098\" data-element_type=\"widget\" data-widget_type=\"heading.default\">\n\t\t\t\t\t<h2 class=\"elementor-heading-title elementor-size-default\">Nuestros certificados<\/h2>\t\t\t\t<\/div>\n\t\t<div class=\"elementor-element elementor-element-c03869a e-con-full e-flex e-con e-child\" data-id=\"c03869a\" data-element_type=\"container\" data-settings=\"{&quot;background_background&quot;:&quot;classic&quot;}\">\n\t\t\t\t<div class=\"elementor-element elementor-element-7671eab elementor-position-left elementor-view-default elementor-mobile-position-top elementor-widget elementor-widget-icon-box\" data-id=\"7671eab\" data-element_type=\"widget\" data-widget_type=\"icon-box.default\">\n\t\t\t\t\t\t\t<div class=\"elementor-icon-box-wrapper\">\n\n\t\t\t\t\t\t<div class=\"elementor-icon-box-icon\">\n\t\t\t\t<a href=\"https:\/\/bsstaff.onlinevalles.club\/wp-content\/uploads\/2026\/01\/formacion.pdf\" target=\"_blank\" class=\"elementor-icon\" tabindex=\"-1\" aria-label=\"Certificado\">\n\t\t\t\t<svg aria-hidden=\"true\" class=\"e-font-icon-svg e-far-file-alt\" viewbox=\"0 0 384 512\" xmlns=\"http:\/\/www.w3.org\/2000\/svg\"><path d=\"M288 248v28c0 6.6-5.4 12-12 12H108c-6.6 0-12-5.4-12-12v-28c0-6.6 5.4-12 12-12h168c6.6 0 12 5.4 12 12zm-12 72H108c-6.6 0-12 5.4-12 12v28c0 6.6 5.4 12 12 12h168c6.6 0 12-5.4 12-12v-28c0-6.6-5.4-12-12-12zm108-188.1V464c0 26.5-21.5 48-48 48H48c-26.5 0-48-21.5-48-48V48C0 21.5 21.5 0 48 0h204.1C264.8 0 277 5.1 286 14.1L369.9 98c9 8.9 14.1 21.2 14.1 33.9zm-128-80V128h76.1L256 51.9zM336 464V176H232c-13.3 0-24-10.7-24-24V48H48v416h288z\"><\/path><\/svg>\t\t\t\t<\/a>\n\t\t\t<\/div>\n\t\t\t\n\t\t\t\t\t\t<div class=\"elementor-icon-box-content\">\n\n\t\t\t\t\t\t\t\t\t<h3 class=\"elementor-icon-box-title\">\n\t\t\t\t\t\t<a href=\"https:\/\/bsstaff.onlinevalles.club\/wp-content\/uploads\/2026\/01\/formacion.pdf\" target=\"_blank\" >\n\t\t\t\t\t\t\tCertificado\t\t\t\t\t\t<\/a>\n\t\t\t\t\t<\/h3>\n\t\t\t\t\n\t\t\t\t\t\t\t\t\t<p class=\"elementor-icon-box-description\">\n\t\t\t\t\t\tFormaci\u00f3n Empleados\t\t\t\t\t<\/p>\n\t\t\t\t\n\t\t\t<\/div>\n\t\t\t\n\t\t<\/div>\n\t\t\t\t\t\t<\/div>\n\t\t\t\t<\/div>\n\t\t<div class=\"elementor-element elementor-element-a4282ea e-con-full e-flex e-con e-child\" data-id=\"a4282ea\" data-element_type=\"container\" data-settings=\"{&quot;background_background&quot;:&quot;classic&quot;}\">\n\t\t\t\t<div class=\"elementor-element elementor-element-31ec0ce elementor-position-left elementor-view-default elementor-mobile-position-top elementor-widget elementor-widget-icon-box\" data-id=\"31ec0ce\" data-element_type=\"widget\" data-widget_type=\"icon-box.default\">\n\t\t\t\t\t\t\t<div class=\"elementor-icon-box-wrapper\">\n\n\t\t\t\t\t\t<div class=\"elementor-icon-box-icon\">\n\t\t\t\t<a href=\"https:\/\/bsstaff.onlinevalles.club\/wp-content\/uploads\/2026\/01\/registro.pdf\" target=\"_blank\" class=\"elementor-icon\" tabindex=\"-1\" aria-label=\"Registro\">\n\t\t\t\t<svg aria-hidden=\"true\" class=\"e-font-icon-svg e-far-file-alt\" viewbox=\"0 0 384 512\" xmlns=\"http:\/\/www.w3.org\/2000\/svg\"><path d=\"M288 248v28c0 6.6-5.4 12-12 12H108c-6.6 0-12-5.4-12-12v-28c0-6.6 5.4-12 12-12h168c6.6 0 12 5.4 12 12zm-12 72H108c-6.6 0-12 5.4-12 12v28c0 6.6 5.4 12 12 12h168c6.6 0 12-5.4 12-12v-28c0-6.6-5.4-12-12-12zm108-188.1V464c0 26.5-21.5 48-48 48H48c-26.5 0-48-21.5-48-48V48C0 21.5 21.5 0 48 0h204.1C264.8 0 277 5.1 286 14.1L369.9 98c9 8.9 14.1 21.2 14.1 33.9zm-128-80V128h76.1L256 51.9zM336 464V176H232c-13.3 0-24-10.7-24-24V48H48v416h288z\"><\/path><\/svg>\t\t\t\t<\/a>\n\t\t\t<\/div>\n\t\t\t\n\t\t\t\t\t\t<div class=\"elementor-icon-box-content\">\n\n\t\t\t\t\t\t\t\t\t<h3 class=\"elementor-icon-box-title\">\n\t\t\t\t\t\t<a href=\"https:\/\/bsstaff.onlinevalles.club\/wp-content\/uploads\/2026\/01\/registro.pdf\" target=\"_blank\" >\n\t\t\t\t\t\t\tRegistro\t\t\t\t\t\t<\/a>\n\t\t\t\t\t<\/h3>\n\t\t\t\t\n\t\t\t\t\t\t\t\t\t<p class=\"elementor-icon-box-description\">\n\t\t\t\t\t\tEmpresas Licitadoras\t\t\t\t\t<\/p>\n\t\t\t\t\n\t\t\t<\/div>\n\t\t\t\n\t\t<\/div>\n\t\t\t\t\t\t<\/div>\n\t\t\t\t<\/div>\n\t\t\t\t<\/div>\n\t\t\t\t\t<\/div>\n\t\t\t\t<\/div>\n\t\t\t\t<\/main>\n\t\t\t\t<\/div>","protected":false},"excerpt":{"rendered":"<p>Nuestra historia y equipo de expertos en seguridad privada en Catalu\u00f1a Inicio Trayectoria, compromiso y valores diferenciales de BS Staff BS Staff es una empresa de seguridad fundada con la vocaci\u00f3n de ofrecer soluciones de vigilancia, protecci\u00f3n y asistencia a empresas y eventos en Catalu\u00f1a, con posibilidad de servicio en todo el territorio nacional. Nuestro [&hellip;]<\/p>","protected":false},"author":2,"featured_media":0,"parent":0,"menu_order":0,"comment_status":"closed","ping_status":"closed","template":"","meta":{"_acf_changed":false,"footnotes":""},"class_list":["post-2065","page","type-page","status-publish","hentry"],"acf":[],"_links":{"self":[{"href":"https:\/\/bsstaff.onlinevalles.club\/ca\/wp-json\/wp\/v2\/pages\/2065","targetHints":{"allow":["GET"]}}],"collection":[{"href":"https:\/\/bsstaff.onlinevalles.club\/ca\/wp-json\/wp\/v2\/pages"}],"about":[{"href":"https:\/\/bsstaff.onlinevalles.club\/ca\/wp-json\/wp\/v2\/types\/page"}],"author":[{"embeddable":true,"href":"https:\/\/bsstaff.onlinevalles.club\/ca\/wp-json\/wp\/v2\/users\/2"}],"replies":[{"embeddable":true,"href":"https:\/\/bsstaff.onlinevalles.club\/ca\/wp-json\/wp\/v2\/comments?post=2065"}],"version-history":[{"count":15,"href":"https:\/\/bsstaff.onlinevalles.club\/ca\/wp-json\/wp\/v2\/pages\/2065\/revisions"}],"predecessor-version":[{"id":3884,"href":"https:\/\/bsstaff.onlinevalles.club\/ca\/wp-json\/wp\/v2\/pages\/2065\/revisions\/3884"}],"wp:attachment":[{"href":"https:\/\/bsstaff.onlinevalles.club\/ca\/wp-json\/wp\/v2\/media?parent=2065"}],"curies":[{"name":"wp","href":"https:\/\/api.w.org\/{rel}","templated":true}]}}