{"id":2071,"date":"2025-12-24T11:44:34","date_gmt":"2025-12-24T11:44:34","guid":{"rendered":"https:\/\/bsstaff.onlinevalles.club\/?page_id=2071"},"modified":"2026-03-19T09:39:06","modified_gmt":"2026-03-19T09:39:06","slug":"vigilancia-y-seguridad-en-instalaciones","status":"publish","type":"page","link":"https:\/\/bsstaff.onlinevalles.club\/ca\/servicios-de-vigilancia-y-seguridad\/vigilancia-y-seguridad-en-instalaciones\/","title":{"rendered":"Vigil\u00e0ncia i seguretat en instal\u00b7lacions"},"content":{"rendered":"<div data-elementor-type=\"wp-page\" data-elementor-id=\"2071\" class=\"elementor elementor-2071\" data-elementor-post-type=\"page\">\n\t\t\t\t<main class=\"elementor-element elementor-element-fa02706 e-con-full page-title hero-grid e-flex e-con e-parent\" data-id=\"fa02706\" data-element_type=\"container\" data-settings=\"{&quot;background_background&quot;:&quot;classic&quot;}\">\n\t\t<div class=\"elementor-element elementor-element-902268c hero-bg e-con-full e-flex e-con e-child\" data-id=\"902268c\" data-element_type=\"container\">\n\t\t\t\t<\/div>\n\t\t<div class=\"elementor-element elementor-element-d008d36 e-flex e-con-boxed e-con e-child\" data-id=\"d008d36\" data-element_type=\"container\">\n\t\t\t\t\t<div class=\"e-con-inner\">\n\t\t<div class=\"elementor-element elementor-element-fa5c5ba e-con-full e-flex e-con e-child\" data-id=\"fa5c5ba\" data-element_type=\"container\" data-settings=\"{&quot;background_background&quot;:&quot;classic&quot;}\">\n\t\t\t\t<div class=\"elementor-element elementor-element-3ec68e2 animated-slow elementor-widget elementor-widget-heading\" data-id=\"3ec68e2\" data-element_type=\"widget\" data-settings=\"{&quot;_animation&quot;:&quot;none&quot;,&quot;_animation_delay&quot;:50}\" data-widget_type=\"heading.default\">\n\t\t\t\t\t<h1 class=\"elementor-heading-title elementor-size-default\">Vigil\u00e0ncia i seguretat en instal\u00b7lacions <br>\nde empresa en Catalu\u00f1a<\/h1>\t\t\t\t<\/div>\n\t\t\t\t<div class=\"elementor-element elementor-element-e78cc41 elementor-widget elementor-widget-eloi_breadcrumb\" data-id=\"e78cc41\" data-element_type=\"widget\" data-widget_type=\"eloi_breadcrumb.default\">\n\t\t\t\t<div class=\"elementor-widget-container\">\n\t\t\t\t\t<nav class=\"breadcrumb\" aria-label=\"breadcrumb\"><a href=\"https:\/\/bsstaff.onlinevalles.club\/ca\">Inici<\/a><\/nav>\t\t\t\t<\/div>\n\t\t\t\t<\/div>\n\t\t\t\t<\/div>\n\t\t\t\t\t<\/div>\n\t\t\t\t<\/div>\n\t\t\t\t<\/main>\n\t\t<div class=\"elementor-element elementor-element-735d56b e-grid e-con-boxed e-con e-parent\" data-id=\"735d56b\" data-element_type=\"container\">\n\t\t\t\t\t<div class=\"e-con-inner\">\n\t\t<div class=\"elementor-element elementor-element-7b5f85a e-con-full e-flex e-con e-child\" data-id=\"7b5f85a\" data-element_type=\"container\">\n\t\t\t\t<div class=\"elementor-element elementor-element-ffe065e gradient-text elementor-widget elementor-widget-heading\" data-id=\"ffe065e\" data-element_type=\"widget\" data-widget_type=\"heading.default\">\n\t\t\t\t\t<h2 class=\"elementor-heading-title elementor-size-default\">Protecci\u00f3n completa de edificios, naves industriales y sedes corporativas<\/h2>\t\t\t\t<\/div>\n\t\t\t\t<div class=\"elementor-element elementor-element-dc5338b post-content elementor-widget elementor-widget-text-editor\" data-id=\"dc5338b\" data-element_type=\"widget\" data-widget_type=\"text-editor.default\">\n\t\t\t\t\t\t\t\t\t<p><strong>Garantizar la seguridad en cualquier tipo de instalaci\u00f3n empresarial es el n\u00facleo de cualquier estrategia preventiva.<\/strong><\/p><p>En BS Staff dise\u00f1amos servicios de vigilancia y seguridad para oficinas, naves industriales, centros log\u00edsticos, edificios administrativos y cualquier espacio que precie de control profesional. Nuestro trabajo consiste en asegurar la protecci\u00f3n de personas y bienes, <strong>minimizar riesgos y ofrecer la tranquilidad que su empresa necesita para funcionar sin contratiempos<\/strong>.<\/p>\t\t\t\t\t\t\t\t<\/div>\n\t\t\t\t<\/div>\n\t\t<div class=\"elementor-element elementor-element-de092ff e-flex e-con-boxed e-con e-child\" data-id=\"de092ff\" data-element_type=\"container\">\n\t\t\t\t\t<div class=\"e-con-inner\">\n\t\t\t\t<div class=\"elementor-element elementor-element-3b75de7 foto-dreta elementor-widget elementor-widget-imagen_avanzada\" data-id=\"3b75de7\" data-element_type=\"widget\" data-widget_type=\"imagen_avanzada.default\">\n\t\t\t\t<div class=\"elementor-widget-container\">\n\t\t\t\t\t<div class=\"imagen-avanzada land32\"><img decoding=\"async\" src=\"https:\/\/bsstaff.onlinevalles.club\/wp-content\/uploads\/2026\/03\/Fotos-BS-STAFF-117.jpg\" alt=\"\"><\/div>\t\t\t\t<\/div>\n\t\t\t\t<\/div>\n\t\t\t\t\t<\/div>\n\t\t\t\t<\/div>\n\t\t\t\t\t<\/div>\n\t\t\t\t<\/div>\n\t\t<div class=\"elementor-element elementor-element-c46e183 e-con-full cta-cards hero-grid e-flex e-con e-parent\" data-id=\"c46e183\" data-element_type=\"container\">\n\t\t<div class=\"elementor-element elementor-element-68c1333 e-grid e-con-boxed e-con e-child\" data-id=\"68c1333\" data-element_type=\"container\" data-settings=\"{&quot;background_background&quot;:&quot;classic&quot;}\">\n\t\t\t\t\t<div class=\"e-con-inner\">\n\t\t<div class=\"elementor-element elementor-element-151e759 e-con-full e-flex e-con e-child\" data-id=\"151e759\" data-element_type=\"container\">\n\t\t\t\t<div class=\"elementor-element elementor-element-53b9905 gradient-text elementor-widget elementor-widget-heading\" data-id=\"53b9905\" data-element_type=\"widget\" data-widget_type=\"heading.default\">\n\t\t\t\t\t<h2 class=\"elementor-heading-title elementor-size-default\">Metodolog\u00eda preventiva y vigilancia activa adaptada a cada cliente<\/h2>\t\t\t\t<\/div>\n\t\t\t\t<\/div>\n\t\t<div class=\"elementor-element elementor-element-60b9cc4 e-con-full e-flex e-con e-child\" data-id=\"60b9cc4\" data-element_type=\"container\">\n\t\t\t\t<div class=\"elementor-element elementor-element-45b4fce elementor-widget elementor-widget-text-editor\" data-id=\"45b4fce\" data-element_type=\"widget\" data-widget_type=\"text-editor.default\">\n\t\t\t\t\t\t\t\t\t<p><strong>Nuestro enfoque se adapta al perfil de cada instalaci\u00f3n<\/strong>.<\/p><p>Los vigilantes de seguridad realizan rondas presenciales, monitorizan c\u00e1maras, gestionan el acceso de visitantes y controlan posibles incidentes en tiempo real. Trabajamos en coordinaci\u00f3n con los responsables del cliente para definir <strong>protocolos espec\u00edficos seg\u00fan los puntos cr\u00edticos detectados<\/strong>.<\/p>\t\t\t\t\t\t\t\t<\/div>\n\t\t\t\t<\/div>\n\t\t\t\t\t<\/div>\n\t\t\t\t<\/div>\n\t\t<div class=\"elementor-element elementor-element-f912c29 e-grid e-con-boxed e-con e-child\" data-id=\"f912c29\" data-element_type=\"container\" data-settings=\"{&quot;background_background&quot;:&quot;classic&quot;}\">\n\t\t\t\t\t<div class=\"e-con-inner\">\n\t\t<div class=\"elementor-element elementor-element-eae1c5c e-con-full e-flex e-con e-child\" data-id=\"eae1c5c\" data-element_type=\"container\" data-settings=\"{&quot;background_background&quot;:&quot;classic&quot;}\">\n\t\t<div class=\"elementor-element elementor-element-0bf9363 e-con-full e-flex elementor-invisible e-con e-child\" data-id=\"0bf9363\" data-element_type=\"container\" data-settings=\"{&quot;animation&quot;:&quot;fadeIn&quot;,&quot;background_background&quot;:&quot;classic&quot;}\">\n\t\t\t\t<div class=\"elementor-element elementor-element-a255507 icon-servicios elementor-widget elementor-widget-imagen_avanzada\" data-id=\"a255507\" data-element_type=\"widget\" data-widget_type=\"imagen_avanzada.default\">\n\t\t\t\t<div class=\"elementor-widget-container\">\n\t\t\t\t\t<div class=\"imagen-avanzada square\"><img decoding=\"async\" src=\"https:\/\/bsstaff.onlinevalles.club\/wp-content\/uploads\/2026\/03\/i-vivgilancia.png\" alt=\"\"><\/div>\t\t\t\t<\/div>\n\t\t\t\t<\/div>\n\t\t\t\t<div class=\"elementor-element elementor-element-007d2e4 elementor-widget elementor-widget-heading\" data-id=\"007d2e4\" data-element_type=\"widget\" data-widget_type=\"heading.default\">\n\t\t\t\t\t<h3 class=\"elementor-heading-title elementor-size-default\">Rondas de vigilancia peri\u00f3dicas y revisi\u00f3n de sistemas electr\u00f3nicos de seguridad.<\/h3>\t\t\t\t<\/div>\n\t\t\t\t<\/div>\n\t\t\t\t<\/div>\n\t\t<div class=\"elementor-element elementor-element-dc5cdae e-con-full e-flex e-con e-child\" data-id=\"dc5cdae\" data-element_type=\"container\" data-settings=\"{&quot;background_background&quot;:&quot;classic&quot;}\">\n\t\t<div class=\"elementor-element elementor-element-e080f7e e-con-full e-flex elementor-invisible e-con e-child\" data-id=\"e080f7e\" data-element_type=\"container\" data-settings=\"{&quot;animation&quot;:&quot;fadeIn&quot;}\">\n\t\t\t\t<div class=\"elementor-element elementor-element-31aae45 icon-servicios elementor-widget elementor-widget-imagen_avanzada\" data-id=\"31aae45\" data-element_type=\"widget\" data-widget_type=\"imagen_avanzada.default\">\n\t\t\t\t<div class=\"elementor-widget-container\">\n\t\t\t\t\t<div class=\"imagen-avanzada square\"><img decoding=\"async\" src=\"https:\/\/bsstaff.onlinevalles.club\/wp-content\/uploads\/2026\/03\/i-control.png\" alt=\"\"><\/div>\t\t\t\t<\/div>\n\t\t\t\t<\/div>\n\t\t\t\t<div class=\"elementor-element elementor-element-c07bd84 elementor-widget elementor-widget-heading\" data-id=\"c07bd84\" data-element_type=\"widget\" data-widget_type=\"heading.default\">\n\t\t\t\t\t<h3 class=\"elementor-heading-title elementor-size-default\">Control de accesos y registro de visitas a las instalaciones.<\/h3>\t\t\t\t<\/div>\n\t\t\t\t<\/div>\n\t\t\t\t<\/div>\n\t\t<div class=\"elementor-element elementor-element-61af211 e-con-full e-flex e-con e-child\" data-id=\"61af211\" data-element_type=\"container\" data-settings=\"{&quot;background_background&quot;:&quot;classic&quot;}\">\n\t\t<div class=\"elementor-element elementor-element-5b22b77 e-con-full e-flex elementor-invisible e-con e-child\" data-id=\"5b22b77\" data-element_type=\"container\" data-settings=\"{&quot;animation&quot;:&quot;fadeIn&quot;}\">\n\t\t\t\t<div class=\"elementor-element elementor-element-5fd904b icon-servicios elementor-widget elementor-widget-imagen_avanzada\" data-id=\"5fd904b\" data-element_type=\"widget\" data-widget_type=\"imagen_avanzada.default\">\n\t\t\t\t<div class=\"elementor-widget-container\">\n\t\t\t\t\t<div class=\"imagen-avanzada square\"><img decoding=\"async\" src=\"https:\/\/bsstaff.onlinevalles.club\/wp-content\/uploads\/2026\/03\/i-super.png\" alt=\"\"><\/div>\t\t\t\t<\/div>\n\t\t\t\t<\/div>\n\t\t\t\t<div class=\"elementor-element elementor-element-a25f5e8 elementor-widget elementor-widget-heading\" data-id=\"a25f5e8\" data-element_type=\"widget\" data-widget_type=\"heading.default\">\n\t\t\t\t\t<h3 class=\"elementor-heading-title elementor-size-default\">Supervisi\u00f3n de \u00e1reas sensibles, almacenes, entradas y zonas t\u00e9cnicas.<\/h3>\t\t\t\t<\/div>\n\t\t\t\t<\/div>\n\t\t\t\t<\/div>\n\t\t<div class=\"elementor-element elementor-element-11289b0 e-con-full e-flex e-con e-child\" data-id=\"11289b0\" data-element_type=\"container\" data-settings=\"{&quot;background_background&quot;:&quot;classic&quot;}\">\n\t\t<div class=\"elementor-element elementor-element-cf42c2e e-con-full e-flex elementor-invisible e-con e-child\" data-id=\"cf42c2e\" data-element_type=\"container\" data-settings=\"{&quot;animation&quot;:&quot;fadeIn&quot;}\">\n\t\t\t\t<div class=\"elementor-element elementor-element-ba4795b icon-servicios elementor-widget elementor-widget-imagen_avanzada\" data-id=\"ba4795b\" data-element_type=\"widget\" data-widget_type=\"imagen_avanzada.default\">\n\t\t\t\t<div class=\"elementor-widget-container\">\n\t\t\t\t\t<div class=\"imagen-avanzada square\"><img decoding=\"async\" src=\"https:\/\/bsstaff.onlinevalles.club\/wp-content\/uploads\/2026\/03\/i-emerg.png\" alt=\"\"><\/div>\t\t\t\t<\/div>\n\t\t\t\t<\/div>\n\t\t\t\t<div class=\"elementor-element elementor-element-c27f799 elementor-widget elementor-widget-heading\" data-id=\"c27f799\" data-element_type=\"widget\" data-widget_type=\"heading.default\">\n\t\t\t\t\t<h3 class=\"elementor-heading-title elementor-size-default\">Respuesta r\u00e1pida ante alarmas, emergencias o cualquier incidente detectado.<\/h3>\t\t\t\t<\/div>\n\t\t\t\t<\/div>\n\t\t\t\t<\/div>\n\t\t\t\t\t<\/div>\n\t\t\t\t<\/div>\n\t\t\t\t<\/div>\n\t\t<div class=\"elementor-element elementor-element-4aeed62 e-grid hero-grid e-con-boxed e-con e-parent\" data-id=\"4aeed62\" data-element_type=\"container\">\n\t\t\t\t\t<div class=\"e-con-inner\">\n\t\t<div class=\"elementor-element elementor-element-85e9324 e-con-full e-flex e-con e-child\" data-id=\"85e9324\" data-element_type=\"container\">\n\t\t\t\t<div class=\"elementor-element elementor-element-4a852d0 gradient-text elementor-widget elementor-widget-heading\" data-id=\"4a852d0\" data-element_type=\"widget\" data-widget_type=\"heading.default\">\n\t\t\t\t\t<h2 class=\"elementor-heading-title elementor-size-default\">Servicios personalizados para todo tipo de instalaciones empresariales<\/h2>\t\t\t\t<\/div>\n\t\t\t\t<div class=\"elementor-element elementor-element-4459f31 elementor-widget elementor-widget-text-editor\" data-id=\"4459f31\" data-element_type=\"widget\" data-widget_type=\"text-editor.default\">\n\t\t\t\t\t\t\t\t\t<p><strong>Independientemente del tama\u00f1o de su empresa o el nivel de riesgo, dise\u00f1amos servicios flexibles que incluyen desde la presencia disuasoria continua hasta operaciones de alta vigilancia.<\/strong><\/p><p>Estamos especializados en instalaciones industriales, log\u00edsticas, centros tecnol\u00f3gicos, polideportivos, edificios de oficinas y espacios de coworking.<\/p><p>Nuestro equipo se encuentra permanentemente en formaci\u00f3n y cumple con todos los requisitos legales del sector de la seguridad privada, garantizando confidencialidad, profesionalidad y sentido de la responsabilidad en cada intervenci\u00f3n.<\/p>\t\t\t\t\t\t\t\t<\/div>\n\t\t\t\t<\/div>\n\t\t<div class=\"elementor-element elementor-element-5659dab e-flex e-con-boxed e-con e-child\" data-id=\"5659dab\" data-element_type=\"container\">\n\t\t\t\t\t<div class=\"e-con-inner\">\n\t\t\t\t<div class=\"elementor-element elementor-element-a8eb3f7 foto-dreta elementor-widget elementor-widget-imagen_avanzada\" data-id=\"a8eb3f7\" data-element_type=\"widget\" data-widget_type=\"imagen_avanzada.default\">\n\t\t\t\t<div class=\"elementor-widget-container\">\n\t\t\t\t\t<div class=\"imagen-avanzada land32\"><img decoding=\"async\" src=\"https:\/\/bsstaff.onlinevalles.club\/wp-content\/uploads\/2026\/03\/Fotos-BS-STAFF-93.jpg\" alt=\"\"><\/div>\t\t\t\t<\/div>\n\t\t\t\t<\/div>\n\t\t\t\t\t<\/div>\n\t\t\t\t<\/div>\n\t\t\t\t\t<\/div>\n\t\t\t\t<\/div>\n\t\t<main class=\"elementor-element elementor-element-7b32205 e-grid  hero-grid e-con-boxed e-con e-parent\" data-id=\"7b32205\" data-element_type=\"container\" data-settings=\"{&quot;background_background&quot;:&quot;classic&quot;}\">\n\t\t\t\t\t<div class=\"e-con-inner\">\n\t\t<div class=\"elementor-element elementor-element-0603b23 e-flex e-con-boxed e-con e-child\" data-id=\"0603b23\" data-element_type=\"container\">\n\t\t\t\t\t<div class=\"e-con-inner\">\n\t\t<div class=\"elementor-element elementor-element-555afe8 e-con-full e-flex e-con e-child\" data-id=\"555afe8\" data-element_type=\"container\">\n\t\t\t\t<div class=\"elementor-element elementor-element-ff28ab6 elementor-widget elementor-widget-heading\" data-id=\"ff28ab6\" data-element_type=\"widget\" data-widget_type=\"heading.default\">\n\t\t\t\t\t<h3 class=\"elementor-heading-title elementor-size-default\">\u00bfNecesita proteger sus instalaciones?\n<\/h3>\t\t\t\t<\/div>\n\t\t\t\t<div class=\"elementor-element elementor-element-9dd0821 elementor-widget__width-initial elementor-widget elementor-widget-text-editor\" data-id=\"9dd0821\" data-element_type=\"widget\" data-settings=\"{&quot;_animation&quot;:&quot;none&quot;,&quot;_animation_delay&quot;:600}\" data-widget_type=\"text-editor.default\">\n\t\t\t\t\t\t\t\t\t<p>Posa&#039;t en contacte i nosaltres t&#039;assessorem en all\u00f2 que necessitis.<\/p><p><strong>Elaborem un pressupost sense comprom\u00eds.<\/strong><\/p>\t\t\t\t\t\t\t\t<\/div>\n\t\t<div class=\"elementor-element elementor-element-1d3076b e-con-full e-flex e-con e-child\" data-id=\"1d3076b\" data-element_type=\"container\">\n\t\t\t\t<div class=\"elementor-element elementor-element-865dd13 elementor-view-stacked elementor-position-left elementor-shape-circle elementor-mobile-position-top elementor-widget elementor-widget-icon-box\" data-id=\"865dd13\" data-element_type=\"widget\" data-widget_type=\"icon-box.default\">\n\t\t\t\t\t\t\t<div class=\"elementor-icon-box-wrapper\">\n\n\t\t\t\t\t\t<div class=\"elementor-icon-box-icon\">\n\t\t\t\t<span  class=\"elementor-icon\">\n\t\t\t\t<svg aria-hidden=\"true\" class=\"e-font-icon-svg e-fas-mobile-alt\" viewbox=\"0 0 320 512\" xmlns=\"http:\/\/www.w3.org\/2000\/svg\"><path d=\"M272 0H48C21.5 0 0 21.5 0 48v416c0 26.5 21.5 48 48 48h224c26.5 0 48-21.5 48-48V48c0-26.5-21.5-48-48-48zM160 480c-17.7 0-32-14.3-32-32s14.3-32 32-32 32 14.3 32 32-14.3 32-32 32zm112-108c0 6.6-5.4 12-12 12H60c-6.6 0-12-5.4-12-12V60c0-6.6 5.4-12 12-12h200c6.6 0 12 5.4 12 12v312z\"><\/path><\/svg>\t\t\t\t<\/span>\n\t\t\t<\/div>\n\t\t\t\n\t\t\t\t\t\t<div class=\"elementor-icon-box-content\">\n\n\t\t\t\t\t\t\t\t\t<span class=\"elementor-icon-box-title\">\n\t\t\t\t\t\t<span  >\n\t\t\t\t\t\t\t<a href=\"tel:674842664\">674 842 664<\/a>\t\t\t\t\t\t<\/span>\n\t\t\t\t\t<\/span>\n\t\t\t\t\n\t\t\t\t\n\t\t\t<\/div>\n\t\t\t\n\t\t<\/div>\n\t\t\t\t\t\t<\/div>\n\t\t\t\t<div class=\"elementor-element elementor-element-5dd2ee2 elementor-view-stacked elementor-position-left elementor-shape-circle elementor-mobile-position-top elementor-widget elementor-widget-icon-box\" data-id=\"5dd2ee2\" data-element_type=\"widget\" data-widget_type=\"icon-box.default\">\n\t\t\t\t\t\t\t<div class=\"elementor-icon-box-wrapper\">\n\n\t\t\t\t\t\t<div class=\"elementor-icon-box-icon\">\n\t\t\t\t<span  class=\"elementor-icon\">\n\t\t\t\t<svg aria-hidden=\"true\" class=\"e-font-icon-svg e-fas-phone-alt\" viewbox=\"0 0 512 512\" xmlns=\"http:\/\/www.w3.org\/2000\/svg\"><path d=\"M497.39 361.8l-112-48a24 24 0 0 0-28 6.9l-49.6 60.6A370.66 370.66 0 0 1 130.6 204.11l60.6-49.6a23.94 23.94 0 0 0 6.9-28l-48-112A24.16 24.16 0 0 0 122.6.61l-104 24A24 24 0 0 0 0 48c0 256.5 207.9 464 464 464a24 24 0 0 0 23.4-18.6l24-104a24.29 24.29 0 0 0-14.01-27.6z\"><\/path><\/svg>\t\t\t\t<\/span>\n\t\t\t<\/div>\n\t\t\t\n\t\t\t\t\t\t<div class=\"elementor-icon-box-content\">\n\n\t\t\t\t\t\t\t\t\t<span class=\"elementor-icon-box-title\">\n\t\t\t\t\t\t<span  >\n\t\t\t\t\t\t\t<a href=\"tel:934460919\">934 460 919<\/a>\t\t\t\t\t\t<\/span>\n\t\t\t\t\t<\/span>\n\t\t\t\t\n\t\t\t\t\n\t\t\t<\/div>\n\t\t\t\n\t\t<\/div>\n\t\t\t\t\t\t<\/div>\n\t\t\t\t<\/div>\n\t\t\t\t<\/div>\n\t\t\t\t\t<\/div>\n\t\t\t\t<\/div>\n\t\t<div class=\"elementor-element elementor-element-393ae25 e-con-full e-flex e-con e-child\" data-id=\"393ae25\" data-element_type=\"container\" data-settings=\"{&quot;background_background&quot;:&quot;classic&quot;}\">\n\t\t\t\t<div class=\"elementor-element elementor-element-07b87c9 elementor-widget elementor-widget-shortcode\" data-id=\"07b87c9\" data-element_type=\"widget\" data-widget_type=\"shortcode.default\">\n\t\t\t\t\t\t\t<div class=\"elementor-shortcode\">\n<div class=\"wpcf7 no-js\" id=\"wpcf7-f357-o1\" lang=\"es-ES\" dir=\"ltr\" data-wpcf7-id=\"357\">\n<div class=\"screen-reader-response\"><p role=\"status\" aria-live=\"polite\" aria-atomic=\"true\"><\/p> <ul><\/ul><\/div>\n<form action=\"\/ca\/wp-json\/wp\/v2\/pages\/2071#wpcf7-f357-o1\" method=\"post\" class=\"wpcf7-form init\" aria-label=\"Formulario de contacto\" novalidate=\"novalidate\" data-status=\"init\" data-trp-original-action=\"\/ca\/wp-json\/wp\/v2\/pages\/2071#wpcf7-f357-o1\">\n<fieldset class=\"hidden-fields-container\"><input type=\"hidden\" name=\"_wpcf7\" value=\"357\" \/><input type=\"hidden\" name=\"_wpcf7_version\" value=\"6.1.4\" \/><input type=\"hidden\" name=\"_wpcf7_locale\" value=\"es_ES\" \/><input type=\"hidden\" name=\"_wpcf7_unit_tag\" value=\"wpcf7-f357-o1\" \/><input type=\"hidden\" name=\"_wpcf7_container_post\" value=\"0\" \/><input type=\"hidden\" name=\"_wpcf7_posted_data_hash\" value=\"\" \/>\n<\/fieldset>\n<div class=\"formulari contacte\">\n\t<div class=\"formulari-row\">\n\t\t<div class=\"formulari-col\">\n\t\t\t<p><label class=\"form-group\"><span class=\"label\">Nom *<\/span><span class=\"wpcf7-form-control-wrap\" data-name=\"your-name\"><input size=\"40\" maxlength=\"400\" class=\"wpcf7-form-control wpcf7-text wpcf7-validates-as-required form-input\" aria-required=\"true\" aria-invalid=\"false\" placeholder=\"Nom*\" value=\"\" type=\"text\" name=\"your-name\" \/><\/span> <\/label>\n\t\t\t<\/p>\n\t\t<\/div>\n\t\t<div class=\"formulari-col\">\n\t\t\t<p><label class=\"form-group\"><span class=\"label\">Tel\u00e8fon *<\/span><span class=\"wpcf7-form-control-wrap\" data-name=\"Phone\"><input size=\"40\" maxlength=\"400\" class=\"wpcf7-form-control wpcf7-tel wpcf7-text wpcf7-validates-as-tel form-input\" aria-invalid=\"false\" placeholder=\"Tel\u00e8fon *\" value=\"\" type=\"tel\" name=\"Phone\" \/><\/span> <\/label>\n\t\t\t<\/p>\n\t\t<\/div>\n\t\t<div class=\"formulari-col-2\">\n\t\t\t<p><label class=\"form-group\"><span class=\"label\">Email *<\/span><span class=\"wpcf7-form-control-wrap\" data-name=\"your-email\"><input size=\"40\" maxlength=\"400\" class=\"wpcf7-form-control wpcf7-email wpcf7-validates-as-required wpcf7-text wpcf7-validates-as-email form-input\" aria-required=\"true\" aria-invalid=\"false\" placeholder=\"Email *\" value=\"\" type=\"email\" name=\"your-email\" \/><\/span> <\/label>\n\t\t\t<\/p>\n\t\t<\/div>\n\t<\/div>\n\t<p><label class=\"form-textarea\"><span class=\"label\">Consulta<\/span><span class=\"wpcf7-form-control-wrap\" data-name=\"your-message\"><textarea cols=\"40\" rows=\"6\" maxlength=\"2000\" class=\"wpcf7-form-control wpcf7-textarea form-textarea\" aria-invalid=\"false\" placeholder=\"Vull informaci\u00f3 sobre...\" name=\"your-message\"><\/textarea><\/span><\/label>\n\t<\/p>\n\t<p class=\"drets\">Com a responsables del tractament tractarem les vostres dades amb la finalitat d&#039;enviar-vos informaci\u00f3 i novetats comercials sobre els nostres serveis. Pots accedir, rectificar i suprimir les teves dades, aix\u00ed com exercir altres drets, consultant la informaci\u00f3 addicional i detallada sobre protecci\u00f3 de dades a la nostra <a href=\"\/ca\/politica-de-privacidad\/\">Pol\u00edtica de Privadesa<\/a>.\n\t<\/p>\n\t<p class=\"drets\"><span class=\"wpcf7-form-control-wrap\" data-name=\"acceptance-btn\"><span class=\"wpcf7-form-control wpcf7-acceptance\"><span class=\"wpcf7-list-item\"><label><input type=\"checkbox\" name=\"acceptance-btn\" value=\"1\" aria-invalid=\"false\" \/><span class=\"wpcf7-list-item-label\">Entenc i accepto la <a href=\"\/ca\/politica-de-privacidad\/\">pol\u00edtica de privadesa<\/a>.<\/span><\/label><\/span><\/span><\/span>\n\t<\/p>\n\t<div class=\"enviar\">\n\t\t<p><input class=\"wpcf7-form-control wpcf7-submit has-spinner form-btn\" type=\"submit\" value=\"Solicitar presupuesto\" \/>\n\t\t<\/p>\n\t<\/div>\n<\/div><div class=\"wpcf7-response-output\" aria-hidden=\"true\"><\/div>\n<input type=\"hidden\" name=\"trp-form-language\" value=\"ca\"\/><\/form>\n<\/div>\n<\/div>\n\t\t\t\t\t\t<\/div>\n\t\t\t\t<\/div>\n\t\t\t\t\t<\/div>\n\t\t\t\t<\/main>\n\t\t\t\t<\/div>","protected":false},"excerpt":{"rendered":"<p>Vigilancia y seguridad en instalaciones de empresa en Catalu\u00f1a Inicio Protecci\u00f3n completa de edificios, naves industriales y sedes corporativas Garantizar la seguridad en cualquier tipo de instalaci\u00f3n empresarial es el n\u00facleo de cualquier estrategia preventiva. En BS Staff dise\u00f1amos servicios de vigilancia y seguridad para oficinas, naves industriales, centros log\u00edsticos, edificios administrativos y cualquier espacio [&hellip;]<\/p>","protected":false},"author":2,"featured_media":0,"parent":2066,"menu_order":0,"comment_status":"closed","ping_status":"closed","template":"","meta":{"_acf_changed":false,"footnotes":""},"class_list":["post-2071","page","type-page","status-publish","hentry"],"acf":[],"_links":{"self":[{"href":"https:\/\/bsstaff.onlinevalles.club\/ca\/wp-json\/wp\/v2\/pages\/2071","targetHints":{"allow":["GET"]}}],"collection":[{"href":"https:\/\/bsstaff.onlinevalles.club\/ca\/wp-json\/wp\/v2\/pages"}],"about":[{"href":"https:\/\/bsstaff.onlinevalles.club\/ca\/wp-json\/wp\/v2\/types\/page"}],"author":[{"embeddable":true,"href":"https:\/\/bsstaff.onlinevalles.club\/ca\/wp-json\/wp\/v2\/users\/2"}],"replies":[{"embeddable":true,"href":"https:\/\/bsstaff.onlinevalles.club\/ca\/wp-json\/wp\/v2\/comments?post=2071"}],"version-history":[{"count":15,"href":"https:\/\/bsstaff.onlinevalles.club\/ca\/wp-json\/wp\/v2\/pages\/2071\/revisions"}],"predecessor-version":[{"id":4022,"href":"https:\/\/bsstaff.onlinevalles.club\/ca\/wp-json\/wp\/v2\/pages\/2071\/revisions\/4022"}],"up":[{"embeddable":true,"href":"https:\/\/bsstaff.onlinevalles.club\/ca\/wp-json\/wp\/v2\/pages\/2066"}],"wp:attachment":[{"href":"https:\/\/bsstaff.onlinevalles.club\/ca\/wp-json\/wp\/v2\/media?parent=2071"}],"curies":[{"name":"wp","href":"https:\/\/api.w.org\/{rel}","templated":true}]}}