{"id":2085,"date":"2025-12-24T11:47:20","date_gmt":"2025-12-24T11:47:20","guid":{"rendered":"https:\/\/bsstaff.onlinevalles.club\/?page_id=2085"},"modified":"2026-03-19T10:30:43","modified_gmt":"2026-03-19T10:30:43","slug":"personal-auxiliar-industrial","status":"publish","type":"page","link":"https:\/\/bsstaff.onlinevalles.club\/ca\/servicios-auxiliares-de-seguridad\/personal-auxiliar-industrial\/","title":{"rendered":"Personal auxiliar industrial"},"content":{"rendered":"<div data-elementor-type=\"wp-page\" data-elementor-id=\"2085\" class=\"elementor elementor-2085\" data-elementor-post-type=\"page\">\n\t\t\t\t<main class=\"elementor-element elementor-element-2ba4ae5 page-title hero-grid e-con-full e-flex e-con e-parent\" data-id=\"2ba4ae5\" data-element_type=\"container\" data-settings=\"{&quot;background_background&quot;:&quot;classic&quot;}\">\n\t\t<div class=\"elementor-element elementor-element-d518d2f hero-bg e-con-full e-flex e-con e-child\" data-id=\"d518d2f\" data-element_type=\"container\">\n\t\t\t\t<\/div>\n\t\t<div class=\"elementor-element elementor-element-56b63fa e-flex e-con-boxed e-con e-child\" data-id=\"56b63fa\" data-element_type=\"container\">\n\t\t\t\t\t<div class=\"e-con-inner\">\n\t\t<div class=\"elementor-element elementor-element-6022963 e-con-full e-flex e-con e-child\" data-id=\"6022963\" data-element_type=\"container\" data-settings=\"{&quot;background_background&quot;:&quot;classic&quot;}\">\n\t\t\t\t<div class=\"elementor-element elementor-element-4c0e02f animated-slow elementor-widget elementor-widget-heading\" data-id=\"4c0e02f\" data-element_type=\"widget\" data-settings=\"{&quot;_animation&quot;:&quot;none&quot;,&quot;_animation_delay&quot;:50}\" data-widget_type=\"heading.default\">\n\t\t\t\t\t<h1 class=\"elementor-heading-title elementor-size-default\">Personal auxiliar industrial y de soporte para empresas en Catalu\u00f1a<\/h1>\t\t\t\t<\/div>\n\t\t\t\t<div class=\"elementor-element elementor-element-95ca397 elementor-widget elementor-widget-eloi_breadcrumb\" data-id=\"95ca397\" data-element_type=\"widget\" data-widget_type=\"eloi_breadcrumb.default\">\n\t\t\t\t<div class=\"elementor-widget-container\">\n\t\t\t\t\t<nav class=\"breadcrumb\" aria-label=\"breadcrumb\"><a href=\"https:\/\/bsstaff.onlinevalles.club\/ca\">Inici<\/a><\/nav>\t\t\t\t<\/div>\n\t\t\t\t<\/div>\n\t\t\t\t<\/div>\n\t\t\t\t\t<\/div>\n\t\t\t\t<\/div>\n\t\t\t\t<\/main>\n\t\t<div class=\"elementor-element elementor-element-91b6283 e-grid e-con-boxed e-con e-parent\" data-id=\"91b6283\" data-element_type=\"container\" data-settings=\"{&quot;background_background&quot;:&quot;classic&quot;}\">\n\t\t\t\t\t<div class=\"e-con-inner\">\n\t\t<div class=\"elementor-element elementor-element-011fbd1 e-con-full e-flex e-con e-child\" data-id=\"011fbd1\" data-element_type=\"container\">\n\t\t\t\t<div class=\"elementor-element elementor-element-647eb3e gradient-text elementor-widget elementor-widget-heading\" data-id=\"647eb3e\" data-element_type=\"widget\" data-widget_type=\"heading.default\">\n\t\t\t\t\t<h2 class=\"elementor-heading-title elementor-size-default\">Soluciones flexibles para la industria, log\u00edstica y empresas de servicios<\/h2>\t\t\t\t<\/div>\n\t\t\t\t<div class=\"elementor-element elementor-element-3c300ab post-content elementor-widget elementor-widget-text-editor\" data-id=\"3c300ab\" data-element_type=\"widget\" data-widget_type=\"text-editor.default\">\n\t\t\t\t\t\t\t\t\t<p>L\u00b4entorn industrial i log\u00edstic requereix personal auxiliar preparat per adaptar-se a ritmes de treball exigents, processos productius canviants i alts est\u00e0ndards de seguretat.<\/p><p>Nuestros auxiliares industriales prestan apoyo en tareas de supervisi\u00f3n, control y asistencia, contribuyendo a que los procesos se desarrollen con normalidad y permitiendo que el personal propio se concentre en funciones estrat\u00e9gicas y de mayor valor a\u00f1adido.<\/p>\t\t\t\t\t\t\t\t<\/div>\n\t\t\t\t<\/div>\n\t\t<div class=\"elementor-element elementor-element-1c4c508 e-flex e-con-boxed e-con e-child\" data-id=\"1c4c508\" data-element_type=\"container\">\n\t\t\t\t\t<div class=\"e-con-inner\">\n\t\t\t\t<div class=\"elementor-element elementor-element-e75332a foto-dreta elementor-widget elementor-widget-imagen_avanzada\" data-id=\"e75332a\" data-element_type=\"widget\" data-widget_type=\"imagen_avanzada.default\">\n\t\t\t\t<div class=\"elementor-widget-container\">\n\t\t\t\t\t<div class=\"imagen-avanzada land32\"><img decoding=\"async\" src=\"https:\/\/bsstaff.onlinevalles.club\/wp-content\/uploads\/2026\/01\/industria2.webp\" alt=\"\"><\/div>\t\t\t\t<\/div>\n\t\t\t\t<\/div>\n\t\t\t\t\t<\/div>\n\t\t\t\t<\/div>\n\t\t\t\t\t<\/div>\n\t\t\t\t<\/div>\n\t\t<div class=\"elementor-element elementor-element-b0ca1d8 e-con-full cta-cards e-flex e-con e-parent\" data-id=\"b0ca1d8\" data-element_type=\"container\">\n\t\t<div class=\"elementor-element elementor-element-546fdbd e-grid e-con-boxed e-con e-child\" data-id=\"546fdbd\" data-element_type=\"container\" data-settings=\"{&quot;background_background&quot;:&quot;classic&quot;}\">\n\t\t\t\t\t<div class=\"e-con-inner\">\n\t\t<div class=\"elementor-element elementor-element-a1a0668 e-con-full e-flex e-con e-child\" data-id=\"a1a0668\" data-element_type=\"container\">\n\t\t\t\t<div class=\"elementor-element elementor-element-37dce58 elementor-widget elementor-widget-heading\" data-id=\"37dce58\" data-element_type=\"widget\" data-widget_type=\"heading.default\">\n\t\t\t\t\t<h2 class=\"elementor-heading-title elementor-size-default\">Prevenci\u00f3n, seguridad y control en entornos industriales<\/h2>\t\t\t\t<\/div>\n\t\t\t\t<\/div>\n\t\t<div class=\"elementor-element elementor-element-228fab6 e-con-full e-flex e-con e-child\" data-id=\"228fab6\" data-element_type=\"container\">\n\t\t\t\t<div class=\"elementor-element elementor-element-be36e35 elementor-widget elementor-widget-text-editor\" data-id=\"be36e35\" data-element_type=\"widget\" data-widget_type=\"text-editor.default\">\n\t\t\t\t\t\t\t\t\t<p><strong>La seguridad es un elemento clave en cualquier entorno industrial.<\/strong><\/p><p>Por ello, nuestro personal auxiliar recibe formaci\u00f3n espec\u00edfica en prevenci\u00f3n de riesgos laborales, protocolos de seguridad y actuaci\u00f3n ante situaciones de emergencia. Entre los servicios ofrecidos, destacan:<\/p>\t\t\t\t\t\t\t\t<\/div>\n\t\t\t\t<\/div>\n\t\t\t\t\t<\/div>\n\t\t\t\t<\/div>\n\t\t<div class=\"elementor-element elementor-element-2c8fcd6 e-grid e-con-boxed e-con e-child\" data-id=\"2c8fcd6\" data-element_type=\"container\" data-settings=\"{&quot;background_background&quot;:&quot;classic&quot;}\">\n\t\t\t\t\t<div class=\"e-con-inner\">\n\t\t<div class=\"elementor-element elementor-element-c9d5eab e-con-full e-flex e-con e-child\" data-id=\"c9d5eab\" data-element_type=\"container\" data-settings=\"{&quot;background_background&quot;:&quot;classic&quot;}\">\n\t\t<div class=\"elementor-element elementor-element-aa78bc9 e-con-full e-flex elementor-invisible e-con e-child\" data-id=\"aa78bc9\" data-element_type=\"container\" data-settings=\"{&quot;animation&quot;:&quot;fadeIn&quot;}\">\n\t\t\t\t<div class=\"elementor-element elementor-element-d610a16 icon-servicios elementor-widget elementor-widget-image\" data-id=\"d610a16\" data-element_type=\"widget\" data-widget_type=\"image.default\">\n\t\t\t\t\t\t\t\t\t\t\t\t\t\t\t<img fetchpriority=\"high\" decoding=\"async\" width=\"340\" height=\"340\" src=\"https:\/\/bsstaff.onlinevalles.club\/wp-content\/uploads\/2026\/03\/i-entradas.png\" class=\"attachment-large size-large wp-image-4075\" alt=\"\" srcset=\"https:\/\/bsstaff.onlinevalles.club\/wp-content\/uploads\/2026\/03\/i-entradas.png 340w, https:\/\/bsstaff.onlinevalles.club\/wp-content\/uploads\/2026\/03\/i-entradas-300x300.png 300w, https:\/\/bsstaff.onlinevalles.club\/wp-content\/uploads\/2026\/03\/i-entradas-150x150.png 150w, https:\/\/bsstaff.onlinevalles.club\/wp-content\/uploads\/2026\/03\/i-entradas-12x12.png 12w\" sizes=\"(max-width: 340px) 100vw, 340px\" \/>\t\t\t\t\t\t\t\t\t\t\t\t\t\t\t<\/div>\n\t\t\t\t<div class=\"elementor-element elementor-element-ea6ffe6 elementor-widget elementor-widget-heading\" data-id=\"ea6ffe6\" data-element_type=\"widget\" data-widget_type=\"heading.default\">\n\t\t\t\t\t<h3 class=\"elementor-heading-title elementor-size-default\">Control de tiempos y asistencia en procesos de producci\u00f3n.<\/h3>\t\t\t\t<\/div>\n\t\t\t\t<\/div>\n\t\t\t\t<\/div>\n\t\t<div class=\"elementor-element elementor-element-d038c76 e-con-full e-flex e-con e-child\" data-id=\"d038c76\" data-element_type=\"container\" data-settings=\"{&quot;background_background&quot;:&quot;classic&quot;}\">\n\t\t<div class=\"elementor-element elementor-element-139bb2e e-con-full e-flex elementor-invisible e-con e-child\" data-id=\"139bb2e\" data-element_type=\"container\" data-settings=\"{&quot;animation&quot;:&quot;fadeIn&quot;}\">\n\t\t\t\t<div class=\"elementor-element elementor-element-569b1e3 icon-servicios elementor-widget elementor-widget-image\" data-id=\"569b1e3\" data-element_type=\"widget\" data-widget_type=\"image.default\">\n\t\t\t\t\t\t\t\t\t\t\t\t\t\t\t<img decoding=\"async\" width=\"250\" height=\"250\" src=\"https:\/\/bsstaff.onlinevalles.club\/wp-content\/uploads\/2026\/03\/i-super.png\" class=\"attachment-large size-large wp-image-3641\" alt=\"\" srcset=\"https:\/\/bsstaff.onlinevalles.club\/wp-content\/uploads\/2026\/03\/i-super.png 250w, https:\/\/bsstaff.onlinevalles.club\/wp-content\/uploads\/2026\/03\/i-super-150x150.png 150w, https:\/\/bsstaff.onlinevalles.club\/wp-content\/uploads\/2026\/03\/i-super-12x12.png 12w\" sizes=\"(max-width: 250px) 100vw, 250px\" \/>\t\t\t\t\t\t\t\t\t\t\t\t\t\t\t<\/div>\n\t\t\t\t<div class=\"elementor-element elementor-element-3463b87 elementor-widget elementor-widget-heading\" data-id=\"3463b87\" data-element_type=\"widget\" data-widget_type=\"heading.default\">\n\t\t\t\t\t<h3 class=\"elementor-heading-title elementor-size-default\">Supervisi\u00f3n de almacenes y apoyo a la gesti\u00f3n log\u00edstica.<\/h3>\t\t\t\t<\/div>\n\t\t\t\t<\/div>\n\t\t\t\t<\/div>\n\t\t<div class=\"elementor-element elementor-element-d38b38c e-con-full e-flex e-con e-child\" data-id=\"d38b38c\" data-element_type=\"container\" data-settings=\"{&quot;background_background&quot;:&quot;classic&quot;}\">\n\t\t<div class=\"elementor-element elementor-element-9ce7075 e-con-full e-flex elementor-invisible e-con e-child\" data-id=\"9ce7075\" data-element_type=\"container\" data-settings=\"{&quot;animation&quot;:&quot;fadeIn&quot;}\">\n\t\t\t\t<div class=\"elementor-element elementor-element-729be27 icon-servicios elementor-widget elementor-widget-image\" data-id=\"729be27\" data-element_type=\"widget\" data-widget_type=\"image.default\">\n\t\t\t\t\t\t\t\t\t\t\t\t\t\t\t<img decoding=\"async\" width=\"340\" height=\"340\" src=\"https:\/\/bsstaff.onlinevalles.club\/wp-content\/uploads\/2026\/03\/i-c-a.png\" class=\"attachment-large size-large wp-image-4078\" alt=\"\" srcset=\"https:\/\/bsstaff.onlinevalles.club\/wp-content\/uploads\/2026\/03\/i-c-a.png 340w, https:\/\/bsstaff.onlinevalles.club\/wp-content\/uploads\/2026\/03\/i-c-a-300x300.png 300w, https:\/\/bsstaff.onlinevalles.club\/wp-content\/uploads\/2026\/03\/i-c-a-150x150.png 150w, https:\/\/bsstaff.onlinevalles.club\/wp-content\/uploads\/2026\/03\/i-c-a-12x12.png 12w\" sizes=\"(max-width: 340px) 100vw, 340px\" \/>\t\t\t\t\t\t\t\t\t\t\t\t\t\t\t<\/div>\n\t\t\t\t<div class=\"elementor-element elementor-element-c7e7564 elementor-widget elementor-widget-heading\" data-id=\"c7e7564\" data-element_type=\"widget\" data-widget_type=\"heading.default\">\n\t\t\t\t\t<h3 class=\"elementor-heading-title elementor-size-default\">Refuerzo en procesos administrativos y documentaci\u00f3n industrial.<\/h3>\t\t\t\t<\/div>\n\t\t\t\t<\/div>\n\t\t\t\t<\/div>\n\t\t<div class=\"elementor-element elementor-element-f355949 e-con-full e-flex e-con e-child\" data-id=\"f355949\" data-element_type=\"container\" data-settings=\"{&quot;background_background&quot;:&quot;classic&quot;}\">\n\t\t<div class=\"elementor-element elementor-element-befc150 e-con-full e-flex elementor-invisible e-con e-child\" data-id=\"befc150\" data-element_type=\"container\" data-settings=\"{&quot;animation&quot;:&quot;fadeIn&quot;}\">\n\t\t\t\t<div class=\"elementor-element elementor-element-1007cab icon-servicios elementor-widget elementor-widget-image\" data-id=\"1007cab\" data-element_type=\"widget\" data-widget_type=\"image.default\">\n\t\t\t\t\t\t\t\t\t\t\t\t\t\t\t<img loading=\"lazy\" decoding=\"async\" width=\"250\" height=\"250\" src=\"https:\/\/bsstaff.onlinevalles.club\/wp-content\/uploads\/2026\/03\/i-urgencias.png\" class=\"attachment-large size-large wp-image-3709\" alt=\"\" srcset=\"https:\/\/bsstaff.onlinevalles.club\/wp-content\/uploads\/2026\/03\/i-urgencias.png 250w, https:\/\/bsstaff.onlinevalles.club\/wp-content\/uploads\/2026\/03\/i-urgencias-150x150.png 150w, https:\/\/bsstaff.onlinevalles.club\/wp-content\/uploads\/2026\/03\/i-urgencias-12x12.png 12w\" sizes=\"(max-width: 250px) 100vw, 250px\" \/>\t\t\t\t\t\t\t\t\t\t\t\t\t\t\t<\/div>\n\t\t\t\t<div class=\"elementor-element elementor-element-06a7248 elementor-widget elementor-widget-heading\" data-id=\"06a7248\" data-element_type=\"widget\" data-widget_type=\"heading.default\">\n\t\t\t\t\t<h3 class=\"elementor-heading-title elementor-size-default\">Intervenci\u00f3n r\u00e1pida en emergencias o incidencias menores.<\/h3>\t\t\t\t<\/div>\n\t\t\t\t<\/div>\n\t\t\t\t<\/div>\n\t\t\t\t\t<\/div>\n\t\t\t\t<\/div>\n\t\t\t\t<\/div>\n\t\t<div class=\"elementor-element elementor-element-567d7bf e-grid e-con-boxed e-con e-parent\" data-id=\"567d7bf\" data-element_type=\"container\" data-settings=\"{&quot;background_background&quot;:&quot;classic&quot;}\">\n\t\t\t\t\t<div class=\"e-con-inner\">\n\t\t<div class=\"elementor-element elementor-element-d9e8e58 e-con-full e-flex e-con e-child\" data-id=\"d9e8e58\" data-element_type=\"container\">\n\t\t\t\t<div class=\"elementor-element elementor-element-f756eaf foto-dreta elementor-widget elementor-widget-imagen_avanzada\" data-id=\"f756eaf\" data-element_type=\"widget\" data-widget_type=\"imagen_avanzada.default\">\n\t\t\t\t<div class=\"elementor-widget-container\">\n\t\t\t\t\t<div class=\"imagen-avanzada land32\"><img decoding=\"async\" src=\"https:\/\/bsstaff.onlinevalles.club\/wp-content\/uploads\/2026\/01\/industria4.webp\" alt=\"\"><\/div>\t\t\t\t<\/div>\n\t\t\t\t<\/div>\n\t\t\t\t<\/div>\n\t\t<div class=\"elementor-element elementor-element-23db5c1 e-con-full e-flex e-con e-child\" data-id=\"23db5c1\" data-element_type=\"container\">\n\t\t\t\t<div class=\"elementor-element elementor-element-529fe90 elementor-widget elementor-widget-heading\" data-id=\"529fe90\" data-element_type=\"widget\" data-widget_type=\"heading.default\">\n\t\t\t\t\t<h2 class=\"elementor-heading-title elementor-size-default\">Servicios de apoyo para industrias y log\u00edstica con personal auxiliar experimentado<\/h2>\t\t\t\t<\/div>\n\t\t\t\t<div class=\"elementor-element elementor-element-e36a292 post-content elementor-widget elementor-widget-text-editor\" data-id=\"e36a292\" data-element_type=\"widget\" data-widget_type=\"text-editor.default\">\n\t\t\t\t\t\t\t\t\t<p>El personal auxiliar industrial de BS Staff se integra de forma efectiva en la din\u00e1mica de cada empresa, trabajando bajo las directrices de los responsables de \u00e1rea y siguiendo protocolos espec\u00edficos definidos para cada puesto. Esta coordinaci\u00f3n garantiza una ejecuci\u00f3n ordenada de las tareas y reduce el riesgo de incidencias operativas.<br \/>Nuestros servicios cubren tanto necesidades continuas como refuerzos puntuales en picos de producci\u00f3n, campa\u00f1as log\u00edsticas o sustituciones temporales.<\/p>\t\t\t\t\t\t\t\t<\/div>\n\t\t\t\t<\/div>\n\t\t\t\t\t<\/div>\n\t\t\t\t<\/div>\n\t\t<main class=\"elementor-element elementor-element-5f65412 e-grid  hero-grid e-con-boxed e-con e-parent\" data-id=\"5f65412\" data-element_type=\"container\" data-settings=\"{&quot;background_background&quot;:&quot;classic&quot;}\">\n\t\t\t\t\t<div class=\"e-con-inner\">\n\t\t<div class=\"elementor-element elementor-element-02e2ee9 e-flex e-con-boxed e-con e-child\" data-id=\"02e2ee9\" data-element_type=\"container\">\n\t\t\t\t\t<div class=\"e-con-inner\">\n\t\t<div class=\"elementor-element elementor-element-3050f2e e-con-full e-flex e-con e-child\" data-id=\"3050f2e\" data-element_type=\"container\">\n\t\t\t\t<div class=\"elementor-element elementor-element-96a8129 elementor-widget elementor-widget-heading\" data-id=\"96a8129\" data-element_type=\"widget\" data-widget_type=\"heading.default\">\n\t\t\t\t\t<h3 class=\"elementor-heading-title elementor-size-default\">\u00bfNecesita personal auxiliar industrial?\n<\/h3>\t\t\t\t<\/div>\n\t\t\t\t<div class=\"elementor-element elementor-element-76904f9 elementor-widget__width-initial elementor-widget elementor-widget-text-editor\" data-id=\"76904f9\" data-element_type=\"widget\" data-settings=\"{&quot;_animation&quot;:&quot;none&quot;,&quot;_animation_delay&quot;:600}\" data-widget_type=\"text-editor.default\">\n\t\t\t\t\t\t\t\t\t<p>Posa&#039;t en contacte i nosaltres t&#039;assessorem en all\u00f2 que necessitis.<\/p><p><strong>Elaborem un pressupost sense comprom\u00eds.<\/strong><\/p>\t\t\t\t\t\t\t\t<\/div>\n\t\t<div class=\"elementor-element elementor-element-df20f7f e-con-full e-flex e-con e-child\" data-id=\"df20f7f\" data-element_type=\"container\">\n\t\t\t\t<div class=\"elementor-element elementor-element-6c90b9f elementor-view-stacked elementor-position-left elementor-shape-circle elementor-mobile-position-top elementor-widget elementor-widget-icon-box\" data-id=\"6c90b9f\" data-element_type=\"widget\" data-widget_type=\"icon-box.default\">\n\t\t\t\t\t\t\t<div class=\"elementor-icon-box-wrapper\">\n\n\t\t\t\t\t\t<div class=\"elementor-icon-box-icon\">\n\t\t\t\t<span  class=\"elementor-icon\">\n\t\t\t\t<svg aria-hidden=\"true\" class=\"e-font-icon-svg e-fas-mobile-alt\" viewbox=\"0 0 320 512\" xmlns=\"http:\/\/www.w3.org\/2000\/svg\"><path d=\"M272 0H48C21.5 0 0 21.5 0 48v416c0 26.5 21.5 48 48 48h224c26.5 0 48-21.5 48-48V48c0-26.5-21.5-48-48-48zM160 480c-17.7 0-32-14.3-32-32s14.3-32 32-32 32 14.3 32 32-14.3 32-32 32zm112-108c0 6.6-5.4 12-12 12H60c-6.6 0-12-5.4-12-12V60c0-6.6 5.4-12 12-12h200c6.6 0 12 5.4 12 12v312z\"><\/path><\/svg>\t\t\t\t<\/span>\n\t\t\t<\/div>\n\t\t\t\n\t\t\t\t\t\t<div class=\"elementor-icon-box-content\">\n\n\t\t\t\t\t\t\t\t\t<span class=\"elementor-icon-box-title\">\n\t\t\t\t\t\t<span  >\n\t\t\t\t\t\t\t<a href=\"tel:674842664\">674 842 664<\/a>\t\t\t\t\t\t<\/span>\n\t\t\t\t\t<\/span>\n\t\t\t\t\n\t\t\t\t\n\t\t\t<\/div>\n\t\t\t\n\t\t<\/div>\n\t\t\t\t\t\t<\/div>\n\t\t\t\t<div class=\"elementor-element elementor-element-ae9e01c elementor-view-stacked elementor-position-left elementor-shape-circle elementor-mobile-position-top elementor-widget elementor-widget-icon-box\" data-id=\"ae9e01c\" data-element_type=\"widget\" data-widget_type=\"icon-box.default\">\n\t\t\t\t\t\t\t<div class=\"elementor-icon-box-wrapper\">\n\n\t\t\t\t\t\t<div class=\"elementor-icon-box-icon\">\n\t\t\t\t<span  class=\"elementor-icon\">\n\t\t\t\t<svg aria-hidden=\"true\" class=\"e-font-icon-svg e-fas-phone-alt\" viewbox=\"0 0 512 512\" xmlns=\"http:\/\/www.w3.org\/2000\/svg\"><path d=\"M497.39 361.8l-112-48a24 24 0 0 0-28 6.9l-49.6 60.6A370.66 370.66 0 0 1 130.6 204.11l60.6-49.6a23.94 23.94 0 0 0 6.9-28l-48-112A24.16 24.16 0 0 0 122.6.61l-104 24A24 24 0 0 0 0 48c0 256.5 207.9 464 464 464a24 24 0 0 0 23.4-18.6l24-104a24.29 24.29 0 0 0-14.01-27.6z\"><\/path><\/svg>\t\t\t\t<\/span>\n\t\t\t<\/div>\n\t\t\t\n\t\t\t\t\t\t<div class=\"elementor-icon-box-content\">\n\n\t\t\t\t\t\t\t\t\t<span class=\"elementor-icon-box-title\">\n\t\t\t\t\t\t<span  >\n\t\t\t\t\t\t\t<a href=\"tel:934460919\">934 460 919<\/a>\t\t\t\t\t\t<\/span>\n\t\t\t\t\t<\/span>\n\t\t\t\t\n\t\t\t\t\n\t\t\t<\/div>\n\t\t\t\n\t\t<\/div>\n\t\t\t\t\t\t<\/div>\n\t\t\t\t<\/div>\n\t\t\t\t<\/div>\n\t\t\t\t\t<\/div>\n\t\t\t\t<\/div>\n\t\t<div class=\"elementor-element elementor-element-dea4f5c e-con-full e-flex e-con e-child\" data-id=\"dea4f5c\" data-element_type=\"container\" data-settings=\"{&quot;background_background&quot;:&quot;classic&quot;}\">\n\t\t\t\t<div class=\"elementor-element elementor-element-8280e5d elementor-widget elementor-widget-shortcode\" data-id=\"8280e5d\" data-element_type=\"widget\" data-widget_type=\"shortcode.default\">\n\t\t\t\t\t\t\t<div class=\"elementor-shortcode\">\n<div class=\"wpcf7 no-js\" id=\"wpcf7-f357-o1\" lang=\"es-ES\" dir=\"ltr\" data-wpcf7-id=\"357\">\n<div class=\"screen-reader-response\"><p role=\"status\" aria-live=\"polite\" aria-atomic=\"true\"><\/p> <ul><\/ul><\/div>\n<form action=\"\/ca\/wp-json\/wp\/v2\/pages\/2085#wpcf7-f357-o1\" method=\"post\" class=\"wpcf7-form init\" aria-label=\"Formulario de contacto\" novalidate=\"novalidate\" data-status=\"init\" data-trp-original-action=\"\/ca\/wp-json\/wp\/v2\/pages\/2085#wpcf7-f357-o1\">\n<fieldset class=\"hidden-fields-container\"><input type=\"hidden\" name=\"_wpcf7\" value=\"357\" \/><input type=\"hidden\" name=\"_wpcf7_version\" value=\"6.1.4\" \/><input type=\"hidden\" name=\"_wpcf7_locale\" value=\"es_ES\" \/><input type=\"hidden\" name=\"_wpcf7_unit_tag\" value=\"wpcf7-f357-o1\" \/><input type=\"hidden\" name=\"_wpcf7_container_post\" value=\"0\" \/><input type=\"hidden\" name=\"_wpcf7_posted_data_hash\" value=\"\" \/>\n<\/fieldset>\n<div class=\"formulari contacte\">\n\t<div class=\"formulari-row\">\n\t\t<div class=\"formulari-col\">\n\t\t\t<p><label class=\"form-group\"><span class=\"label\">Nom *<\/span><span class=\"wpcf7-form-control-wrap\" data-name=\"your-name\"><input size=\"40\" maxlength=\"400\" class=\"wpcf7-form-control wpcf7-text wpcf7-validates-as-required form-input\" aria-required=\"true\" aria-invalid=\"false\" placeholder=\"Nom*\" value=\"\" type=\"text\" name=\"your-name\" \/><\/span> <\/label>\n\t\t\t<\/p>\n\t\t<\/div>\n\t\t<div class=\"formulari-col\">\n\t\t\t<p><label class=\"form-group\"><span class=\"label\">Tel\u00e8fon *<\/span><span class=\"wpcf7-form-control-wrap\" data-name=\"Phone\"><input size=\"40\" maxlength=\"400\" class=\"wpcf7-form-control wpcf7-tel wpcf7-text wpcf7-validates-as-tel form-input\" aria-invalid=\"false\" placeholder=\"Tel\u00e8fon *\" value=\"\" type=\"tel\" name=\"Phone\" \/><\/span> <\/label>\n\t\t\t<\/p>\n\t\t<\/div>\n\t\t<div class=\"formulari-col-2\">\n\t\t\t<p><label class=\"form-group\"><span class=\"label\">Email *<\/span><span class=\"wpcf7-form-control-wrap\" data-name=\"your-email\"><input size=\"40\" maxlength=\"400\" class=\"wpcf7-form-control wpcf7-email wpcf7-validates-as-required wpcf7-text wpcf7-validates-as-email form-input\" aria-required=\"true\" aria-invalid=\"false\" placeholder=\"Email *\" value=\"\" type=\"email\" name=\"your-email\" \/><\/span> <\/label>\n\t\t\t<\/p>\n\t\t<\/div>\n\t<\/div>\n\t<p><label class=\"form-textarea\"><span class=\"label\">Consulta<\/span><span class=\"wpcf7-form-control-wrap\" data-name=\"your-message\"><textarea cols=\"40\" rows=\"6\" maxlength=\"2000\" class=\"wpcf7-form-control wpcf7-textarea form-textarea\" aria-invalid=\"false\" placeholder=\"Vull informaci\u00f3 sobre...\" name=\"your-message\"><\/textarea><\/span><\/label>\n\t<\/p>\n\t<p class=\"drets\">Com a responsables del tractament tractarem les vostres dades amb la finalitat d&#039;enviar-vos informaci\u00f3 i novetats comercials sobre els nostres serveis. Pots accedir, rectificar i suprimir les teves dades, aix\u00ed com exercir altres drets, consultant la informaci\u00f3 addicional i detallada sobre protecci\u00f3 de dades a la nostra <a href=\"\/ca\/politica-de-privacidad\/\">Pol\u00edtica de Privadesa<\/a>.\n\t<\/p>\n\t<p class=\"drets\"><span class=\"wpcf7-form-control-wrap\" data-name=\"acceptance-btn\"><span class=\"wpcf7-form-control wpcf7-acceptance\"><span class=\"wpcf7-list-item\"><label><input type=\"checkbox\" name=\"acceptance-btn\" value=\"1\" aria-invalid=\"false\" \/><span class=\"wpcf7-list-item-label\">Entenc i accepto la <a href=\"\/ca\/politica-de-privacidad\/\">pol\u00edtica de privadesa<\/a>.<\/span><\/label><\/span><\/span><\/span>\n\t<\/p>\n\t<div class=\"enviar\">\n\t\t<p><input class=\"wpcf7-form-control wpcf7-submit has-spinner form-btn\" type=\"submit\" value=\"Solicitar presupuesto\" \/>\n\t\t<\/p>\n\t<\/div>\n<\/div><div class=\"wpcf7-response-output\" aria-hidden=\"true\"><\/div>\n<input type=\"hidden\" name=\"trp-form-language\" value=\"ca\"\/><\/form>\n<\/div>\n<\/div>\n\t\t\t\t\t\t<\/div>\n\t\t\t\t<\/div>\n\t\t\t\t\t<\/div>\n\t\t\t\t<\/main>\n\t\t\t\t<\/div>","protected":false},"excerpt":{"rendered":"<p>Personal auxiliar industrial y de soporte para empresas en Catalu\u00f1a Inicio Soluciones flexibles para la industria, log\u00edstica y empresas de servicios El entorno industrial y log\u00edstico requiere personal auxiliar preparado para adaptarse a ritmos de trabajo exigentes, procesos productivos cambiantes y altos est\u00e1ndares de seguridad. Nuestros auxiliares industriales prestan apoyo en tareas de supervisi\u00f3n, control [&hellip;]<\/p>","protected":false},"author":2,"featured_media":0,"parent":2067,"menu_order":0,"comment_status":"closed","ping_status":"closed","template":"","meta":{"_acf_changed":false,"footnotes":""},"class_list":["post-2085","page","type-page","status-publish","hentry"],"acf":[],"_links":{"self":[{"href":"https:\/\/bsstaff.onlinevalles.club\/ca\/wp-json\/wp\/v2\/pages\/2085","targetHints":{"allow":["GET"]}}],"collection":[{"href":"https:\/\/bsstaff.onlinevalles.club\/ca\/wp-json\/wp\/v2\/pages"}],"about":[{"href":"https:\/\/bsstaff.onlinevalles.club\/ca\/wp-json\/wp\/v2\/types\/page"}],"author":[{"embeddable":true,"href":"https:\/\/bsstaff.onlinevalles.club\/ca\/wp-json\/wp\/v2\/users\/2"}],"replies":[{"embeddable":true,"href":"https:\/\/bsstaff.onlinevalles.club\/ca\/wp-json\/wp\/v2\/comments?post=2085"}],"version-history":[{"count":15,"href":"https:\/\/bsstaff.onlinevalles.club\/ca\/wp-json\/wp\/v2\/pages\/2085\/revisions"}],"predecessor-version":[{"id":4084,"href":"https:\/\/bsstaff.onlinevalles.club\/ca\/wp-json\/wp\/v2\/pages\/2085\/revisions\/4084"}],"up":[{"embeddable":true,"href":"https:\/\/bsstaff.onlinevalles.club\/ca\/wp-json\/wp\/v2\/pages\/2067"}],"wp:attachment":[{"href":"https:\/\/bsstaff.onlinevalles.club\/ca\/wp-json\/wp\/v2\/media?parent=2085"}],"curies":[{"name":"wp","href":"https:\/\/api.w.org\/{rel}","templated":true}]}}