{"id":2088,"date":"2025-12-24T11:48:00","date_gmt":"2025-12-24T11:48:00","guid":{"rendered":"https:\/\/bsstaff.onlinevalles.club\/?page_id=2088"},"modified":"2026-03-19T10:34:06","modified_gmt":"2026-03-19T10:34:06","slug":"gestion-y-control-de-eventos","status":"publish","type":"page","link":"https:\/\/bsstaff.onlinevalles.club\/ca\/servicios-auxiliares-de-seguridad\/gestion-y-control-de-eventos\/","title":{"rendered":"Gesti\u00f3 i control d&#039;esdeveniments"},"content":{"rendered":"<div data-elementor-type=\"wp-page\" data-elementor-id=\"2088\" class=\"elementor elementor-2088\" data-elementor-post-type=\"page\">\n\t\t\t\t<main class=\"elementor-element elementor-element-8767f22 page-title hero-grid e-con-full e-flex e-con e-parent\" data-id=\"8767f22\" data-element_type=\"container\" data-settings=\"{&quot;background_background&quot;:&quot;classic&quot;}\">\n\t\t<div class=\"elementor-element elementor-element-403b56b hero-bg e-con-full e-flex e-con e-child\" data-id=\"403b56b\" data-element_type=\"container\">\n\t\t\t\t<\/div>\n\t\t<div class=\"elementor-element elementor-element-05d32c1 e-flex e-con-boxed e-con e-child\" data-id=\"05d32c1\" data-element_type=\"container\">\n\t\t\t\t\t<div class=\"e-con-inner\">\n\t\t<div class=\"elementor-element elementor-element-9b6e343 e-con-full e-flex e-con e-child\" data-id=\"9b6e343\" data-element_type=\"container\" data-settings=\"{&quot;background_background&quot;:&quot;classic&quot;}\">\n\t\t\t\t<div class=\"elementor-element elementor-element-962e0a1 animated-slow elementor-widget elementor-widget-heading\" data-id=\"962e0a1\" data-element_type=\"widget\" data-settings=\"{&quot;_animation&quot;:&quot;none&quot;,&quot;_animation_delay&quot;:50}\" data-widget_type=\"heading.default\">\n\t\t\t\t\t<h1 class=\"elementor-heading-title elementor-size-default\"> Gesti\u00f3n y control auxiliar de eventos empresariales y sociales en Catalu\u00f1a\n<\/h1>\t\t\t\t<\/div>\n\t\t\t\t<div class=\"elementor-element elementor-element-1000e63 elementor-widget elementor-widget-eloi_breadcrumb\" data-id=\"1000e63\" data-element_type=\"widget\" data-widget_type=\"eloi_breadcrumb.default\">\n\t\t\t\t<div class=\"elementor-widget-container\">\n\t\t\t\t\t<nav class=\"breadcrumb\" aria-label=\"breadcrumb\"><a href=\"https:\/\/bsstaff.onlinevalles.club\/ca\">Inici<\/a><\/nav>\t\t\t\t<\/div>\n\t\t\t\t<\/div>\n\t\t\t\t<\/div>\n\t\t\t\t\t<\/div>\n\t\t\t\t<\/div>\n\t\t\t\t<\/main>\n\t\t<div class=\"elementor-element elementor-element-20afc37 e-grid e-con-boxed e-con e-parent\" data-id=\"20afc37\" data-element_type=\"container\">\n\t\t\t\t\t<div class=\"e-con-inner\">\n\t\t<div class=\"elementor-element elementor-element-71fd85b e-con-full e-flex e-con e-child\" data-id=\"71fd85b\" data-element_type=\"container\">\n\t\t\t\t<div class=\"elementor-element elementor-element-60c0854 gradient-text elementor-widget elementor-widget-heading\" data-id=\"60c0854\" data-element_type=\"widget\" data-widget_type=\"heading.default\">\n\t\t\t\t\t<h2 class=\"elementor-heading-title elementor-size-default\">Soporte completo en la organizaci\u00f3n y seguridad de eventos<\/h2>\t\t\t\t<\/div>\n\t\t\t\t<div class=\"elementor-element elementor-element-f823cb2 post-content elementor-widget elementor-widget-text-editor\" data-id=\"f823cb2\" data-element_type=\"widget\" data-widget_type=\"text-editor.default\">\n\t\t\t\t\t\t\t\t\t<p>Cualquier evento de \u00e9xito precisa, adem\u00e1s de vigilancia, de personal auxiliar preparado para tareas log\u00edsticas, control de accesos, informaci\u00f3n al visitante y resoluci\u00f3n de incidencias en tiempo real. Nuestro personal act\u00faa como apoyo directo a la organizaci\u00f3n, contribuyendo a mantener el orden, la fluidez y la seguridad durante todas las fases del evento, desde el acceso inicial hasta su finalizaci\u00f3n.<\/p>\t\t\t\t\t\t\t\t<\/div>\n\t\t\t\t<\/div>\n\t\t<div class=\"elementor-element elementor-element-182f770 e-con-full e-flex e-con e-child\" data-id=\"182f770\" data-element_type=\"container\">\n\t\t\t\t<div class=\"elementor-element elementor-element-69e15b1 foto-dreta elementor-widget elementor-widget-imagen_avanzada\" data-id=\"69e15b1\" data-element_type=\"widget\" data-widget_type=\"imagen_avanzada.default\">\n\t\t\t\t<div class=\"elementor-widget-container\">\n\t\t\t\t\t<div class=\"imagen-avanzada land32\"><img decoding=\"async\" src=\"https:\/\/bsstaff.onlinevalles.club\/wp-content\/uploads\/2026\/03\/Fotos-BS-STAFF-27.jpg\" alt=\"\"><\/div>\t\t\t\t<\/div>\n\t\t\t\t<\/div>\n\t\t\t\t<\/div>\n\t\t\t\t\t<\/div>\n\t\t\t\t<\/div>\n\t\t<div class=\"elementor-element elementor-element-f1837af e-con-full cta-cards e-flex e-con e-parent\" data-id=\"f1837af\" data-element_type=\"container\">\n\t\t<div class=\"elementor-element elementor-element-6b059dd e-grid e-con-boxed e-con e-child\" data-id=\"6b059dd\" data-element_type=\"container\" data-settings=\"{&quot;background_background&quot;:&quot;classic&quot;}\">\n\t\t\t\t\t<div class=\"e-con-inner\">\n\t\t<div class=\"elementor-element elementor-element-15b9d51 e-con-full e-flex e-con e-child\" data-id=\"15b9d51\" data-element_type=\"container\">\n\t\t\t\t<div class=\"elementor-element elementor-element-93fb61d elementor-widget elementor-widget-heading\" data-id=\"93fb61d\" data-element_type=\"widget\" data-widget_type=\"heading.default\">\n\t\t\t\t\t<h2 class=\"elementor-heading-title elementor-size-default\">Tareas y beneficios del servicio auxiliar de control de eventos<\/h2>\t\t\t\t<\/div>\n\t\t\t\t<\/div>\n\t\t<div class=\"elementor-element elementor-element-c4ac828 e-con-full e-flex e-con e-child\" data-id=\"c4ac828\" data-element_type=\"container\">\n\t\t\t\t<div class=\"elementor-element elementor-element-2a3dcaf elementor-widget elementor-widget-text-editor\" data-id=\"2a3dcaf\" data-element_type=\"widget\" data-widget_type=\"text-editor.default\">\n\t\t\t\t\t\t\t\t\t<p>El servicio auxiliar de eventos de BS Staff cubre las necesidades operativas clave que influyen directamente en la experiencia de los asistentes.<\/p><p><strong>Nuestro equipo se encarga de controlar accesos, gestionar acreditaciones y ofrecer informaci\u00f3n clara y constante, asegurando un flujo ordenado de personas y el cumplimiento de las normas establecidas por la organizaci\u00f3n.<\/strong><\/p>\t\t\t\t\t\t\t\t<\/div>\n\t\t\t\t<\/div>\n\t\t\t\t\t<\/div>\n\t\t\t\t<\/div>\n\t\t<div class=\"elementor-element elementor-element-c1407e5 e-grid e-con-boxed e-con e-child\" data-id=\"c1407e5\" data-element_type=\"container\" data-settings=\"{&quot;background_background&quot;:&quot;classic&quot;}\">\n\t\t\t\t\t<div class=\"e-con-inner\">\n\t\t<div class=\"elementor-element elementor-element-4d5cc74 e-con-full e-flex e-con e-child\" data-id=\"4d5cc74\" data-element_type=\"container\" data-settings=\"{&quot;background_background&quot;:&quot;classic&quot;}\">\n\t\t<div class=\"elementor-element elementor-element-2424a35 e-con-full e-flex elementor-invisible e-con e-child\" data-id=\"2424a35\" data-element_type=\"container\" data-settings=\"{&quot;animation&quot;:&quot;fadeIn&quot;}\">\n\t\t\t\t<div class=\"elementor-element elementor-element-3611f4b icon-servicios elementor-widget elementor-widget-image\" data-id=\"3611f4b\" data-element_type=\"widget\" data-widget_type=\"image.default\">\n\t\t\t\t\t\t\t\t\t\t\t\t\t\t\t<img fetchpriority=\"high\" decoding=\"async\" width=\"250\" height=\"250\" src=\"https:\/\/bsstaff.onlinevalles.club\/wp-content\/uploads\/2026\/03\/i-control.png\" class=\"attachment-large size-large wp-image-3640\" alt=\"\" srcset=\"https:\/\/bsstaff.onlinevalles.club\/wp-content\/uploads\/2026\/03\/i-control.png 250w, https:\/\/bsstaff.onlinevalles.club\/wp-content\/uploads\/2026\/03\/i-control-150x150.png 150w, https:\/\/bsstaff.onlinevalles.club\/wp-content\/uploads\/2026\/03\/i-control-12x12.png 12w\" sizes=\"(max-width: 250px) 100vw, 250px\" \/>\t\t\t\t\t\t\t\t\t\t\t\t\t\t\t<\/div>\n\t\t\t\t<div class=\"elementor-element elementor-element-0438960 elementor-widget elementor-widget-heading\" data-id=\"0438960\" data-element_type=\"widget\" data-widget_type=\"heading.default\">\n\t\t\t\t\t<h3 class=\"elementor-heading-title elementor-size-default\">Registro de asistentes y validaci\u00f3n de entradas\/acreditaciones.<\/h3>\t\t\t\t<\/div>\n\t\t\t\t<\/div>\n\t\t\t\t<\/div>\n\t\t<div class=\"elementor-element elementor-element-e70ca1c e-con-full e-flex e-con e-child\" data-id=\"e70ca1c\" data-element_type=\"container\" data-settings=\"{&quot;background_background&quot;:&quot;classic&quot;}\">\n\t\t<div class=\"elementor-element elementor-element-4bb8693 e-con-full e-flex elementor-invisible e-con e-child\" data-id=\"4bb8693\" data-element_type=\"container\" data-settings=\"{&quot;animation&quot;:&quot;fadeIn&quot;}\">\n\t\t\t\t<div class=\"elementor-element elementor-element-7dea519 icon-servicios elementor-widget elementor-widget-image\" data-id=\"7dea519\" data-element_type=\"widget\" data-widget_type=\"image.default\">\n\t\t\t\t\t\t\t\t\t\t\t\t\t\t\t<img decoding=\"async\" width=\"340\" height=\"340\" src=\"https:\/\/bsstaff.onlinevalles.club\/wp-content\/uploads\/2026\/03\/i-o.png\" class=\"attachment-large size-large wp-image-4077\" alt=\"\" srcset=\"https:\/\/bsstaff.onlinevalles.club\/wp-content\/uploads\/2026\/03\/i-o.png 340w, https:\/\/bsstaff.onlinevalles.club\/wp-content\/uploads\/2026\/03\/i-o-300x300.png 300w, https:\/\/bsstaff.onlinevalles.club\/wp-content\/uploads\/2026\/03\/i-o-150x150.png 150w, https:\/\/bsstaff.onlinevalles.club\/wp-content\/uploads\/2026\/03\/i-o-12x12.png 12w\" sizes=\"(max-width: 340px) 100vw, 340px\" \/>\t\t\t\t\t\t\t\t\t\t\t\t\t\t\t<\/div>\n\t\t\t\t<div class=\"elementor-element elementor-element-8263dee elementor-widget elementor-widget-heading\" data-id=\"8263dee\" data-element_type=\"widget\" data-widget_type=\"heading.default\">\n\t\t\t\t\t<h3 class=\"elementor-heading-title elementor-size-default\">Informar, orientar y resolver dudas de los asistentes.<\/h3>\t\t\t\t<\/div>\n\t\t\t\t<\/div>\n\t\t\t\t<\/div>\n\t\t<div class=\"elementor-element elementor-element-989e742 e-con-full e-flex e-con e-child\" data-id=\"989e742\" data-element_type=\"container\" data-settings=\"{&quot;background_background&quot;:&quot;classic&quot;}\">\n\t\t<div class=\"elementor-element elementor-element-00affed e-con-full e-flex elementor-invisible e-con e-child\" data-id=\"00affed\" data-element_type=\"container\" data-settings=\"{&quot;animation&quot;:&quot;fadeIn&quot;}\">\n\t\t\t\t<div class=\"elementor-element elementor-element-bf611c4 icon-servicios elementor-widget elementor-widget-image\" data-id=\"bf611c4\" data-element_type=\"widget\" data-widget_type=\"image.default\">\n\t\t\t\t\t\t\t\t\t\t\t\t\t\t\t<img decoding=\"async\" width=\"250\" height=\"250\" src=\"https:\/\/bsstaff.onlinevalles.club\/wp-content\/uploads\/2026\/03\/i-vip.png\" class=\"attachment-large size-large wp-image-3707\" alt=\"\" srcset=\"https:\/\/bsstaff.onlinevalles.club\/wp-content\/uploads\/2026\/03\/i-vip.png 250w, https:\/\/bsstaff.onlinevalles.club\/wp-content\/uploads\/2026\/03\/i-vip-150x150.png 150w, https:\/\/bsstaff.onlinevalles.club\/wp-content\/uploads\/2026\/03\/i-vip-12x12.png 12w\" sizes=\"(max-width: 250px) 100vw, 250px\" \/>\t\t\t\t\t\t\t\t\t\t\t\t\t\t\t<\/div>\n\t\t\t\t<div class=\"elementor-element elementor-element-b4be736 elementor-widget elementor-widget-heading\" data-id=\"b4be736\" data-element_type=\"widget\" data-widget_type=\"heading.default\">\n\t\t\t\t\t<h3 class=\"elementor-heading-title elementor-size-default\">Apoyo en el flujo de personas, uso de instalaciones y cumplimiento de las normas del evento.<\/h3>\t\t\t\t<\/div>\n\t\t\t\t<\/div>\n\t\t\t\t<\/div>\n\t\t<div class=\"elementor-element elementor-element-7db0422 e-con-full e-flex e-con e-child\" data-id=\"7db0422\" data-element_type=\"container\" data-settings=\"{&quot;background_background&quot;:&quot;classic&quot;}\">\n\t\t<div class=\"elementor-element elementor-element-2597b51 e-con-full e-flex elementor-invisible e-con e-child\" data-id=\"2597b51\" data-element_type=\"container\" data-settings=\"{&quot;animation&quot;:&quot;fadeIn&quot;}\">\n\t\t\t\t<div class=\"elementor-element elementor-element-7ec62e4 icon-servicios elementor-widget elementor-widget-image\" data-id=\"7ec62e4\" data-element_type=\"widget\" data-widget_type=\"image.default\">\n\t\t\t\t\t\t\t\t\t\t\t\t\t\t\t<img loading=\"lazy\" decoding=\"async\" width=\"250\" height=\"250\" src=\"https:\/\/bsstaff.onlinevalles.club\/wp-content\/uploads\/2026\/03\/i-urgencias.png\" class=\"attachment-large size-large wp-image-3709\" alt=\"\" srcset=\"https:\/\/bsstaff.onlinevalles.club\/wp-content\/uploads\/2026\/03\/i-urgencias.png 250w, https:\/\/bsstaff.onlinevalles.club\/wp-content\/uploads\/2026\/03\/i-urgencias-150x150.png 150w, https:\/\/bsstaff.onlinevalles.club\/wp-content\/uploads\/2026\/03\/i-urgencias-12x12.png 12w\" sizes=\"(max-width: 250px) 100vw, 250px\" \/>\t\t\t\t\t\t\t\t\t\t\t\t\t\t\t<\/div>\n\t\t\t\t<div class=\"elementor-element elementor-element-2531ab3 elementor-widget elementor-widget-heading\" data-id=\"2531ab3\" data-element_type=\"widget\" data-widget_type=\"heading.default\">\n\t\t\t\t\t<h3 class=\"elementor-heading-title elementor-size-default\">Intervenci\u00f3n en caso de peque\u00f1as incidencias log\u00edsticas o de emergencia.<\/h3>\t\t\t\t<\/div>\n\t\t\t\t<\/div>\n\t\t\t\t<\/div>\n\t\t\t\t\t<\/div>\n\t\t\t\t<\/div>\n\t\t\t\t<\/div>\n\t\t<div class=\"elementor-element elementor-element-ccfbfda e-grid e-con-boxed e-con e-parent\" data-id=\"ccfbfda\" data-element_type=\"container\">\n\t\t\t\t\t<div class=\"e-con-inner\">\n\t\t<div class=\"elementor-element elementor-element-52997c0 e-con-full e-flex e-con e-child\" data-id=\"52997c0\" data-element_type=\"container\">\n\t\t\t\t<div class=\"elementor-element elementor-element-ad17aa6 elementor-widget elementor-widget-heading\" data-id=\"ad17aa6\" data-element_type=\"widget\" data-widget_type=\"heading.default\">\n\t\t\t\t\t<h2 class=\"elementor-heading-title elementor-size-default\">Servicios de gesti\u00f3n y control para eventos adaptados a cada formato y necesidad<\/h2>\t\t\t\t<\/div>\n\t\t\t\t<div class=\"elementor-element elementor-element-55b2255 post-content elementor-widget elementor-widget-text-editor\" data-id=\"55b2255\" data-element_type=\"widget\" data-widget_type=\"text-editor.default\">\n\t\t\t\t\t\t\t\t\t<p>En BS Staff dise\u00f1amos servicios de gesti\u00f3n y control auxiliar de eventos totalmente personalizados, adapt\u00e1ndonos al tipo de evento, su duraci\u00f3n, el n\u00famero de asistentes y las caracter\u00edsticas del espacio. Prestamos servicio en eventos corporativos, ferias, congresos, presentaciones de marca, actos institucionales, eventos deportivos y celebraciones privadas.<\/p>\t\t\t\t\t\t\t\t<\/div>\n\t\t\t\t<\/div>\n\t\t<div class=\"elementor-element elementor-element-a843c2a e-con-full e-flex e-con e-child\" data-id=\"a843c2a\" data-element_type=\"container\">\n\t\t\t\t<div class=\"elementor-element elementor-element-2bf955a foto-dreta elementor-widget elementor-widget-imagen_avanzada\" data-id=\"2bf955a\" data-element_type=\"widget\" data-widget_type=\"imagen_avanzada.default\">\n\t\t\t\t<div class=\"elementor-widget-container\">\n\t\t\t\t\t<div class=\"imagen-avanzada land32\"><img decoding=\"async\" src=\"https:\/\/bsstaff.onlinevalles.club\/wp-content\/uploads\/2026\/01\/2-resized.webp\" alt=\"\"><\/div>\t\t\t\t<\/div>\n\t\t\t\t<\/div>\n\t\t\t\t<\/div>\n\t\t\t\t\t<\/div>\n\t\t\t\t<\/div>\n\t\t<main class=\"elementor-element elementor-element-2839f29 e-grid  hero-grid e-con-boxed e-con e-parent\" data-id=\"2839f29\" data-element_type=\"container\" data-settings=\"{&quot;background_background&quot;:&quot;classic&quot;}\">\n\t\t\t\t\t<div class=\"e-con-inner\">\n\t\t<div class=\"elementor-element elementor-element-f92ca5e e-flex e-con-boxed e-con e-child\" data-id=\"f92ca5e\" data-element_type=\"container\">\n\t\t\t\t\t<div class=\"e-con-inner\">\n\t\t<div class=\"elementor-element elementor-element-4de234e e-con-full e-flex e-con e-child\" data-id=\"4de234e\" data-element_type=\"container\">\n\t\t\t\t<div class=\"elementor-element elementor-element-773452c elementor-widget elementor-widget-heading\" data-id=\"773452c\" data-element_type=\"widget\" data-widget_type=\"heading.default\">\n\t\t\t\t\t<h3 class=\"elementor-heading-title elementor-size-default\">\u00bfNecesita gestionar y proteger sus eventos?\n<\/h3>\t\t\t\t<\/div>\n\t\t\t\t<div class=\"elementor-element elementor-element-a7d85d6 elementor-widget__width-initial elementor-widget elementor-widget-text-editor\" data-id=\"a7d85d6\" data-element_type=\"widget\" data-settings=\"{&quot;_animation&quot;:&quot;none&quot;,&quot;_animation_delay&quot;:600}\" data-widget_type=\"text-editor.default\">\n\t\t\t\t\t\t\t\t\t<p>Posa&#039;t en contacte i nosaltres t&#039;assessorem en all\u00f2 que necessitis.<\/p><p><strong>Elaborem un pressupost sense comprom\u00eds.<\/strong><\/p>\t\t\t\t\t\t\t\t<\/div>\n\t\t<div class=\"elementor-element elementor-element-6bf880a e-con-full e-flex e-con e-child\" data-id=\"6bf880a\" data-element_type=\"container\">\n\t\t\t\t<div class=\"elementor-element elementor-element-2b9d3ed elementor-view-stacked elementor-position-left elementor-shape-circle elementor-mobile-position-top elementor-widget elementor-widget-icon-box\" data-id=\"2b9d3ed\" data-element_type=\"widget\" data-widget_type=\"icon-box.default\">\n\t\t\t\t\t\t\t<div class=\"elementor-icon-box-wrapper\">\n\n\t\t\t\t\t\t<div class=\"elementor-icon-box-icon\">\n\t\t\t\t<span  class=\"elementor-icon\">\n\t\t\t\t<svg aria-hidden=\"true\" class=\"e-font-icon-svg e-fas-mobile-alt\" viewbox=\"0 0 320 512\" xmlns=\"http:\/\/www.w3.org\/2000\/svg\"><path d=\"M272 0H48C21.5 0 0 21.5 0 48v416c0 26.5 21.5 48 48 48h224c26.5 0 48-21.5 48-48V48c0-26.5-21.5-48-48-48zM160 480c-17.7 0-32-14.3-32-32s14.3-32 32-32 32 14.3 32 32-14.3 32-32 32zm112-108c0 6.6-5.4 12-12 12H60c-6.6 0-12-5.4-12-12V60c0-6.6 5.4-12 12-12h200c6.6 0 12 5.4 12 12v312z\"><\/path><\/svg>\t\t\t\t<\/span>\n\t\t\t<\/div>\n\t\t\t\n\t\t\t\t\t\t<div class=\"elementor-icon-box-content\">\n\n\t\t\t\t\t\t\t\t\t<span class=\"elementor-icon-box-title\">\n\t\t\t\t\t\t<span  >\n\t\t\t\t\t\t\t<a href=\"tel:674842664\">674 842 664<\/a>\t\t\t\t\t\t<\/span>\n\t\t\t\t\t<\/span>\n\t\t\t\t\n\t\t\t\t\n\t\t\t<\/div>\n\t\t\t\n\t\t<\/div>\n\t\t\t\t\t\t<\/div>\n\t\t\t\t<div class=\"elementor-element elementor-element-00b9707 elementor-view-stacked elementor-position-left elementor-shape-circle elementor-mobile-position-top elementor-widget elementor-widget-icon-box\" data-id=\"00b9707\" data-element_type=\"widget\" data-widget_type=\"icon-box.default\">\n\t\t\t\t\t\t\t<div class=\"elementor-icon-box-wrapper\">\n\n\t\t\t\t\t\t<div class=\"elementor-icon-box-icon\">\n\t\t\t\t<span  class=\"elementor-icon\">\n\t\t\t\t<svg aria-hidden=\"true\" class=\"e-font-icon-svg e-fas-phone-alt\" viewbox=\"0 0 512 512\" xmlns=\"http:\/\/www.w3.org\/2000\/svg\"><path d=\"M497.39 361.8l-112-48a24 24 0 0 0-28 6.9l-49.6 60.6A370.66 370.66 0 0 1 130.6 204.11l60.6-49.6a23.94 23.94 0 0 0 6.9-28l-48-112A24.16 24.16 0 0 0 122.6.61l-104 24A24 24 0 0 0 0 48c0 256.5 207.9 464 464 464a24 24 0 0 0 23.4-18.6l24-104a24.29 24.29 0 0 0-14.01-27.6z\"><\/path><\/svg>\t\t\t\t<\/span>\n\t\t\t<\/div>\n\t\t\t\n\t\t\t\t\t\t<div class=\"elementor-icon-box-content\">\n\n\t\t\t\t\t\t\t\t\t<span class=\"elementor-icon-box-title\">\n\t\t\t\t\t\t<span  >\n\t\t\t\t\t\t\t<a href=\"tel:934460919\">934 460 919<\/a>\t\t\t\t\t\t<\/span>\n\t\t\t\t\t<\/span>\n\t\t\t\t\n\t\t\t\t\n\t\t\t<\/div>\n\t\t\t\n\t\t<\/div>\n\t\t\t\t\t\t<\/div>\n\t\t\t\t<\/div>\n\t\t\t\t<\/div>\n\t\t\t\t\t<\/div>\n\t\t\t\t<\/div>\n\t\t<div class=\"elementor-element elementor-element-da85c9e e-con-full e-flex e-con e-child\" data-id=\"da85c9e\" data-element_type=\"container\" data-settings=\"{&quot;background_background&quot;:&quot;classic&quot;}\">\n\t\t\t\t<div class=\"elementor-element elementor-element-c3b3c1a elementor-widget elementor-widget-shortcode\" data-id=\"c3b3c1a\" data-element_type=\"widget\" data-widget_type=\"shortcode.default\">\n\t\t\t\t\t\t\t<div class=\"elementor-shortcode\">\n<div class=\"wpcf7 no-js\" id=\"wpcf7-f357-o1\" lang=\"es-ES\" dir=\"ltr\" data-wpcf7-id=\"357\">\n<div class=\"screen-reader-response\"><p role=\"status\" aria-live=\"polite\" aria-atomic=\"true\"><\/p> <ul><\/ul><\/div>\n<form action=\"\/ca\/wp-json\/wp\/v2\/pages\/2088#wpcf7-f357-o1\" method=\"post\" class=\"wpcf7-form init\" aria-label=\"Formulario de contacto\" novalidate=\"novalidate\" data-status=\"init\" data-trp-original-action=\"\/ca\/wp-json\/wp\/v2\/pages\/2088#wpcf7-f357-o1\">\n<fieldset class=\"hidden-fields-container\"><input type=\"hidden\" name=\"_wpcf7\" value=\"357\" \/><input type=\"hidden\" name=\"_wpcf7_version\" value=\"6.1.4\" \/><input type=\"hidden\" name=\"_wpcf7_locale\" value=\"es_ES\" \/><input type=\"hidden\" name=\"_wpcf7_unit_tag\" value=\"wpcf7-f357-o1\" \/><input type=\"hidden\" name=\"_wpcf7_container_post\" value=\"0\" \/><input type=\"hidden\" name=\"_wpcf7_posted_data_hash\" value=\"\" \/>\n<\/fieldset>\n<div class=\"formulari contacte\">\n\t<div class=\"formulari-row\">\n\t\t<div class=\"formulari-col\">\n\t\t\t<p><label class=\"form-group\"><span class=\"label\">Nom *<\/span><span class=\"wpcf7-form-control-wrap\" data-name=\"your-name\"><input size=\"40\" maxlength=\"400\" class=\"wpcf7-form-control wpcf7-text wpcf7-validates-as-required form-input\" aria-required=\"true\" aria-invalid=\"false\" placeholder=\"Nom*\" value=\"\" type=\"text\" name=\"your-name\" \/><\/span> <\/label>\n\t\t\t<\/p>\n\t\t<\/div>\n\t\t<div class=\"formulari-col\">\n\t\t\t<p><label class=\"form-group\"><span class=\"label\">Tel\u00e8fon *<\/span><span class=\"wpcf7-form-control-wrap\" data-name=\"Phone\"><input size=\"40\" maxlength=\"400\" class=\"wpcf7-form-control wpcf7-tel wpcf7-text wpcf7-validates-as-tel form-input\" aria-invalid=\"false\" placeholder=\"Tel\u00e8fon *\" value=\"\" type=\"tel\" name=\"Phone\" \/><\/span> <\/label>\n\t\t\t<\/p>\n\t\t<\/div>\n\t\t<div class=\"formulari-col-2\">\n\t\t\t<p><label class=\"form-group\"><span class=\"label\">Email *<\/span><span class=\"wpcf7-form-control-wrap\" data-name=\"your-email\"><input size=\"40\" maxlength=\"400\" class=\"wpcf7-form-control wpcf7-email wpcf7-validates-as-required wpcf7-text wpcf7-validates-as-email form-input\" aria-required=\"true\" aria-invalid=\"false\" placeholder=\"Email *\" value=\"\" type=\"email\" name=\"your-email\" \/><\/span> <\/label>\n\t\t\t<\/p>\n\t\t<\/div>\n\t<\/div>\n\t<p><label class=\"form-textarea\"><span class=\"label\">Consulta<\/span><span class=\"wpcf7-form-control-wrap\" data-name=\"your-message\"><textarea cols=\"40\" rows=\"6\" maxlength=\"2000\" class=\"wpcf7-form-control wpcf7-textarea form-textarea\" aria-invalid=\"false\" placeholder=\"Vull informaci\u00f3 sobre...\" name=\"your-message\"><\/textarea><\/span><\/label>\n\t<\/p>\n\t<p class=\"drets\">Com a responsables del tractament tractarem les vostres dades amb la finalitat d&#039;enviar-vos informaci\u00f3 i novetats comercials sobre els nostres serveis. Pots accedir, rectificar i suprimir les teves dades, aix\u00ed com exercir altres drets, consultant la informaci\u00f3 addicional i detallada sobre protecci\u00f3 de dades a la nostra <a href=\"\/ca\/politica-de-privacidad\/\">Pol\u00edtica de Privadesa<\/a>.\n\t<\/p>\n\t<p class=\"drets\"><span class=\"wpcf7-form-control-wrap\" data-name=\"acceptance-btn\"><span class=\"wpcf7-form-control wpcf7-acceptance\"><span class=\"wpcf7-list-item\"><label><input type=\"checkbox\" name=\"acceptance-btn\" value=\"1\" aria-invalid=\"false\" \/><span class=\"wpcf7-list-item-label\">Entenc i accepto la <a href=\"\/ca\/politica-de-privacidad\/\">pol\u00edtica de privadesa<\/a>.<\/span><\/label><\/span><\/span><\/span>\n\t<\/p>\n\t<div class=\"enviar\">\n\t\t<p><input class=\"wpcf7-form-control wpcf7-submit has-spinner form-btn\" type=\"submit\" value=\"Solicitar presupuesto\" \/>\n\t\t<\/p>\n\t<\/div>\n<\/div><div class=\"wpcf7-response-output\" aria-hidden=\"true\"><\/div>\n<input type=\"hidden\" name=\"trp-form-language\" value=\"ca\"\/><\/form>\n<\/div>\n<\/div>\n\t\t\t\t\t\t<\/div>\n\t\t\t\t<\/div>\n\t\t\t\t\t<\/div>\n\t\t\t\t<\/main>\n\t\t\t\t<\/div>","protected":false},"excerpt":{"rendered":"<p>Gesti\u00f3n y control auxiliar de eventos empresariales y sociales en Catalu\u00f1a Inicio Soporte completo en la organizaci\u00f3n y seguridad de eventos Cualquier evento de \u00e9xito precisa, adem\u00e1s de vigilancia, de personal auxiliar preparado para tareas log\u00edsticas, control de accesos, informaci\u00f3n al visitante y resoluci\u00f3n de incidencias en tiempo real. Nuestro personal act\u00faa como apoyo directo [&hellip;]<\/p>","protected":false},"author":2,"featured_media":0,"parent":2067,"menu_order":0,"comment_status":"closed","ping_status":"closed","template":"","meta":{"_acf_changed":false,"footnotes":""},"class_list":["post-2088","page","type-page","status-publish","hentry"],"acf":[],"_links":{"self":[{"href":"https:\/\/bsstaff.onlinevalles.club\/ca\/wp-json\/wp\/v2\/pages\/2088","targetHints":{"allow":["GET"]}}],"collection":[{"href":"https:\/\/bsstaff.onlinevalles.club\/ca\/wp-json\/wp\/v2\/pages"}],"about":[{"href":"https:\/\/bsstaff.onlinevalles.club\/ca\/wp-json\/wp\/v2\/types\/page"}],"author":[{"embeddable":true,"href":"https:\/\/bsstaff.onlinevalles.club\/ca\/wp-json\/wp\/v2\/users\/2"}],"replies":[{"embeddable":true,"href":"https:\/\/bsstaff.onlinevalles.club\/ca\/wp-json\/wp\/v2\/comments?post=2088"}],"version-history":[{"count":15,"href":"https:\/\/bsstaff.onlinevalles.club\/ca\/wp-json\/wp\/v2\/pages\/2088\/revisions"}],"predecessor-version":[{"id":4091,"href":"https:\/\/bsstaff.onlinevalles.club\/ca\/wp-json\/wp\/v2\/pages\/2088\/revisions\/4091"}],"up":[{"embeddable":true,"href":"https:\/\/bsstaff.onlinevalles.club\/ca\/wp-json\/wp\/v2\/pages\/2067"}],"wp:attachment":[{"href":"https:\/\/bsstaff.onlinevalles.club\/ca\/wp-json\/wp\/v2\/media?parent=2088"}],"curies":[{"name":"wp","href":"https:\/\/api.w.org\/{rel}","templated":true}]}}