{"id":2083,"date":"2025-12-24T11:46:43","date_gmt":"2025-12-24T11:46:43","guid":{"rendered":"https:\/\/bsstaff.onlinevalles.club\/?page_id=2083"},"modified":"2026-03-19T09:43:00","modified_gmt":"2026-03-19T09:43:00","slug":"control-de-accesos","status":"publish","type":"page","link":"https:\/\/bsstaff.onlinevalles.club\/en\/servicios-auxiliares-de-seguridad\/control-de-accesos\/","title":{"rendered":"Access control"},"content":{"rendered":"<div data-elementor-type=\"wp-page\" data-elementor-id=\"2083\" class=\"elementor elementor-2083\" data-elementor-post-type=\"page\">\n\t\t\t\t<main class=\"elementor-element elementor-element-a3f55f3 page-title hero-grid e-con-full e-flex e-con e-parent\" data-id=\"a3f55f3\" data-element_type=\"container\" data-settings=\"{&quot;background_background&quot;:&quot;classic&quot;}\">\n\t\t<div class=\"elementor-element elementor-element-ee1c622 hero-bg e-con-full e-flex e-con e-child\" data-id=\"ee1c622\" data-element_type=\"container\">\n\t\t\t\t<\/div>\n\t\t<div class=\"elementor-element elementor-element-96c8165 e-flex e-con-boxed e-con e-child\" data-id=\"96c8165\" data-element_type=\"container\">\n\t\t\t\t\t<div class=\"e-con-inner\">\n\t\t<div class=\"elementor-element elementor-element-c0f46de e-con-full e-flex e-con e-child\" data-id=\"c0f46de\" data-element_type=\"container\" data-settings=\"{&quot;background_background&quot;:&quot;classic&quot;}\">\n\t\t\t\t<div class=\"elementor-element elementor-element-4d865c3 animated-slow elementor-widget elementor-widget-heading\" data-id=\"4d865c3\" data-element_type=\"widget\" data-settings=\"{&quot;_animation&quot;:&quot;none&quot;,&quot;_animation_delay&quot;:50}\" data-widget_type=\"heading.default\">\n\t\t\t\t\t<h1 class=\"elementor-heading-title elementor-size-default\">Servicios de control de accesos profesionales para empresas en Catalu\u00f1a<\/h1>\t\t\t\t<\/div>\n\t\t\t\t<div class=\"elementor-element elementor-element-6b9ed3c elementor-widget elementor-widget-eloi_breadcrumb\" data-id=\"6b9ed3c\" data-element_type=\"widget\" data-widget_type=\"eloi_breadcrumb.default\">\n\t\t\t\t<div class=\"elementor-widget-container\">\n\t\t\t\t\t<nav class=\"breadcrumb\" aria-label=\"breadcrumb\"><a href=\"https:\/\/bsstaff.onlinevalles.club\/en\">Start<\/a><\/nav>\t\t\t\t<\/div>\n\t\t\t\t<\/div>\n\t\t\t\t<\/div>\n\t\t\t\t\t<\/div>\n\t\t\t\t<\/div>\n\t\t\t\t<\/main>\n\t\t<div class=\"elementor-element elementor-element-95d8c43 e-grid e-con-boxed e-con e-parent\" data-id=\"95d8c43\" data-element_type=\"container\" data-settings=\"{&quot;background_background&quot;:&quot;classic&quot;}\">\n\t\t\t\t\t<div class=\"e-con-inner\">\n\t\t<div class=\"elementor-element elementor-element-4824a67 e-con-full e-flex e-con e-child\" data-id=\"4824a67\" data-element_type=\"container\">\n\t\t\t\t<div class=\"elementor-element elementor-element-c08af83 gradient-text elementor-widget elementor-widget-heading\" data-id=\"c08af83\" data-element_type=\"widget\" data-widget_type=\"heading.default\">\n\t\t\t\t\t<h2 class=\"elementor-heading-title elementor-size-default\">Acceso seguro y controlado para instalaciones empresariales y eventos<\/h2>\t\t\t\t<\/div>\n\t\t\t\t<div class=\"elementor-element elementor-element-16aef53 post-content elementor-widget elementor-widget-text-editor\" data-id=\"16aef53\" data-element_type=\"widget\" data-widget_type=\"text-editor.default\">\n\t\t\t\t\t\t\t\t\t<p>El control de accesos constituye la primera l\u00ednea de protecci\u00f3n en cualquier entorno profesional. Una gesti\u00f3n eficaz de entradas y salidas permite prevenir intrusiones, garantizar la seguridad de las personas y mantener el orden en las instalaciones. En BS Staff ofrecemos servicios de control de accesos adaptados a empresas, edificios corporativos, centros log\u00edsticos, parkings, comunidades empresariales y eventos, asegurando que solo las personas autorizadas puedan acceder a cada espacio.<\/p>\t\t\t\t\t\t\t\t<\/div>\n\t\t\t\t<\/div>\n\t\t<div class=\"elementor-element elementor-element-6230a76 e-flex e-con-boxed e-con e-child\" data-id=\"6230a76\" data-element_type=\"container\">\n\t\t\t\t\t<div class=\"e-con-inner\">\n\t\t\t\t<div class=\"elementor-element elementor-element-4441526 foto-dreta elementor-widget elementor-widget-imagen_avanzada\" data-id=\"4441526\" data-element_type=\"widget\" data-widget_type=\"imagen_avanzada.default\">\n\t\t\t\t<div class=\"elementor-widget-container\">\n\t\t\t\t\t<div class=\"imagen-avanzada land32\"><img decoding=\"async\" src=\"https:\/\/bsstaff.onlinevalles.club\/wp-content\/uploads\/2026\/03\/Fotos-BS-STAFF-127.jpg\" alt=\"\"><\/div>\t\t\t\t<\/div>\n\t\t\t\t<\/div>\n\t\t\t\t\t<\/div>\n\t\t\t\t<\/div>\n\t\t\t\t\t<\/div>\n\t\t\t\t<\/div>\n\t\t<div class=\"elementor-element elementor-element-e49b9ca e-con-full cta-cards e-flex e-con e-parent\" data-id=\"e49b9ca\" data-element_type=\"container\">\n\t\t<div class=\"elementor-element elementor-element-6df57c6 e-grid e-con-boxed e-con e-child\" data-id=\"6df57c6\" data-element_type=\"container\" data-settings=\"{&quot;background_background&quot;:&quot;classic&quot;}\">\n\t\t\t\t\t<div class=\"e-con-inner\">\n\t\t<div class=\"elementor-element elementor-element-73dd53f e-con-full e-flex e-con e-child\" data-id=\"73dd53f\" data-element_type=\"container\">\n\t\t\t\t<div class=\"elementor-element elementor-element-c07d49b elementor-widget elementor-widget-heading\" data-id=\"c07d49b\" data-element_type=\"widget\" data-widget_type=\"heading.default\">\n\t\t\t\t\t<h2 class=\"elementor-heading-title elementor-size-default\">Prevenci\u00f3n de incidencias y apoyo operativo a la empresa<\/h2>\t\t\t\t<\/div>\n\t\t\t\t<\/div>\n\t\t<div class=\"elementor-element elementor-element-9c5cde5 e-con-full e-flex e-con e-child\" data-id=\"9c5cde5\" data-element_type=\"container\">\n\t\t\t\t<div class=\"elementor-element elementor-element-aea6a3e elementor-widget elementor-widget-text-editor\" data-id=\"aea6a3e\" data-element_type=\"widget\" data-widget_type=\"text-editor.default\">\n\t\t\t\t\t\t\t\t\t<p>Un servicio profesional de control de accesos no solo limita la entrada no autorizada, sino que tambi\u00e9n permite detectar comportamientos an\u00f3malos y actuar de forma temprana ante posibles incidencias.<\/p><p><strong>Nuestro personal est\u00e1 formado para observar, comunicar y aplicar los protocolos definidos por el cliente en cada situaci\u00f3n.<\/strong><\/p>\t\t\t\t\t\t\t\t<\/div>\n\t\t\t\t<\/div>\n\t\t\t\t\t<\/div>\n\t\t\t\t<\/div>\n\t\t<div class=\"elementor-element elementor-element-14c88c4 e-grid e-con-boxed e-con e-child\" data-id=\"14c88c4\" data-element_type=\"container\" data-settings=\"{&quot;background_background&quot;:&quot;classic&quot;}\">\n\t\t\t\t\t<div class=\"e-con-inner\">\n\t\t<div class=\"elementor-element elementor-element-17c6b75 e-con-full e-flex e-con e-child\" data-id=\"17c6b75\" data-element_type=\"container\" data-settings=\"{&quot;background_background&quot;:&quot;classic&quot;}\">\n\t\t<div class=\"elementor-element elementor-element-375ce46 e-con-full e-flex elementor-invisible e-con e-child\" data-id=\"375ce46\" data-element_type=\"container\" data-settings=\"{&quot;animation&quot;:&quot;fadeIn&quot;}\">\n\t\t\t\t<div class=\"elementor-element elementor-element-2161980 icon-servicios elementor-widget elementor-widget-image\" data-id=\"2161980\" data-element_type=\"widget\" data-widget_type=\"image.default\">\n\t\t\t\t\t\t\t\t\t\t\t\t\t\t\t<img fetchpriority=\"high\" decoding=\"async\" width=\"250\" height=\"250\" src=\"https:\/\/bsstaff.onlinevalles.club\/wp-content\/uploads\/2026\/03\/i-control.png\" class=\"attachment-large size-large wp-image-3640\" alt=\"\" srcset=\"https:\/\/bsstaff.onlinevalles.club\/wp-content\/uploads\/2026\/03\/i-control.png 250w, https:\/\/bsstaff.onlinevalles.club\/wp-content\/uploads\/2026\/03\/i-control-150x150.png 150w, https:\/\/bsstaff.onlinevalles.club\/wp-content\/uploads\/2026\/03\/i-control-12x12.png 12w\" sizes=\"(max-width: 250px) 100vw, 250px\" \/>\t\t\t\t\t\t\t\t\t\t\t\t\t\t\t<\/div>\n\t\t\t\t<div class=\"elementor-element elementor-element-cbfb2b1 elementor-widget elementor-widget-heading\" data-id=\"cbfb2b1\" data-element_type=\"widget\" data-widget_type=\"heading.default\">\n\t\t\t\t\t<h3 class=\"elementor-heading-title elementor-size-default\">Detecci\u00f3n y comunicaci\u00f3n inmediata de accesos no autorizados.<\/h3>\t\t\t\t<\/div>\n\t\t\t\t<\/div>\n\t\t\t\t<\/div>\n\t\t<div class=\"elementor-element elementor-element-a79f51b e-con-full e-flex e-con e-child\" data-id=\"a79f51b\" data-element_type=\"container\" data-settings=\"{&quot;background_background&quot;:&quot;classic&quot;}\">\n\t\t<div class=\"elementor-element elementor-element-0218adf e-con-full e-flex elementor-invisible e-con e-child\" data-id=\"0218adf\" data-element_type=\"container\" data-settings=\"{&quot;animation&quot;:&quot;fadeIn&quot;}\">\n\t\t\t\t<div class=\"elementor-element elementor-element-d09face icon-servicios elementor-widget elementor-widget-image\" data-id=\"d09face\" data-element_type=\"widget\" data-widget_type=\"image.default\">\n\t\t\t\t\t\t\t\t\t\t\t\t\t\t\t<img decoding=\"async\" width=\"250\" height=\"250\" src=\"https:\/\/bsstaff.onlinevalles.club\/wp-content\/uploads\/2026\/03\/i-vivgilancia.png\" class=\"attachment-large size-large wp-image-3639\" alt=\"\" srcset=\"https:\/\/bsstaff.onlinevalles.club\/wp-content\/uploads\/2026\/03\/i-vivgilancia.png 250w, https:\/\/bsstaff.onlinevalles.club\/wp-content\/uploads\/2026\/03\/i-vivgilancia-150x150.png 150w, https:\/\/bsstaff.onlinevalles.club\/wp-content\/uploads\/2026\/03\/i-vivgilancia-12x12.png 12w\" sizes=\"(max-width: 250px) 100vw, 250px\" \/>\t\t\t\t\t\t\t\t\t\t\t\t\t\t\t<\/div>\n\t\t\t\t<div class=\"elementor-element elementor-element-d97315f elementor-widget elementor-widget-heading\" data-id=\"d97315f\" data-element_type=\"widget\" data-widget_type=\"heading.default\">\n\t\t\t\t\t<h3 class=\"elementor-heading-title elementor-size-default\">Registro de incidencias y elaboraci\u00f3n de partes informativos.<\/h3>\t\t\t\t<\/div>\n\t\t\t\t<\/div>\n\t\t\t\t<\/div>\n\t\t<div class=\"elementor-element elementor-element-21961b4 e-con-full e-flex e-con e-child\" data-id=\"21961b4\" data-element_type=\"container\" data-settings=\"{&quot;background_background&quot;:&quot;classic&quot;}\">\n\t\t<div class=\"elementor-element elementor-element-0d9e6ef e-con-full e-flex elementor-invisible e-con e-child\" data-id=\"0d9e6ef\" data-element_type=\"container\" data-settings=\"{&quot;animation&quot;:&quot;fadeIn&quot;}\">\n\t\t\t\t<div class=\"elementor-element elementor-element-c408861 icon-servicios elementor-widget elementor-widget-image\" data-id=\"c408861\" data-element_type=\"widget\" data-widget_type=\"image.default\">\n\t\t\t\t\t\t\t\t\t\t\t\t\t\t\t<img decoding=\"async\" width=\"250\" height=\"250\" src=\"https:\/\/bsstaff.onlinevalles.club\/wp-content\/uploads\/2026\/03\/i-urgencias.png\" class=\"attachment-large size-large wp-image-3709\" alt=\"\" srcset=\"https:\/\/bsstaff.onlinevalles.club\/wp-content\/uploads\/2026\/03\/i-urgencias.png 250w, https:\/\/bsstaff.onlinevalles.club\/wp-content\/uploads\/2026\/03\/i-urgencias-150x150.png 150w, https:\/\/bsstaff.onlinevalles.club\/wp-content\/uploads\/2026\/03\/i-urgencias-12x12.png 12w\" sizes=\"(max-width: 250px) 100vw, 250px\" \/>\t\t\t\t\t\t\t\t\t\t\t\t\t\t\t<\/div>\n\t\t\t\t<div class=\"elementor-element elementor-element-eb1064f elementor-widget elementor-widget-heading\" data-id=\"eb1064f\" data-element_type=\"widget\" data-widget_type=\"heading.default\">\n\t\t\t\t\t<h3 class=\"elementor-heading-title elementor-size-default\">Apoyo en situaciones de emergencia o evacuaci\u00f3n.<\/h3>\t\t\t\t<\/div>\n\t\t\t\t<\/div>\n\t\t\t\t<\/div>\n\t\t<div class=\"elementor-element elementor-element-ce3e702 e-con-full e-flex e-con e-child\" data-id=\"ce3e702\" data-element_type=\"container\" data-settings=\"{&quot;background_background&quot;:&quot;classic&quot;}\">\n\t\t<div class=\"elementor-element elementor-element-1665358 e-con-full e-flex elementor-invisible e-con e-child\" data-id=\"1665358\" data-element_type=\"container\" data-settings=\"{&quot;animation&quot;:&quot;fadeIn&quot;}\">\n\t\t\t\t<div class=\"elementor-element elementor-element-813d9ab icon-servicios elementor-widget elementor-widget-image\" data-id=\"813d9ab\" data-element_type=\"widget\" data-widget_type=\"image.default\">\n\t\t\t\t\t\t\t\t\t\t\t\t\t\t\t<img loading=\"lazy\" decoding=\"async\" width=\"340\" height=\"340\" src=\"https:\/\/bsstaff.onlinevalles.club\/wp-content\/uploads\/2026\/03\/i-dron-3.png\" class=\"attachment-large size-large wp-image-3792\" alt=\"\" srcset=\"https:\/\/bsstaff.onlinevalles.club\/wp-content\/uploads\/2026\/03\/i-dron-3.png 340w, https:\/\/bsstaff.onlinevalles.club\/wp-content\/uploads\/2026\/03\/i-dron-3-300x300.png 300w, https:\/\/bsstaff.onlinevalles.club\/wp-content\/uploads\/2026\/03\/i-dron-3-150x150.png 150w, https:\/\/bsstaff.onlinevalles.club\/wp-content\/uploads\/2026\/03\/i-dron-3-12x12.png 12w\" sizes=\"(max-width: 340px) 100vw, 340px\" \/>\t\t\t\t\t\t\t\t\t\t\t\t\t\t\t<\/div>\n\t\t\t\t<div class=\"elementor-element elementor-element-06a35d0 elementor-widget elementor-widget-heading\" data-id=\"06a35d0\" data-element_type=\"widget\" data-widget_type=\"heading.default\">\n\t\t\t\t\t<h3 class=\"elementor-heading-title elementor-size-default\">Coordinaci\u00f3n con responsables internos y otros equipos de seguridad.<\/h3>\t\t\t\t<\/div>\n\t\t\t\t<\/div>\n\t\t\t\t<\/div>\n\t\t\t\t\t<\/div>\n\t\t\t\t<\/div>\n\t\t\t\t<\/div>\n\t\t<div class=\"elementor-element elementor-element-ea6d7e7 e-grid e-con-boxed e-con e-parent\" data-id=\"ea6d7e7\" data-element_type=\"container\" data-settings=\"{&quot;background_background&quot;:&quot;classic&quot;}\">\n\t\t\t\t\t<div class=\"e-con-inner\">\n\t\t<div class=\"elementor-element elementor-element-e4b69b3 e-flex e-con-boxed e-con e-child\" data-id=\"e4b69b3\" data-element_type=\"container\">\n\t\t\t\t\t<div class=\"e-con-inner\">\n\t\t\t\t<div class=\"elementor-element elementor-element-38c36a6 foto-dreta elementor-widget elementor-widget-imagen_avanzada\" data-id=\"38c36a6\" data-element_type=\"widget\" data-widget_type=\"imagen_avanzada.default\">\n\t\t\t\t<div class=\"elementor-widget-container\">\n\t\t\t\t\t<div class=\"imagen-avanzada land32\"><img decoding=\"async\" src=\"https:\/\/bsstaff.onlinevalles.club\/wp-content\/uploads\/2026\/03\/Fotos-BS-STAFF-49.jpg\" alt=\"\"><\/div>\t\t\t\t<\/div>\n\t\t\t\t<\/div>\n\t\t\t\t\t<\/div>\n\t\t\t\t<\/div>\n\t\t<div class=\"elementor-element elementor-element-cb29442 e-con-full e-flex e-con e-child\" data-id=\"cb29442\" data-element_type=\"container\">\n\t\t\t\t<div class=\"elementor-element elementor-element-448d0d6 elementor-widget elementor-widget-heading\" data-id=\"448d0d6\" data-element_type=\"widget\" data-widget_type=\"heading.default\">\n\t\t\t\t\t<h2 class=\"elementor-heading-title elementor-size-default\">Gesti\u00f3n profesional de entradas, salidas y flujos de personas<\/h2>\t\t\t\t<\/div>\n\t\t\t\t<div class=\"elementor-element elementor-element-a1cd0e5 post-content elementor-widget elementor-widget-text-editor\" data-id=\"a1cd0e5\" data-element_type=\"widget\" data-widget_type=\"text-editor.default\">\n\t\t\t\t\t\t\t\t\t<p>Cada instalaci\u00f3n presenta necesidades distintas en funci\u00f3n del volumen de personas, los horarios y el nivel de seguridad requerido. Por ello, en BS Staff dise\u00f1amos servicios de control de accesos ajustados a cada cliente, garantizando una circulaci\u00f3n fluida y segura de empleados, proveedores y visitantes.<\/p>\t\t\t\t\t\t\t\t<\/div>\n\t\t\t\t<\/div>\n\t\t\t\t\t<\/div>\n\t\t\t\t<\/div>\n\t\t<main class=\"elementor-element elementor-element-2ad12a4 e-grid  hero-grid e-con-boxed e-con e-parent\" data-id=\"2ad12a4\" data-element_type=\"container\" data-settings=\"{&quot;background_background&quot;:&quot;classic&quot;}\">\n\t\t\t\t\t<div class=\"e-con-inner\">\n\t\t<div class=\"elementor-element elementor-element-b5db5d0 e-flex e-con-boxed e-con e-child\" data-id=\"b5db5d0\" data-element_type=\"container\">\n\t\t\t\t\t<div class=\"e-con-inner\">\n\t\t<div class=\"elementor-element elementor-element-c728ae8 e-con-full e-flex e-con e-child\" data-id=\"c728ae8\" data-element_type=\"container\">\n\t\t\t\t<div class=\"elementor-element elementor-element-cbb2dc8 elementor-widget elementor-widget-heading\" data-id=\"cbb2dc8\" data-element_type=\"widget\" data-widget_type=\"heading.default\">\n\t\t\t\t\t<h3 class=\"elementor-heading-title elementor-size-default\">\u00bfNecesita servicios de control de accesos?\n<\/h3>\t\t\t\t<\/div>\n\t\t\t\t<div class=\"elementor-element elementor-element-bb80949 elementor-widget__width-initial elementor-widget elementor-widget-text-editor\" data-id=\"bb80949\" data-element_type=\"widget\" data-settings=\"{&quot;_animation&quot;:&quot;none&quot;,&quot;_animation_delay&quot;:600}\" data-widget_type=\"text-editor.default\">\n\t\t\t\t\t\t\t\t\t<p>Get in touch and we&#039;ll advise you on whatever you need.<\/p><p><strong>We prepare a no-obligation quote.<\/strong><\/p>\t\t\t\t\t\t\t\t<\/div>\n\t\t<div class=\"elementor-element elementor-element-54641f2 e-con-full e-flex e-con e-child\" data-id=\"54641f2\" data-element_type=\"container\">\n\t\t\t\t<div class=\"elementor-element elementor-element-daf55c7 elementor-view-stacked elementor-position-left elementor-shape-circle elementor-mobile-position-top elementor-widget elementor-widget-icon-box\" data-id=\"daf55c7\" data-element_type=\"widget\" data-widget_type=\"icon-box.default\">\n\t\t\t\t\t\t\t<div class=\"elementor-icon-box-wrapper\">\n\n\t\t\t\t\t\t<div class=\"elementor-icon-box-icon\">\n\t\t\t\t<span  class=\"elementor-icon\">\n\t\t\t\t<svg aria-hidden=\"true\" class=\"e-font-icon-svg e-fas-mobile-alt\" viewbox=\"0 0 320 512\" xmlns=\"http:\/\/www.w3.org\/2000\/svg\"><path d=\"M272 0H48C21.5 0 0 21.5 0 48v416c0 26.5 21.5 48 48 48h224c26.5 0 48-21.5 48-48V48c0-26.5-21.5-48-48-48zM160 480c-17.7 0-32-14.3-32-32s14.3-32 32-32 32 14.3 32 32-14.3 32-32 32zm112-108c0 6.6-5.4 12-12 12H60c-6.6 0-12-5.4-12-12V60c0-6.6 5.4-12 12-12h200c6.6 0 12 5.4 12 12v312z\"><\/path><\/svg>\t\t\t\t<\/span>\n\t\t\t<\/div>\n\t\t\t\n\t\t\t\t\t\t<div class=\"elementor-icon-box-content\">\n\n\t\t\t\t\t\t\t\t\t<span class=\"elementor-icon-box-title\">\n\t\t\t\t\t\t<span  >\n\t\t\t\t\t\t\t<a href=\"tel:674842664\">674 842 664<\/a>\t\t\t\t\t\t<\/span>\n\t\t\t\t\t<\/span>\n\t\t\t\t\n\t\t\t\t\n\t\t\t<\/div>\n\t\t\t\n\t\t<\/div>\n\t\t\t\t\t\t<\/div>\n\t\t\t\t<div class=\"elementor-element elementor-element-603e25c elementor-view-stacked elementor-position-left elementor-shape-circle elementor-mobile-position-top elementor-widget elementor-widget-icon-box\" data-id=\"603e25c\" data-element_type=\"widget\" data-widget_type=\"icon-box.default\">\n\t\t\t\t\t\t\t<div class=\"elementor-icon-box-wrapper\">\n\n\t\t\t\t\t\t<div class=\"elementor-icon-box-icon\">\n\t\t\t\t<span  class=\"elementor-icon\">\n\t\t\t\t<svg aria-hidden=\"true\" class=\"e-font-icon-svg e-fas-phone-alt\" viewbox=\"0 0 512 512\" xmlns=\"http:\/\/www.w3.org\/2000\/svg\"><path d=\"M497.39 361.8l-112-48a24 24 0 0 0-28 6.9l-49.6 60.6A370.66 370.66 0 0 1 130.6 204.11l60.6-49.6a23.94 23.94 0 0 0 6.9-28l-48-112A24.16 24.16 0 0 0 122.6.61l-104 24A24 24 0 0 0 0 48c0 256.5 207.9 464 464 464a24 24 0 0 0 23.4-18.6l24-104a24.29 24.29 0 0 0-14.01-27.6z\"><\/path><\/svg>\t\t\t\t<\/span>\n\t\t\t<\/div>\n\t\t\t\n\t\t\t\t\t\t<div class=\"elementor-icon-box-content\">\n\n\t\t\t\t\t\t\t\t\t<span class=\"elementor-icon-box-title\">\n\t\t\t\t\t\t<span  >\n\t\t\t\t\t\t\t<a href=\"tel:934460919\">934 460 919<\/a>\t\t\t\t\t\t<\/span>\n\t\t\t\t\t<\/span>\n\t\t\t\t\n\t\t\t\t\n\t\t\t<\/div>\n\t\t\t\n\t\t<\/div>\n\t\t\t\t\t\t<\/div>\n\t\t\t\t<\/div>\n\t\t\t\t<\/div>\n\t\t\t\t\t<\/div>\n\t\t\t\t<\/div>\n\t\t<div class=\"elementor-element elementor-element-4462d78 e-con-full e-flex e-con e-child\" data-id=\"4462d78\" data-element_type=\"container\" data-settings=\"{&quot;background_background&quot;:&quot;classic&quot;}\">\n\t\t\t\t<div class=\"elementor-element elementor-element-dd914df elementor-widget elementor-widget-shortcode\" data-id=\"dd914df\" data-element_type=\"widget\" data-widget_type=\"shortcode.default\">\n\t\t\t\t\t\t\t<div class=\"elementor-shortcode\">\n<div class=\"wpcf7 no-js\" id=\"wpcf7-f357-o1\" lang=\"es-ES\" dir=\"ltr\" data-wpcf7-id=\"357\">\n<div class=\"screen-reader-response\"><p role=\"status\" aria-live=\"polite\" aria-atomic=\"true\"><\/p> <ul><\/ul><\/div>\n<form action=\"\/en\/wp-json\/wp\/v2\/pages\/2083#wpcf7-f357-o1\" method=\"post\" class=\"wpcf7-form init\" aria-label=\"Formulario de contacto\" novalidate=\"novalidate\" data-status=\"init\" data-trp-original-action=\"\/en\/wp-json\/wp\/v2\/pages\/2083#wpcf7-f357-o1\">\n<fieldset class=\"hidden-fields-container\"><input type=\"hidden\" name=\"_wpcf7\" value=\"357\" \/><input type=\"hidden\" name=\"_wpcf7_version\" value=\"6.1.4\" \/><input type=\"hidden\" name=\"_wpcf7_locale\" value=\"es_ES\" \/><input type=\"hidden\" name=\"_wpcf7_unit_tag\" value=\"wpcf7-f357-o1\" \/><input type=\"hidden\" name=\"_wpcf7_container_post\" value=\"0\" \/><input type=\"hidden\" name=\"_wpcf7_posted_data_hash\" value=\"\" \/>\n<\/fieldset>\n<div class=\"formulari contacte\">\n\t<div class=\"formulari-row\">\n\t\t<div class=\"formulari-col\">\n\t\t\t<p><label class=\"form-group\"><span class=\"label\">Name *<\/span><span class=\"wpcf7-form-control-wrap\" data-name=\"your-name\"><input size=\"40\" maxlength=\"400\" class=\"wpcf7-form-control wpcf7-text wpcf7-validates-as-required form-input\" aria-required=\"true\" aria-invalid=\"false\" placeholder=\"Name*\" value=\"\" type=\"text\" name=\"your-name\" \/><\/span> <\/label>\n\t\t\t<\/p>\n\t\t<\/div>\n\t\t<div class=\"formulari-col\">\n\t\t\t<p><label class=\"form-group\"><span class=\"label\">Phone *<\/span><span class=\"wpcf7-form-control-wrap\" data-name=\"Phone\"><input size=\"40\" maxlength=\"400\" class=\"wpcf7-form-control wpcf7-tel wpcf7-text wpcf7-validates-as-tel form-input\" aria-invalid=\"false\" placeholder=\"Phone *\" value=\"\" type=\"tel\" name=\"Phone\" \/><\/span> <\/label>\n\t\t\t<\/p>\n\t\t<\/div>\n\t\t<div class=\"formulari-col-2\">\n\t\t\t<p><label class=\"form-group\"><span class=\"label\">Email *<\/span><span class=\"wpcf7-form-control-wrap\" data-name=\"your-email\"><input size=\"40\" maxlength=\"400\" class=\"wpcf7-form-control wpcf7-email wpcf7-validates-as-required wpcf7-text wpcf7-validates-as-email form-input\" aria-required=\"true\" aria-invalid=\"false\" placeholder=\"Email *\" value=\"\" type=\"email\" name=\"your-email\" \/><\/span> <\/label>\n\t\t\t<\/p>\n\t\t<\/div>\n\t<\/div>\n\t<p><label class=\"form-textarea\"><span class=\"label\">Consultation<\/span><span class=\"wpcf7-form-control-wrap\" data-name=\"your-message\"><textarea cols=\"40\" rows=\"6\" maxlength=\"2000\" class=\"wpcf7-form-control wpcf7-textarea form-textarea\" aria-invalid=\"false\" placeholder=\"I want information about...\" name=\"your-message\"><\/textarea><\/span><\/label>\n\t<\/p>\n\t<p class=\"drets\">As data controllers, we will process your data to send you information and commercial updates about our services. You can access, rectify, and delete your data, as well as exercise other rights, by consulting the additional and detailed information on data protection in our <a href=\"\/en\/politica-de-privacidad\/\">Privacy Policy<\/a>.\n\t<\/p>\n\t<p class=\"drets\"><span class=\"wpcf7-form-control-wrap\" data-name=\"acceptance-btn\"><span class=\"wpcf7-form-control wpcf7-acceptance\"><span class=\"wpcf7-list-item\"><label><input type=\"checkbox\" name=\"acceptance-btn\" value=\"1\" aria-invalid=\"false\" \/><span class=\"wpcf7-list-item-label\">I understand and accept the <a href=\"\/en\/politica-de-privacidad\/\">Privacy Policy<\/a>.<\/span><\/label><\/span><\/span><\/span>\n\t<\/p>\n\t<div class=\"enviar\">\n\t\t<p><input class=\"wpcf7-form-control wpcf7-submit has-spinner form-btn\" type=\"submit\" value=\"Solicitar presupuesto\" \/>\n\t\t<\/p>\n\t<\/div>\n<\/div><div class=\"wpcf7-response-output\" aria-hidden=\"true\"><\/div>\n<input type=\"hidden\" name=\"trp-form-language\" value=\"en\"\/><\/form>\n<\/div>\n<\/div>\n\t\t\t\t\t\t<\/div>\n\t\t\t\t<\/div>\n\t\t\t\t\t<\/div>\n\t\t\t\t<\/main>\n\t\t\t\t<\/div>","protected":false},"excerpt":{"rendered":"<p>Servicios de control de accesos profesionales para empresas en Catalu\u00f1a Inicio Acceso seguro y controlado para instalaciones empresariales y eventos El control de accesos constituye la primera l\u00ednea de protecci\u00f3n en cualquier entorno profesional. Una gesti\u00f3n eficaz de entradas y salidas permite prevenir intrusiones, garantizar la seguridad de las personas y mantener el orden en [&hellip;]<\/p>","protected":false},"author":2,"featured_media":0,"parent":2067,"menu_order":0,"comment_status":"closed","ping_status":"closed","template":"","meta":{"_acf_changed":false,"footnotes":""},"class_list":["post-2083","page","type-page","status-publish","hentry"],"acf":[],"_links":{"self":[{"href":"https:\/\/bsstaff.onlinevalles.club\/en\/wp-json\/wp\/v2\/pages\/2083","targetHints":{"allow":["GET"]}}],"collection":[{"href":"https:\/\/bsstaff.onlinevalles.club\/en\/wp-json\/wp\/v2\/pages"}],"about":[{"href":"https:\/\/bsstaff.onlinevalles.club\/en\/wp-json\/wp\/v2\/types\/page"}],"author":[{"embeddable":true,"href":"https:\/\/bsstaff.onlinevalles.club\/en\/wp-json\/wp\/v2\/users\/2"}],"replies":[{"embeddable":true,"href":"https:\/\/bsstaff.onlinevalles.club\/en\/wp-json\/wp\/v2\/comments?post=2083"}],"version-history":[{"count":15,"href":"https:\/\/bsstaff.onlinevalles.club\/en\/wp-json\/wp\/v2\/pages\/2083\/revisions"}],"predecessor-version":[{"id":4039,"href":"https:\/\/bsstaff.onlinevalles.club\/en\/wp-json\/wp\/v2\/pages\/2083\/revisions\/4039"}],"up":[{"embeddable":true,"href":"https:\/\/bsstaff.onlinevalles.club\/en\/wp-json\/wp\/v2\/pages\/2067"}],"wp:attachment":[{"href":"https:\/\/bsstaff.onlinevalles.club\/en\/wp-json\/wp\/v2\/media?parent=2083"}],"curies":[{"name":"wp","href":"https:\/\/api.w.org\/{rel}","templated":true}]}}