{"id":2086,"date":"2025-12-24T11:47:33","date_gmt":"2025-12-24T11:47:33","guid":{"rendered":"https:\/\/bsstaff.onlinevalles.club\/?page_id=2086"},"modified":"2026-03-19T10:29:55","modified_gmt":"2026-03-19T10:29:55","slug":"control-y-gestion-de-parkings","status":"publish","type":"page","link":"https:\/\/bsstaff.onlinevalles.club\/en\/servicios-auxiliares-de-seguridad\/control-y-gestion-de-parkings\/","title":{"rendered":"Parking control and management"},"content":{"rendered":"<div data-elementor-type=\"wp-page\" data-elementor-id=\"2086\" class=\"elementor elementor-2086\" data-elementor-post-type=\"page\">\n\t\t\t\t<main class=\"elementor-element elementor-element-c287b59 page-title hero-grid e-con-full e-flex e-con e-parent\" data-id=\"c287b59\" data-element_type=\"container\" data-settings=\"{&quot;background_background&quot;:&quot;classic&quot;}\">\n\t\t<div class=\"elementor-element elementor-element-9e417b5 hero-bg e-con-full e-flex e-con e-child\" data-id=\"9e417b5\" data-element_type=\"container\">\n\t\t\t\t<\/div>\n\t\t<div class=\"elementor-element elementor-element-abf2ee7 e-flex e-con-boxed e-con e-child\" data-id=\"abf2ee7\" data-element_type=\"container\">\n\t\t\t\t\t<div class=\"e-con-inner\">\n\t\t<div class=\"elementor-element elementor-element-0f3718c e-con-full e-flex e-con e-child\" data-id=\"0f3718c\" data-element_type=\"container\" data-settings=\"{&quot;background_background&quot;:&quot;classic&quot;}\">\n\t\t\t\t<div class=\"elementor-element elementor-element-a81df61 animated-slow elementor-widget elementor-widget-heading\" data-id=\"a81df61\" data-element_type=\"widget\" data-settings=\"{&quot;_animation&quot;:&quot;none&quot;,&quot;_animation_delay&quot;:50}\" data-widget_type=\"heading.default\">\n\t\t\t\t\t<h1 class=\"elementor-heading-title elementor-size-default\">Gesti\u00f3n profesional de parkings y control de estacionamientos en empresas \n<\/h1>\t\t\t\t<\/div>\n\t\t\t\t<div class=\"elementor-element elementor-element-81b27c4 elementor-widget elementor-widget-eloi_breadcrumb\" data-id=\"81b27c4\" data-element_type=\"widget\" data-widget_type=\"eloi_breadcrumb.default\">\n\t\t\t\t<div class=\"elementor-widget-container\">\n\t\t\t\t\t<nav class=\"breadcrumb\" aria-label=\"breadcrumb\"><a href=\"https:\/\/bsstaff.onlinevalles.club\/en\">Start<\/a><\/nav>\t\t\t\t<\/div>\n\t\t\t\t<\/div>\n\t\t\t\t<\/div>\n\t\t\t\t\t<\/div>\n\t\t\t\t<\/div>\n\t\t\t\t<\/main>\n\t\t<div class=\"elementor-element elementor-element-8562ec5 e-grid e-con-boxed e-con e-parent\" data-id=\"8562ec5\" data-element_type=\"container\" data-settings=\"{&quot;background_background&quot;:&quot;classic&quot;}\">\n\t\t\t\t\t<div class=\"e-con-inner\">\n\t\t<div class=\"elementor-element elementor-element-fa29aca e-con-full e-flex e-con e-child\" data-id=\"fa29aca\" data-element_type=\"container\">\n\t\t\t\t<div class=\"elementor-element elementor-element-d5fe835 gradient-text elementor-widget elementor-widget-heading\" data-id=\"d5fe835\" data-element_type=\"widget\" data-widget_type=\"heading.default\">\n\t\t\t\t\t<h2 class=\"elementor-heading-title elementor-size-default\">Soluciones de control y vigilancia para estacionamientos empresariales y privados\n<\/h2>\t\t\t\t<\/div>\n\t\t\t\t<div class=\"elementor-element elementor-element-8540e15 post-content elementor-widget elementor-widget-text-editor\" data-id=\"8540e15\" data-element_type=\"widget\" data-widget_type=\"text-editor.default\">\n\t\t\t\t\t\t\t\t\t<p>La gesti\u00f3n eficiente de un parking es un factor clave para garantizar la seguridad, la fluidez del tr\u00e1fico interno y la correcta utilizaci\u00f3n de las plazas de estacionamiento. En BS Staff ofrecemos servicios de control y gesti\u00f3n de parkings dise\u00f1ados para empresas, edificios corporativos, centros log\u00edsticos, instalaciones industriales y parkings privados, tanto interiores como exteriores.<\/p>\t\t\t\t\t\t\t\t<\/div>\n\t\t\t\t<\/div>\n\t\t<div class=\"elementor-element elementor-element-1e382c9 e-flex e-con-boxed e-con e-child\" data-id=\"1e382c9\" data-element_type=\"container\">\n\t\t\t\t\t<div class=\"e-con-inner\">\n\t\t\t\t<div class=\"elementor-element elementor-element-d938e68 foto-dreta elementor-widget elementor-widget-imagen_avanzada\" data-id=\"d938e68\" data-element_type=\"widget\" data-widget_type=\"imagen_avanzada.default\">\n\t\t\t\t<div class=\"elementor-widget-container\">\n\t\t\t\t\t<div class=\"imagen-avanzada land32\"><img decoding=\"async\" src=\"https:\/\/bsstaff.onlinevalles.club\/wp-content\/uploads\/2026\/01\/imagen-destacada-44.jpg\" alt=\"\"><\/div>\t\t\t\t<\/div>\n\t\t\t\t<\/div>\n\t\t\t\t\t<\/div>\n\t\t\t\t<\/div>\n\t\t\t\t\t<\/div>\n\t\t\t\t<\/div>\n\t\t<div class=\"elementor-element elementor-element-5b03efc e-con-full cta-cards e-flex e-con e-parent\" data-id=\"5b03efc\" data-element_type=\"container\">\n\t\t<div class=\"elementor-element elementor-element-02a664c e-grid e-con-boxed e-con e-child\" data-id=\"02a664c\" data-element_type=\"container\" data-settings=\"{&quot;background_background&quot;:&quot;classic&quot;}\">\n\t\t\t\t\t<div class=\"e-con-inner\">\n\t\t<div class=\"elementor-element elementor-element-67e2aa7 e-con-full e-flex e-con e-child\" data-id=\"67e2aa7\" data-element_type=\"container\">\n\t\t\t\t<div class=\"elementor-element elementor-element-18758ef elementor-widget elementor-widget-heading\" data-id=\"18758ef\" data-element_type=\"widget\" data-widget_type=\"heading.default\">\n\t\t\t\t\t<h2 class=\"elementor-heading-title elementor-size-default\">Servicios de gesti\u00f3n de parkings adaptados a cada tipo de instalaci\u00f3n<\/h2>\t\t\t\t<\/div>\n\t\t\t\t<\/div>\n\t\t<div class=\"elementor-element elementor-element-f6e2c71 e-con-full e-flex e-con e-child\" data-id=\"f6e2c71\" data-element_type=\"container\">\n\t\t\t\t<div class=\"elementor-element elementor-element-55f3ef7 elementor-widget elementor-widget-text-editor\" data-id=\"55f3ef7\" data-element_type=\"widget\" data-widget_type=\"text-editor.default\">\n\t\t\t\t\t\t\t\t\t<p><strong>Prestamos servicio en parkings corporativos, industriales, comerciales, residenciales y de uso mixto, tanto de forma permanente como para refuerzos puntuales.<\/strong><\/p><p>Nuestro equipo recibe formaci\u00f3n continua en atenci\u00f3n al cliente, manejo de sistemas autom\u00e1ticos y protocolos de seguridad, garantizando profesionalidad, responsabilidad y una respuesta eficaz ante cualquier situaci\u00f3n.<\/p>\t\t\t\t\t\t\t\t<\/div>\n\t\t\t\t<\/div>\n\t\t\t\t\t<\/div>\n\t\t\t\t<\/div>\n\t\t<div class=\"elementor-element elementor-element-4c3737d e-grid e-con-boxed e-con e-child\" data-id=\"4c3737d\" data-element_type=\"container\" data-settings=\"{&quot;background_background&quot;:&quot;classic&quot;}\">\n\t\t\t\t\t<div class=\"e-con-inner\">\n\t\t<div class=\"elementor-element elementor-element-936e7b1 e-con-full e-flex e-con e-child\" data-id=\"936e7b1\" data-element_type=\"container\" data-settings=\"{&quot;background_background&quot;:&quot;classic&quot;}\">\n\t\t<div class=\"elementor-element elementor-element-10569d9 e-con-full e-flex elementor-invisible e-con e-child\" data-id=\"10569d9\" data-element_type=\"container\" data-settings=\"{&quot;animation&quot;:&quot;fadeIn&quot;}\">\n\t\t\t\t<div class=\"elementor-element elementor-element-7a2361f icon-servicios elementor-widget elementor-widget-image\" data-id=\"7a2361f\" data-element_type=\"widget\" data-widget_type=\"image.default\">\n\t\t\t\t\t\t\t\t\t\t\t\t\t\t\t<img fetchpriority=\"high\" decoding=\"async\" width=\"340\" height=\"340\" src=\"https:\/\/bsstaff.onlinevalles.club\/wp-content\/uploads\/2026\/03\/i-o.png\" class=\"attachment-large size-large wp-image-4077\" alt=\"\" srcset=\"https:\/\/bsstaff.onlinevalles.club\/wp-content\/uploads\/2026\/03\/i-o.png 340w, https:\/\/bsstaff.onlinevalles.club\/wp-content\/uploads\/2026\/03\/i-o-300x300.png 300w, https:\/\/bsstaff.onlinevalles.club\/wp-content\/uploads\/2026\/03\/i-o-150x150.png 150w, https:\/\/bsstaff.onlinevalles.club\/wp-content\/uploads\/2026\/03\/i-o-12x12.png 12w\" sizes=\"(max-width: 340px) 100vw, 340px\" \/>\t\t\t\t\t\t\t\t\t\t\t\t\t\t\t<\/div>\n\t\t\t\t<div class=\"elementor-element elementor-element-2e19181 elementor-widget elementor-widget-heading\" data-id=\"2e19181\" data-element_type=\"widget\" data-widget_type=\"heading.default\">\n\t\t\t\t\t<h3 class=\"elementor-heading-title elementor-size-default\">Asistencia a conductores y peatones dentro del parking.<\/h3>\t\t\t\t<\/div>\n\t\t\t\t<\/div>\n\t\t\t\t<\/div>\n\t\t<div class=\"elementor-element elementor-element-cfab30e e-con-full e-flex e-con e-child\" data-id=\"cfab30e\" data-element_type=\"container\" data-settings=\"{&quot;background_background&quot;:&quot;classic&quot;}\">\n\t\t<div class=\"elementor-element elementor-element-4832b68 e-con-full e-flex elementor-invisible e-con e-child\" data-id=\"4832b68\" data-element_type=\"container\" data-settings=\"{&quot;animation&quot;:&quot;fadeIn&quot;}\">\n\t\t\t\t<div class=\"elementor-element elementor-element-b10a306 icon-servicios elementor-widget elementor-widget-image\" data-id=\"b10a306\" data-element_type=\"widget\" data-widget_type=\"image.default\">\n\t\t\t\t\t\t\t\t\t\t\t\t\t\t\t<img decoding=\"async\" width=\"340\" height=\"340\" src=\"https:\/\/bsstaff.onlinevalles.club\/wp-content\/uploads\/2026\/03\/i-p.png\" class=\"attachment-large size-large wp-image-4076\" alt=\"\" srcset=\"https:\/\/bsstaff.onlinevalles.club\/wp-content\/uploads\/2026\/03\/i-p.png 340w, https:\/\/bsstaff.onlinevalles.club\/wp-content\/uploads\/2026\/03\/i-p-300x300.png 300w, https:\/\/bsstaff.onlinevalles.club\/wp-content\/uploads\/2026\/03\/i-p-150x150.png 150w, https:\/\/bsstaff.onlinevalles.club\/wp-content\/uploads\/2026\/03\/i-p-12x12.png 12w\" sizes=\"(max-width: 340px) 100vw, 340px\" \/>\t\t\t\t\t\t\t\t\t\t\t\t\t\t\t<\/div>\n\t\t\t\t<div class=\"elementor-element elementor-element-58e177f elementor-widget elementor-widget-heading\" data-id=\"58e177f\" data-element_type=\"widget\" data-widget_type=\"heading.default\">\n\t\t\t\t\t<h3 class=\"elementor-heading-title elementor-size-default\">Gesti\u00f3n de incidencias t\u00e9cnicas, accesos bloqueados o veh\u00edculos mal estacionados.<\/h3>\t\t\t\t<\/div>\n\t\t\t\t<\/div>\n\t\t\t\t<\/div>\n\t\t<div class=\"elementor-element elementor-element-04303d4 e-con-full e-flex e-con e-child\" data-id=\"04303d4\" data-element_type=\"container\" data-settings=\"{&quot;background_background&quot;:&quot;classic&quot;}\">\n\t\t<div class=\"elementor-element elementor-element-a29d436 e-con-full e-flex elementor-invisible e-con e-child\" data-id=\"a29d436\" data-element_type=\"container\" data-settings=\"{&quot;animation&quot;:&quot;fadeIn&quot;}\">\n\t\t\t\t<div class=\"elementor-element elementor-element-d0103ae icon-servicios elementor-widget elementor-widget-image\" data-id=\"d0103ae\" data-element_type=\"widget\" data-widget_type=\"image.default\">\n\t\t\t\t\t\t\t\t\t\t\t\t\t\t\t<img decoding=\"async\" width=\"250\" height=\"250\" src=\"https:\/\/bsstaff.onlinevalles.club\/wp-content\/uploads\/2026\/03\/i-control.png\" class=\"attachment-large size-large wp-image-3640\" alt=\"\" srcset=\"https:\/\/bsstaff.onlinevalles.club\/wp-content\/uploads\/2026\/03\/i-control.png 250w, https:\/\/bsstaff.onlinevalles.club\/wp-content\/uploads\/2026\/03\/i-control-150x150.png 150w, https:\/\/bsstaff.onlinevalles.club\/wp-content\/uploads\/2026\/03\/i-control-12x12.png 12w\" sizes=\"(max-width: 250px) 100vw, 250px\" \/>\t\t\t\t\t\t\t\t\t\t\t\t\t\t\t<\/div>\n\t\t\t\t<div class=\"elementor-element elementor-element-b4801b5 elementor-widget elementor-widget-heading\" data-id=\"b4801b5\" data-element_type=\"widget\" data-widget_type=\"heading.default\">\n\t\t\t\t\t<h3 class=\"elementor-heading-title elementor-size-default\">Supervisi\u00f3n de sistemas de pago, tiques y validaciones.<\/h3>\t\t\t\t<\/div>\n\t\t\t\t<\/div>\n\t\t\t\t<\/div>\n\t\t<div class=\"elementor-element elementor-element-36a57a7 e-con-full e-flex e-con e-child\" data-id=\"36a57a7\" data-element_type=\"container\" data-settings=\"{&quot;background_background&quot;:&quot;classic&quot;}\">\n\t\t<div class=\"elementor-element elementor-element-34e743b e-con-full e-flex elementor-invisible e-con e-child\" data-id=\"34e743b\" data-element_type=\"container\" data-settings=\"{&quot;animation&quot;:&quot;fadeIn&quot;}\">\n\t\t\t\t<div class=\"elementor-element elementor-element-ef6663d icon-servicios elementor-widget elementor-widget-image\" data-id=\"ef6663d\" data-element_type=\"widget\" data-widget_type=\"image.default\">\n\t\t\t\t\t\t\t\t\t\t\t\t\t\t\t<img loading=\"lazy\" decoding=\"async\" width=\"340\" height=\"340\" src=\"https:\/\/bsstaff.onlinevalles.club\/wp-content\/uploads\/2026\/03\/i-dron-3.png\" class=\"attachment-large size-large wp-image-3792\" alt=\"\" srcset=\"https:\/\/bsstaff.onlinevalles.club\/wp-content\/uploads\/2026\/03\/i-dron-3.png 340w, https:\/\/bsstaff.onlinevalles.club\/wp-content\/uploads\/2026\/03\/i-dron-3-300x300.png 300w, https:\/\/bsstaff.onlinevalles.club\/wp-content\/uploads\/2026\/03\/i-dron-3-150x150.png 150w, https:\/\/bsstaff.onlinevalles.club\/wp-content\/uploads\/2026\/03\/i-dron-3-12x12.png 12w\" sizes=\"(max-width: 340px) 100vw, 340px\" \/>\t\t\t\t\t\t\t\t\t\t\t\t\t\t\t<\/div>\n\t\t\t\t<div class=\"elementor-element elementor-element-4205604 elementor-widget elementor-widget-heading\" data-id=\"4205604\" data-element_type=\"widget\" data-widget_type=\"heading.default\">\n\t\t\t\t\t<h3 class=\"elementor-heading-title elementor-size-default\">Comunicaci\u00f3n inmediata de incidencias relevantes al responsable designado.<\/h3>\t\t\t\t<\/div>\n\t\t\t\t<\/div>\n\t\t\t\t<\/div>\n\t\t\t\t\t<\/div>\n\t\t\t\t<\/div>\n\t\t\t\t<\/div>\n\t\t<div class=\"elementor-element elementor-element-bf6a65c e-grid e-con-boxed e-con e-parent\" data-id=\"bf6a65c\" data-element_type=\"container\" data-settings=\"{&quot;background_background&quot;:&quot;classic&quot;}\">\n\t\t\t\t\t<div class=\"e-con-inner\">\n\t\t<div class=\"elementor-element elementor-element-4bf656e e-flex e-con-boxed e-con e-child\" data-id=\"4bf656e\" data-element_type=\"container\">\n\t\t\t\t\t<div class=\"e-con-inner\">\n\t\t\t\t<div class=\"elementor-element elementor-element-f05e309 foto-dreta elementor-widget elementor-widget-imagen_avanzada\" data-id=\"f05e309\" data-element_type=\"widget\" data-widget_type=\"imagen_avanzada.default\">\n\t\t\t\t<div class=\"elementor-widget-container\">\n\t\t\t\t\t<div class=\"imagen-avanzada land32\"><img decoding=\"async\" src=\"https:\/\/bsstaff.onlinevalles.club\/wp-content\/uploads\/2026\/01\/imagen-destacada-55-scaled.jpg\" alt=\"\"><\/div>\t\t\t\t<\/div>\n\t\t\t\t<\/div>\n\t\t\t\t\t<\/div>\n\t\t\t\t<\/div>\n\t\t<div class=\"elementor-element elementor-element-fd2e809 e-con-full e-flex e-con e-child\" data-id=\"fd2e809\" data-element_type=\"container\">\n\t\t\t\t<div class=\"elementor-element elementor-element-bffc4b6 elementor-widget elementor-widget-heading\" data-id=\"bffc4b6\" data-element_type=\"widget\" data-widget_type=\"heading.default\">\n\t\t\t\t\t<h2 class=\"elementor-heading-title elementor-size-default\">Control de accesos, circulaci\u00f3n y uso de plazas de aparcamiento<\/h2>\t\t\t\t<\/div>\n\t\t\t\t<div class=\"elementor-element elementor-element-7d2c5c7 post-content elementor-widget elementor-widget-text-editor\" data-id=\"7d2c5c7\" data-element_type=\"widget\" data-widget_type=\"text-editor.default\">\n\t\t\t\t\t\t\t\t\t<p>Cada parking presenta necesidades espec\u00edficas en funci\u00f3n de su capacidad, tipolog\u00eda de usuarios y sistemas de control instalados. En BS Staff adaptamos el servicio a cada entorno, asegurando una gesti\u00f3n eficaz de accesos, una correcta circulaci\u00f3n de veh\u00edculos y un uso optimizado de las plazas disponibles.<\/p><p>La presencia del personal auxiliar permite detectar situaciones an\u00f3malas de forma inmediata y actuar conforme a los protocolos establecidos por el cliente.<\/p>\t\t\t\t\t\t\t\t<\/div>\n\t\t\t\t<\/div>\n\t\t\t\t\t<\/div>\n\t\t\t\t<\/div>\n\t\t<main class=\"elementor-element elementor-element-678b9b3 e-grid  hero-grid e-con-boxed e-con e-parent\" data-id=\"678b9b3\" data-element_type=\"container\" data-settings=\"{&quot;background_background&quot;:&quot;classic&quot;}\">\n\t\t\t\t\t<div class=\"e-con-inner\">\n\t\t<div class=\"elementor-element elementor-element-d8ce916 e-flex e-con-boxed e-con e-child\" data-id=\"d8ce916\" data-element_type=\"container\">\n\t\t\t\t\t<div class=\"e-con-inner\">\n\t\t<div class=\"elementor-element elementor-element-84ecde1 e-con-full e-flex e-con e-child\" data-id=\"84ecde1\" data-element_type=\"container\">\n\t\t\t\t<div class=\"elementor-element elementor-element-052ec55 elementor-widget elementor-widget-heading\" data-id=\"052ec55\" data-element_type=\"widget\" data-widget_type=\"heading.default\">\n\t\t\t\t\t<h3 class=\"elementor-heading-title elementor-size-default\">\u00bfNecesita control y gesti\u00f3n de su parking?\n<\/h3>\t\t\t\t<\/div>\n\t\t\t\t<div class=\"elementor-element elementor-element-045ae89 elementor-widget__width-initial elementor-widget elementor-widget-text-editor\" data-id=\"045ae89\" data-element_type=\"widget\" data-settings=\"{&quot;_animation&quot;:&quot;none&quot;,&quot;_animation_delay&quot;:600}\" data-widget_type=\"text-editor.default\">\n\t\t\t\t\t\t\t\t\t<p>Get in touch and we&#039;ll advise you on whatever you need.<\/p><p><strong>We prepare a no-obligation quote.<\/strong><\/p>\t\t\t\t\t\t\t\t<\/div>\n\t\t<div class=\"elementor-element elementor-element-3ff4777 e-con-full e-flex e-con e-child\" data-id=\"3ff4777\" data-element_type=\"container\">\n\t\t\t\t<div class=\"elementor-element elementor-element-b918d50 elementor-view-stacked elementor-position-left elementor-shape-circle elementor-mobile-position-top elementor-widget elementor-widget-icon-box\" data-id=\"b918d50\" data-element_type=\"widget\" data-widget_type=\"icon-box.default\">\n\t\t\t\t\t\t\t<div class=\"elementor-icon-box-wrapper\">\n\n\t\t\t\t\t\t<div class=\"elementor-icon-box-icon\">\n\t\t\t\t<span  class=\"elementor-icon\">\n\t\t\t\t<svg aria-hidden=\"true\" class=\"e-font-icon-svg e-fas-mobile-alt\" viewbox=\"0 0 320 512\" xmlns=\"http:\/\/www.w3.org\/2000\/svg\"><path d=\"M272 0H48C21.5 0 0 21.5 0 48v416c0 26.5 21.5 48 48 48h224c26.5 0 48-21.5 48-48V48c0-26.5-21.5-48-48-48zM160 480c-17.7 0-32-14.3-32-32s14.3-32 32-32 32 14.3 32 32-14.3 32-32 32zm112-108c0 6.6-5.4 12-12 12H60c-6.6 0-12-5.4-12-12V60c0-6.6 5.4-12 12-12h200c6.6 0 12 5.4 12 12v312z\"><\/path><\/svg>\t\t\t\t<\/span>\n\t\t\t<\/div>\n\t\t\t\n\t\t\t\t\t\t<div class=\"elementor-icon-box-content\">\n\n\t\t\t\t\t\t\t\t\t<span class=\"elementor-icon-box-title\">\n\t\t\t\t\t\t<span  >\n\t\t\t\t\t\t\t<a href=\"tel:674842664\">674 842 664<\/a>\t\t\t\t\t\t<\/span>\n\t\t\t\t\t<\/span>\n\t\t\t\t\n\t\t\t\t\n\t\t\t<\/div>\n\t\t\t\n\t\t<\/div>\n\t\t\t\t\t\t<\/div>\n\t\t\t\t<div class=\"elementor-element elementor-element-8b00b1d elementor-view-stacked elementor-position-left elementor-shape-circle elementor-mobile-position-top elementor-widget elementor-widget-icon-box\" data-id=\"8b00b1d\" data-element_type=\"widget\" data-widget_type=\"icon-box.default\">\n\t\t\t\t\t\t\t<div class=\"elementor-icon-box-wrapper\">\n\n\t\t\t\t\t\t<div class=\"elementor-icon-box-icon\">\n\t\t\t\t<span  class=\"elementor-icon\">\n\t\t\t\t<svg aria-hidden=\"true\" class=\"e-font-icon-svg e-fas-phone-alt\" viewbox=\"0 0 512 512\" xmlns=\"http:\/\/www.w3.org\/2000\/svg\"><path d=\"M497.39 361.8l-112-48a24 24 0 0 0-28 6.9l-49.6 60.6A370.66 370.66 0 0 1 130.6 204.11l60.6-49.6a23.94 23.94 0 0 0 6.9-28l-48-112A24.16 24.16 0 0 0 122.6.61l-104 24A24 24 0 0 0 0 48c0 256.5 207.9 464 464 464a24 24 0 0 0 23.4-18.6l24-104a24.29 24.29 0 0 0-14.01-27.6z\"><\/path><\/svg>\t\t\t\t<\/span>\n\t\t\t<\/div>\n\t\t\t\n\t\t\t\t\t\t<div class=\"elementor-icon-box-content\">\n\n\t\t\t\t\t\t\t\t\t<span class=\"elementor-icon-box-title\">\n\t\t\t\t\t\t<span  >\n\t\t\t\t\t\t\t<a href=\"tel:934460919\">934 460 919<\/a>\t\t\t\t\t\t<\/span>\n\t\t\t\t\t<\/span>\n\t\t\t\t\n\t\t\t\t\n\t\t\t<\/div>\n\t\t\t\n\t\t<\/div>\n\t\t\t\t\t\t<\/div>\n\t\t\t\t<\/div>\n\t\t\t\t<\/div>\n\t\t\t\t\t<\/div>\n\t\t\t\t<\/div>\n\t\t<div class=\"elementor-element elementor-element-b11bca3 e-con-full e-flex e-con e-child\" data-id=\"b11bca3\" data-element_type=\"container\" data-settings=\"{&quot;background_background&quot;:&quot;classic&quot;}\">\n\t\t\t\t<div class=\"elementor-element elementor-element-ff7cfbd elementor-widget elementor-widget-shortcode\" data-id=\"ff7cfbd\" data-element_type=\"widget\" data-widget_type=\"shortcode.default\">\n\t\t\t\t\t\t\t<div class=\"elementor-shortcode\">\n<div class=\"wpcf7 no-js\" id=\"wpcf7-f357-o1\" lang=\"es-ES\" dir=\"ltr\" data-wpcf7-id=\"357\">\n<div class=\"screen-reader-response\"><p role=\"status\" aria-live=\"polite\" aria-atomic=\"true\"><\/p> <ul><\/ul><\/div>\n<form action=\"\/en\/wp-json\/wp\/v2\/pages\/2086#wpcf7-f357-o1\" method=\"post\" class=\"wpcf7-form init\" aria-label=\"Formulario de contacto\" novalidate=\"novalidate\" data-status=\"init\" data-trp-original-action=\"\/en\/wp-json\/wp\/v2\/pages\/2086#wpcf7-f357-o1\">\n<fieldset class=\"hidden-fields-container\"><input type=\"hidden\" name=\"_wpcf7\" value=\"357\" \/><input type=\"hidden\" name=\"_wpcf7_version\" value=\"6.1.4\" \/><input type=\"hidden\" name=\"_wpcf7_locale\" value=\"es_ES\" \/><input type=\"hidden\" name=\"_wpcf7_unit_tag\" value=\"wpcf7-f357-o1\" \/><input type=\"hidden\" name=\"_wpcf7_container_post\" value=\"0\" \/><input type=\"hidden\" name=\"_wpcf7_posted_data_hash\" value=\"\" \/>\n<\/fieldset>\n<div class=\"formulari contacte\">\n\t<div class=\"formulari-row\">\n\t\t<div class=\"formulari-col\">\n\t\t\t<p><label class=\"form-group\"><span class=\"label\">Name *<\/span><span class=\"wpcf7-form-control-wrap\" data-name=\"your-name\"><input size=\"40\" maxlength=\"400\" class=\"wpcf7-form-control wpcf7-text wpcf7-validates-as-required form-input\" aria-required=\"true\" aria-invalid=\"false\" placeholder=\"Name*\" value=\"\" type=\"text\" name=\"your-name\" \/><\/span> <\/label>\n\t\t\t<\/p>\n\t\t<\/div>\n\t\t<div class=\"formulari-col\">\n\t\t\t<p><label class=\"form-group\"><span class=\"label\">Phone *<\/span><span class=\"wpcf7-form-control-wrap\" data-name=\"Phone\"><input size=\"40\" maxlength=\"400\" class=\"wpcf7-form-control wpcf7-tel wpcf7-text wpcf7-validates-as-tel form-input\" aria-invalid=\"false\" placeholder=\"Phone *\" value=\"\" type=\"tel\" name=\"Phone\" \/><\/span> <\/label>\n\t\t\t<\/p>\n\t\t<\/div>\n\t\t<div class=\"formulari-col-2\">\n\t\t\t<p><label class=\"form-group\"><span class=\"label\">Email *<\/span><span class=\"wpcf7-form-control-wrap\" data-name=\"your-email\"><input size=\"40\" maxlength=\"400\" class=\"wpcf7-form-control wpcf7-email wpcf7-validates-as-required wpcf7-text wpcf7-validates-as-email form-input\" aria-required=\"true\" aria-invalid=\"false\" placeholder=\"Email *\" value=\"\" type=\"email\" name=\"your-email\" \/><\/span> <\/label>\n\t\t\t<\/p>\n\t\t<\/div>\n\t<\/div>\n\t<p><label class=\"form-textarea\"><span class=\"label\">Consultation<\/span><span class=\"wpcf7-form-control-wrap\" data-name=\"your-message\"><textarea cols=\"40\" rows=\"6\" maxlength=\"2000\" class=\"wpcf7-form-control wpcf7-textarea form-textarea\" aria-invalid=\"false\" placeholder=\"I want information about...\" name=\"your-message\"><\/textarea><\/span><\/label>\n\t<\/p>\n\t<p class=\"drets\">As data controllers, we will process your data to send you information and commercial updates about our services. You can access, rectify, and delete your data, as well as exercise other rights, by consulting the additional and detailed information on data protection in our <a href=\"\/en\/politica-de-privacidad\/\">Privacy Policy<\/a>.\n\t<\/p>\n\t<p class=\"drets\"><span class=\"wpcf7-form-control-wrap\" data-name=\"acceptance-btn\"><span class=\"wpcf7-form-control wpcf7-acceptance\"><span class=\"wpcf7-list-item\"><label><input type=\"checkbox\" name=\"acceptance-btn\" value=\"1\" aria-invalid=\"false\" \/><span class=\"wpcf7-list-item-label\">I understand and accept the <a href=\"\/en\/politica-de-privacidad\/\">Privacy Policy<\/a>.<\/span><\/label><\/span><\/span><\/span>\n\t<\/p>\n\t<div class=\"enviar\">\n\t\t<p><input class=\"wpcf7-form-control wpcf7-submit has-spinner form-btn\" type=\"submit\" value=\"Solicitar presupuesto\" \/>\n\t\t<\/p>\n\t<\/div>\n<\/div><div class=\"wpcf7-response-output\" aria-hidden=\"true\"><\/div>\n<input type=\"hidden\" name=\"trp-form-language\" value=\"en\"\/><\/form>\n<\/div>\n<\/div>\n\t\t\t\t\t\t<\/div>\n\t\t\t\t<\/div>\n\t\t\t\t\t<\/div>\n\t\t\t\t<\/main>\n\t\t\t\t<\/div>","protected":false},"excerpt":{"rendered":"<p>Gesti\u00f3n profesional de parkings y control de estacionamientos en empresas Inicio Soluciones de control y vigilancia para estacionamientos empresariales y privados La gesti\u00f3n eficiente de un parking es un factor clave para garantizar la seguridad, la fluidez del tr\u00e1fico interno y la correcta utilizaci\u00f3n de las plazas de estacionamiento. En BS Staff ofrecemos servicios de [&hellip;]<\/p>","protected":false},"author":2,"featured_media":0,"parent":2067,"menu_order":0,"comment_status":"closed","ping_status":"closed","template":"","meta":{"_acf_changed":false,"footnotes":""},"class_list":["post-2086","page","type-page","status-publish","hentry"],"acf":[],"_links":{"self":[{"href":"https:\/\/bsstaff.onlinevalles.club\/en\/wp-json\/wp\/v2\/pages\/2086","targetHints":{"allow":["GET"]}}],"collection":[{"href":"https:\/\/bsstaff.onlinevalles.club\/en\/wp-json\/wp\/v2\/pages"}],"about":[{"href":"https:\/\/bsstaff.onlinevalles.club\/en\/wp-json\/wp\/v2\/types\/page"}],"author":[{"embeddable":true,"href":"https:\/\/bsstaff.onlinevalles.club\/en\/wp-json\/wp\/v2\/users\/2"}],"replies":[{"embeddable":true,"href":"https:\/\/bsstaff.onlinevalles.club\/en\/wp-json\/wp\/v2\/comments?post=2086"}],"version-history":[{"count":15,"href":"https:\/\/bsstaff.onlinevalles.club\/en\/wp-json\/wp\/v2\/pages\/2086\/revisions"}],"predecessor-version":[{"id":4081,"href":"https:\/\/bsstaff.onlinevalles.club\/en\/wp-json\/wp\/v2\/pages\/2086\/revisions\/4081"}],"up":[{"embeddable":true,"href":"https:\/\/bsstaff.onlinevalles.club\/en\/wp-json\/wp\/v2\/pages\/2067"}],"wp:attachment":[{"href":"https:\/\/bsstaff.onlinevalles.club\/en\/wp-json\/wp\/v2\/media?parent=2086"}],"curies":[{"name":"wp","href":"https:\/\/api.w.org\/{rel}","templated":true}]}}