{"id":519,"date":"2025-11-06T12:20:44","date_gmt":"2025-11-06T12:20:44","guid":{"rendered":"https:\/\/bsstaff.onlinevalles.club\/?page_id=519"},"modified":"2026-03-19T11:09:06","modified_gmt":"2026-03-19T11:09:06","slug":"politica-de-privacidad","status":"publish","type":"page","link":"https:\/\/bsstaff.onlinevalles.club\/en\/politica-de-privacidad\/","title":{"rendered":"Privacy Policy"},"content":{"rendered":"<p>Su privacidad es importante para nosotros. En esta declaraci\u00f3n de privacidad se explica qu\u00e9 datos personales recopilamos de nuestros usuarios y c\u00f3mo los utilizamos. Le animamos a leer detenidamente estos t\u00e9rminos antes de facilitar sus datos personales en esta web. Los mayores de trece a\u00f1os podr\u00e1n registrarse en BS STAFF como usuarios sin el previo consentimiento de sus padres o tutores.<\/p>\n\n\n\n<h2 class=\"wp-block-heading\">Menores de edad<\/h2>\n\n\n\n<p>En el caso de los menores de trece a\u00f1os se requiere el consentimiento de los padres o tutores para el tratamiento de sus datos personales.<br>En ning\u00fan caso se recabar\u00e1n del menor de edad datos relativos a la situaci\u00f3n profesional, econ\u00f3mica o a la intimidad de los otros miembros de la familia, sin el consentimiento de \u00e9stos.<\/p>\n\n\n\n<p>Si es menor de trece a\u00f1os y ha accedido a este sitio web sin avisar a sus padres no debe registrarse como usuario ni proveer ning\u00fan tipo de informaci\u00f3n personal.<\/p>\n\n\n\n<h2 class=\"wp-block-heading\">Algunos principios que debe conocer<\/h2>\n\n\n\n<p>En esta web se respetan y cuidan los datos personales de los usuarios. Como usuario debe saber que tus derechos est\u00e1n garantizados.<br>Nos hemos esforzado en crear un espacio seguro y confiable y por eso queremos compartir nuestros principios respecto a su privacidad:<\/p>\n\n\n\n<ul class=\"wp-block-list\">\n<li>Nunca solicitamos informaci\u00f3n personal a menos que realmente sea necesaria para prestarle los servicios que requiera.<\/li>\n\n\n\n<li>Nunca compartimos informaci\u00f3n personal de nuestros usuarios con nadie, excepto para cumplir con la ley o en caso que contemos con su autorizaci\u00f3n expresa.<\/li>\n\n\n\n<li>Nunca utilizaremos sus datos personales con una finalidad diferente a la expresada en esta pol\u00edtica de privacidad.<\/li>\n<\/ul>\n\n\n\n<p>Es preciso advertir que esta Pol\u00edtica de Privacidad podr\u00eda variar en funci\u00f3n de exigencias legislativas o de autorregulaci\u00f3n, por lo que se aconseja a los usuarios que la visiten peri\u00f3dicamente. Ser\u00e1 aplicable en caso de que los usuarios decidan rellenar alg\u00fan formulario de cualquiera de sus formularios donde se recaben datos de car\u00e1cter personal.<\/p>\n\n\n\n<h2 class=\"wp-block-heading\">Regulaciones legales a las que se acoge BS STAFF<\/h2>\n\n\n\n<p>BS STAFF ha adecuado esta web a las exigencias de la Ley Org\u00e1nica 3\/2018, de 5 de diciembre, de Protecci\u00f3n de Datos Personales y garant\u00eda de los derechos digitales (LOPD-GDD), cumpliendo igualmente con el Reglamento (UE) 2016\/679 del Parlamento Europeo y del Consejo de 27 de abril de 2016 relativo a la protecci\u00f3n de las personas f\u00edsicas (RGPD), as\u00ed como con la Ley 34\/2002, de 11 de julio, de Servicios de la Sociedad de la Informaci\u00f3n y Comercio Electr\u00f3nico (LSSICE o LSSI).<\/p>\n\n\n\n<h2 class=\"wp-block-heading\">Responsable del tratamiento de sus datos personales<\/h2>\n\n\n\n<ul class=\"wp-block-list\">\n<li><strong>Identidad del responsable:<\/strong>\u00a0BS QUALITY STAFF, S.L<\/li>\n\n\n\n<li><strong>Nombre Comercial:<\/strong>\u00a0BS STAFF<\/li>\n\n\n\n<li><strong>Tel\u00e9fono:<\/strong>\u00a0934460919<\/li>\n\n\n\n<li><strong>Direcci\u00f3n:<\/strong>\u00a0Crta. Sant Cugat a Rub\u00ed, 40 &#8211; Edificio Forum 1\u00ba 3\u00aa &#8211; 08173 Sant Cugat del Vall\u00e9s<\/li>\n\n\n\n<li><strong>C\u00f3digo de Identificaci\u00f3n Fiscal:<\/strong>\u00a0B65489528<\/li>\n\n\n\n<li><strong>Correo electr\u00f3nico:<\/strong>\u00a0info@bsstaff.com<\/li>\n\n\n\n<li><strong>Actividad:<\/strong>\u00a0EMPRESA DE SEGURIDAD Y DE SERVICIOS AUXILIARES<\/li>\n<\/ul>\n\n\n\n<p>A efectos de lo previsto en el Reglamento General de Protecci\u00f3n de Datos antes citado, los datos personales que nos env\u00ede a trav\u00e9s de los formularios de la web recibir\u00e1n el tratamiento de datos de \u201cUsuarios de la web y suscriptores\u201d.<\/p>\n\n\n\n<p>Para el tratamiento de datos de nuestros usuarios implementamos todas las medidas t\u00e9cnicas y organizativas de seguridad establecidas en la legislaci\u00f3n vigente.<\/p>\n\n\n\n<h2 class=\"wp-block-heading\">\u00bfC\u00f3mo hemos obtenido sus datos?<\/h2>\n\n\n\n<p>Los datos personales que tratamos en BS STAFF proceden de:<\/p>\n\n\n\n<ul class=\"wp-block-list\">\n<li>Formularios de contacto.<\/li>\n\n\n\n<li>Formularios de presupuesto.<\/li>\n<\/ul>\n\n\n\n<h2 class=\"wp-block-heading\">\u00bfCu\u00e1les son sus derechos cuando nos facilite sus datos?<\/h2>\n\n\n\n<p>Los derechos de protecci\u00f3n de datos de los que son titulares los interesados son:<\/p>\n\n\n\n<ul class=\"wp-block-list\">\n<li>Derecho a solicitar el acceso a los datos personales relativos al interesado.<\/li>\n\n\n\n<li>Derecho a solicitar su rectificaci\u00f3n o supresi\u00f3n.<\/li>\n\n\n\n<li>Derecho a solicitar la limitaci\u00f3n de su tratamiento.<\/li>\n\n\n\n<li>Derecho a oponerse al tratamiento.<\/li>\n\n\n\n<li>Derecho a solicitar la portabilidad de los datos.<\/li>\n<\/ul>\n\n\n\n<p>Los interesados podr\u00e1n acceder a sus datos personales, as\u00ed como a solicitar la rectificaci\u00f3n de datos inexactos o, en su caso, a solicitar su supresi\u00f3n cuando, entre otros motivos, los datos ya no sean necesarios para los fines que fueron recogidos.<\/p>\n\n\n\n<p>En determinadas circunstancias, los interesados podr\u00e1n solicitar la&nbsp;<strong>limitaci\u00f3n<\/strong>&nbsp;del tratamiento de sus datos, en cuyo caso, \u00fanicamente los conservaremos para el ejercicio o la defensa de reclamaciones.<\/p>\n\n\n\n<p>En determinadas circunstancias y por motivos relacionados con su situaci\u00f3n particular, los interesados podr\u00e1n&nbsp;<strong>oponerse<\/strong>&nbsp;al tratamiento de sus datos. BS STAFF dejar\u00e1 de tratar los datos, salvo por motivos leg\u00edtimos imperiosos, o el ejercicio o la defensa de posibles reclamaciones. Tambi\u00e9n podr\u00e1n solicitar la&nbsp;<strong>portabilidad<\/strong>&nbsp;de sus datos.<\/p>\n\n\n\n<p>Los interesados tambi\u00e9n tendr\u00e1n derecho a la tutela judicial efectiva y a presentar una reclamaci\u00f3n ante la autoridad de control si consideran que el tratamiento de datos personales que le conciernen infringe el Reglamento.<\/p>\n\n\n\n<h2 class=\"wp-block-heading\">\u00bfCon qu\u00e9 finalidad tratamos sus datos personales?<\/h2>\n\n\n\n<p>Cuando un usuario se conecta con esta web, por ejemplo, para comentar una publicaci\u00f3n, mandar un correo al titular, suscribirse a alg\u00fan bolet\u00edn de noticias, descargar o solicitar alg\u00fan material o realizar alguna contrataci\u00f3n, est\u00e1 facilitando informaci\u00f3n de car\u00e1cter personal de la que es responsable BS STAFF. Esa informaci\u00f3n puede incluir datos de car\u00e1cter personal como pueden ser su direcci\u00f3n IP, nombre, direcci\u00f3n f\u00edsica, direcci\u00f3n de correo electr\u00f3nico, n\u00famero de tel\u00e9fono y otra informaci\u00f3n. Al facilitarnos esta informaci\u00f3n, el usuario da su consentimiento para que su informaci\u00f3n sea recopilada, utilizada, gestionada y almacenada por BS STAFF s\u00f3lo como se describe en el Aviso Legal y en la presente Pol\u00edtica de Privacidad.<\/p>\n\n\n\n<p>En BS STAFF existen diferentes sistemas de captura de informaci\u00f3n personal y tratamos la informaci\u00f3n que nos facilitan las personas interesadas con el siguiente fin por cada sistema de captura (formularios):<\/p>\n\n\n\n<ol class=\"wp-block-list\">\n<li><strong>Formulario de contacto:<\/strong>\u00a0Solicitamos los siguientes datos personales: nombre, email y tel\u00e9fono, para responder a los requerimientos de los usuarios de BS STAFF. Por ejemplo, podemos utilizar esos datos para responder a su solicitud y dar respuesta a las dudas, quejas, comentarios o inquietudes que usted pueda tener relativas a la informaci\u00f3n incluida en la web, los servicios que se prestan a trav\u00e9s de la web, el tratamiento de sus datos personales, cuestiones referentes a los textos legales incluidos en la web, as\u00ed como cualesquiera otras consultas que podamos tener y que no est\u00e9n sujetas a las condiciones de contrataci\u00f3n. Le informamos que los datos que usted nos facilite estar\u00e1n ubicados en servidores ubicados dentro de la UE.<\/li>\n\n\n\n<li><strong>Formulario de venta:<\/strong>\u00a0El usuario dispone de diferentes formularios de compra sujetos a las condiciones de contrataci\u00f3n especificadas en nuestras condiciones de contrataci\u00f3n particulares para cada producto o servicio donde se le requerir\u00e1n datos de contacto y de pago. Solicitamos los siguientes datos personales: nombre, apellido, email, direcci\u00f3n, datos de facturaci\u00f3n. Le informamos que los datos que nos facilite estar\u00e1n ubicados en los servidores de Fastspring (la empresa quien procesa todos nuestros pagos) en USA.<\/li>\n<\/ol>\n\n\n\n<p>Existen otras finalidades por las que tratamos sus datos personales:<\/p>\n\n\n\n<ul class=\"wp-block-list\">\n<li>Para garantizar el cumplimiento de las condiciones de uso y la ley aplicable. Esto puede incluir el desarrollo de herramientas y algoritmos que ayudan a nuestra web a garantizar la confidencialidad de los datos personales que recoge.<\/li>\n\n\n\n<li>Para apoyar y mejorar los servicios que ofrece nuestra web.<\/li>\n\n\n\n<li>Tambi\u00e9n se recogen otros datos no identificativos que se obtienen mediante algunas cookies que se descargan en el ordenador del usuario cuando navega en nuestra web que detallamos en la pol\u00edtica de cookies.<\/li>\n\n\n\n<li>Para gestionar las redes sociales. El tratamiento de los datos que se lleve a cabo de las personas que se hagan seguidoras en las redes sociales de las p\u00e1ginas oficiales de BS STAFF, se regir\u00e1 por este apartado. As\u00ed como por aquellas condiciones de uso, pol\u00edticas de privacidad y normativas de acceso que pertenezcan a la red social que proceda en cada caso y aceptadas previamente por el usuario de BS STAFF. Trataremos sus datos con las finalidades de administrar correctamente su presencia en la red social, informando de actividades, productos o servicios de BS STAFF. As\u00ed como para cualquier otra finalidad que las normativas de las redes sociales permitan. En el caso de que utilicemos los perfiles de seguidores en redes sociales para enviar publicidad de manera individual, ser\u00e1 \u00fanicamente a personas que nos lo soliciten o consientan de manera expresa, bien sea a trav\u00e9s de mensajes privados, solicitud en el \u00e1rea de comentarios de una de nuestras publicaciones o a trav\u00e9s del sistema Messenger de Facebook.<\/li>\n<\/ul>\n\n\n\n<p>BS STAFF no vende, alquila ni cede datos de car\u00e1cter personal que puedan identificar al usuario, ni lo har\u00e1 en el futuro, a terceros sin el consentimiento previo. Sin embargo, en algunos casos se pueden realizar colaboraciones con otros profesionales o empresas, en esos casos, se requerir\u00e1 consentimiento a los usuarios informando sobre la identidad del colaborador y la finalidad de la colaboraci\u00f3n. Siempre se realizar\u00e1 con los m\u00e1s estrictos est\u00e1ndares de seguridad.<\/p>\n\n\n\n<h2 class=\"wp-block-heading\">Legitimaci\u00f3n para el tratamiento de sus datos<\/h2>\n\n\n\n<p>La base legal para el tratamiento de sus datos es:&nbsp;<strong>el consentimiento<\/strong>.<\/p>\n\n\n\n<p>Para contactar o realizar comentarios en nuestra web se requiere el consentimiento con esta pol\u00edtica de privacidad.<\/p>\n\n\n\n<p>La oferta prospectiva o comercial de productos y servicios est\u00e1 basada tambi\u00e9n en el consentimiento que se le solicita, sin que en ning\u00fan caso la retirada de este consentimiento condicione la ejecuci\u00f3n del contrato de suscripci\u00f3n. Tambi\u00e9n la contrataci\u00f3n de productos y servicios seg\u00fan los t\u00e9rminos y condiciones que constan en la pol\u00edtica comercial.<\/p>\n\n\n\n<h4 class=\"wp-block-heading\">\u00bfPor cu\u00e1nto tiempo conservaremos sus datos?<\/h4>\n\n\n\n<p>Los datos personales proporcionados se conservar\u00e1n:<\/p>\n\n\n\n<ul class=\"wp-block-list\">\n<li>Mientras se mantenga la relaci\u00f3n comercial.<\/li>\n\n\n\n<li>Durante el tiempo que no se solicite su supresi\u00f3n por parte del interesado.<\/li>\n<\/ul>\n\n\n\n<h2 class=\"wp-block-heading\">\u00bfA qu\u00e9 destinatarios se comunicar\u00e1n sus datos?<\/h2>\n\n\n\n<p>Para prestar servicios estrictamente necesarios para el desarrollo de la actividad , BS STAFF comparte datos con los siguientes prestadores bajo sus correspondientes condiciones de privacidad.<\/p>\n\n\n\n<p>Todas las utilidades ofrecidas por terceros son estrictamente necesarias para el desarrollo de nuestros servicios y han sido seleccionadas atendiendo al cumplimiento de los derechos que preservamos en esta web.<\/p>\n\n\n\n<p>Todas las utilidades ofrecidas por terceros son estrictamente necesarias para el desarrollo de nuestros servicios y han sido seleccionadas atendiendo al cumplimiento de los derechos que preservamos en esta web.<\/p>\n\n\n\n<p><strong>Hosting:<\/strong>&nbsp;Soluciones Web Online, S.L., con domicilio en Calle Hermanos Machado, 19, CP 04720 EL PARADOR, Almer\u00eda, Espa\u00f1a, trata los datos con la finalidad de realizar sus servicios como proveedor de hosting.<\/p>\n\n\n\n<p><strong>Facebook:<\/strong>&nbsp;con domicilio en EEUU. Trata los datos con la finalidad de mostrar anuncios publicitarios, ofertas, promociones y publicaciones a nuestros visitantes, usuarios y clientes. Se incluyen en este tipo de cookies servicios de terceros Al visitar nuestra p\u00e1gina, se env\u00edan cookies procedentes de esos servicios a su navegador. Consulte m\u00e1s informaci\u00f3n sobre los tipos de cookies que utiliza Facebook , y c\u00f3mo las utilizan<\/p>\n\n\n\n<p><strong>Google Analytics:<\/strong>&nbsp;un servicio anal\u00edtico de web prestado por Google, Inc., una compa\u00f1\u00eda de Delaware cuya oficina principal est\u00e1 en 1600 Amphitheatre Parkway, Mountain View (California), CA 94043, Estados Unidos (\u201cGoogle\u201d). Google Analytics utiliza \u201ccookies\u201d, que son archivos de texto ubicados en su ordenador, para ayudar a a analizar el uso que hacen los usuarios del sitio web. La informaci\u00f3n que genera la cookie acerca de su uso (incluyendo tu direcci\u00f3n IP) ser\u00e1 directamente transmitida y archivada por Google en los servidores de Estados Unidos.<\/p>\n\n\n\n<h2 class=\"wp-block-heading\">Datos de navegaci\u00f3n<\/h2>\n\n\n\n<p>Al navegar por BS STAFF se pueden recoger datos no identificables, que pueden incluir, direcciones IP, ubicaci\u00f3n geogr\u00e1fica (aproximadamente), un registro de c\u00f3mo se utilizan los servicios y sitios, y otros datos que no pueden ser utilizados para identificar al usuario. Entre los datos no identificativos est\u00e1n tambi\u00e9n los relacionados a sus h\u00e1bitos de navegaci\u00f3n a trav\u00e9s de servicios de terceros. Nuestra web utiliza los siguientes servicios de an\u00e1lisis de terceros:<\/p>\n\n\n\n<ul class=\"wp-block-list\">\n<li>Google Analytics.<\/li>\n\n\n\n<li>Search Console.<\/li>\n\n\n\n<li>Google Tag Manager<\/li>\n\n\n\n<li>Facebook Ads<\/li>\n<\/ul>\n\n\n\n<p>Utilizamos esta informaci\u00f3n para analizar tendencias, administrar el sitio, rastrear los movimientos de los usuarios alrededor del sitio y para recopilar informaci\u00f3n demogr\u00e1fica sobre nuestra base de usuarios en su conjunto.<\/p>\n\n\n\n<h2 class=\"wp-block-heading\">Sus derechos al facilitar sus datos personales<\/h2>\n\n\n\n<p>Cualquier persona tiene derecho a obtener confirmaci\u00f3n sobre si en BS STAFF se est\u00e1n tratando datos personales que les conciernan, o no.<\/p>\n\n\n\n<p>Las personas interesadas tienen derecho a acceder a sus datos personales, as\u00ed como a solicitar la rectificaci\u00f3n de los datos inexactos o, en su caso, solicitar su supresi\u00f3n cuando, entre otros motivos, los datos ya no sean necesarios para los fines que fueron recogidos.<\/p>\n\n\n\n<p>En determinadas circunstancias, los interesados podr\u00e1n solicitar la limitaci\u00f3n del tratamiento de sus datos, en cuyo caso \u00fanicamente los conservaremos para el ejercicio o la defensa de reclamaciones.<\/p>\n\n\n\n<p>En determinadas circunstancias y por motivos relacionados con su situaci\u00f3n particular, los interesados podr\u00e1n oponerse al tratamiento de sus datos.<\/p>\n\n\n\n<p>BS STAFF dejar\u00e1 de tratar los datos, salvo por motivos leg\u00edtimos imperiosos, o el ejercicio o la defensa de posibles reclamaciones.<\/p>\n\n\n\n<p>Podr\u00e1 ejercitar materialmente sus derechos por correo electr\u00f3nico a info@bsstaff.com<\/p>\n\n\n\n<h3 class=\"wp-block-heading\">Secreto y seguridad de los datos<\/h3>\n\n\n\n<p>BS STAFF se compromete en el uso y tratamiento de los datos personales incluidos de los usuarios, respetando su confidencialidad y a utilizarlos de acuerdo con la finalidad de los mismos, as\u00ed como a dar cumplimiento a su obligaci\u00f3n de guardarlos y adaptar todas las medidas para evitar la alteraci\u00f3n, p\u00e9rdida, tratamiento o acceso no autorizado, de conformidad con lo establecido en la normativa vigente de protecci\u00f3n de datos.<\/p>\n\n\n\n<p>BS STAFF no puede garantizar la absoluta inexpugnabilidad de la red de Internet y por tanto, la violaci\u00f3n de los datos mediante accesos fraudulentos a ellos por parte de terceros.<\/p>\n\n\n\n<h3 class=\"wp-block-heading\">Exactitud y veracidad de los datos<\/h3>\n\n\n\n<p>Como usuario, usted es el \u00fanico responsable de la veracidad y correcci\u00f3n de los datos que remita a BS STAFF exonerando a BS STAFF de cualquier responsabilidad al respecto. Los usuarios garantizan y responden, en cualquier caso, de la exactitud, vigencia y autenticidad de los datos personales facilitados y se comprometen a mantenerlos debidamente actualizados. El usuario acepta proporcionar informaci\u00f3n completa y correcta en el formulario de contacto o suscripci\u00f3n.<\/p>\n\n\n\n<h3 class=\"wp-block-heading\">Aceptaci\u00f3n y consentimiento<\/h3>\n\n\n\n<p>El usuario declara haber sido informado de las condiciones sobre protecci\u00f3n de datos de car\u00e1cter personal, aceptando y consintiendo el tratamiento de los mismos por parte de BS STAFF en la forma y para las finalidades indicadas en esta pol\u00edtica de privacidad<\/p>\n\n\n\n<h3 class=\"wp-block-heading\">Cambios en la pol\u00edtica de privacidad<\/h3>\n\n\n\n<p>BS STAFF, se reserva el derecho a modificar la presente pol\u00edtica para adaptarla a novedades legislativas o jurisprudenciales, as\u00ed como a pr\u00e1cticas de la industria. En dichos supuestos, el Prestador anunciar\u00e1 en esta p\u00e1gina los cambios introducidos con razonable antelaci\u00f3n a su puesta en pr\u00e1ctica.<\/p>\n\n\n\n<h3 class=\"wp-block-heading\">Correos comerciales<\/h3>\n\n\n\n<p>BS STAFF no realiza pr\u00e1cticas de SPAM, por lo que no env\u00eda correos comerciales por v\u00eda electr\u00f3nica que no hayan sido previamente solicitados o autorizados por el usuario. En consecuencia, en cada uno de los formularios habidos en la web, el usuario tiene la posibilidad de dar su consentimiento expreso para recibir el bolet\u00edn, con independencia de la informaci\u00f3n comercial puntualmente solicitada.<\/p>\n\n\n\n<p>BS STAFF no realiza pr\u00e1cticas de SPAM, por lo que no env\u00eda correos comerciales por v\u00eda electr\u00f3nica que no hayan sido previamente solicitados o autorizados por el usuario. En consecuencia, en cada uno de los formularios habidos en la web, el usuario tiene la posibilidad de dar su consentimiento expreso para recibir el bolet\u00edn, con independencia de la informaci\u00f3n comercial puntualmente solicitada.<\/p>\n\n\n\n<p><strong>\u00a9 COPYRIGHT BS STAFF.<\/strong>&nbsp;2022. Todos los derechos reservados.<\/p>\n\n\n\n<p>Queda prohibido cualquier acto de explotaci\u00f3n o utilizaci\u00f3n de los contenidos de esta p\u00e1gina web sin la autorizaci\u00f3n previa y por escrito de sus leg\u00edtimos titulares. En concreto, se proh\u00edbe todo acto de reproducci\u00f3n, distribuci\u00f3n, comunicaci\u00f3n p\u00fablica o transformaci\u00f3n, total o parcial, de cualquier elemento de la p\u00e1gina web, muy especialmente las fotograf\u00edas, los gr\u00e1ficos, los spots, los fotogramas, las animaciones, los textos y su c\u00f3digo fuente. Los titulares de dichos derechos se reservan las acciones legalmente oportunas para resarcirse de los da\u00f1os y perjuicios causados por cualquier acto que vulnere los derechos de propiedad intelectual sobre dichos contenidos.<\/p>\n\n\n\n<h2 class=\"wp-block-heading\">Uso de Cookies<\/h2>\n\n\n\n<p>En BS STAFF, a trav\u00e9s de las cookies almacena informaci\u00f3n que nos permitir\u00e1 identificar su ordenador la siguiente vez que nos visite. La mayor\u00eda de los navegadores de Internet est\u00e1n configurados para aceptar estos cookies autom\u00e1ticamente.<\/p>\n\n\n\n<p>El tipo de informaci\u00f3n que recogemos es espec\u00edfica para su ordenador y puede incluir la direcci\u00f3n de Protocolo Internet (IP), la fecha y hora de su acceso a nuestro sitio web. Recogemos esta informaci\u00f3n con fines estad\u00edsticos. Puede configurar su navegador de forma que le notifique la recepci\u00f3n de un cookie o negarse a recibirlo. En tal caso deber\u00e1 tener presente que quiz\u00e1s no pueda utilizar todas las posibilidades de nuestro sitio web.<\/p>\n\n\n\n<p>Puede ver m\u00e1s detalles sobre nuestra pol\u00edtica de cookies en los enlaces que puede encontrar en el pie de p\u00e1gina.<\/p>","protected":false},"excerpt":{"rendered":"<p>Su privacidad es importante para nosotros. En esta declaraci\u00f3n de privacidad se explica qu\u00e9 datos personales recopilamos de nuestros usuarios y c\u00f3mo los utilizamos. Le animamos a leer detenidamente estos t\u00e9rminos antes de facilitar sus datos personales en esta web. Los mayores de trece a\u00f1os podr\u00e1n registrarse en BS STAFF como usuarios sin el previo [&hellip;]<\/p>","protected":false},"author":2,"featured_media":0,"parent":0,"menu_order":0,"comment_status":"closed","ping_status":"closed","template":"","meta":{"_acf_changed":false,"footnotes":""},"class_list":["post-519","page","type-page","status-publish","hentry"],"acf":[],"_links":{"self":[{"href":"https:\/\/bsstaff.onlinevalles.club\/en\/wp-json\/wp\/v2\/pages\/519","targetHints":{"allow":["GET"]}}],"collection":[{"href":"https:\/\/bsstaff.onlinevalles.club\/en\/wp-json\/wp\/v2\/pages"}],"about":[{"href":"https:\/\/bsstaff.onlinevalles.club\/en\/wp-json\/wp\/v2\/types\/page"}],"author":[{"embeddable":true,"href":"https:\/\/bsstaff.onlinevalles.club\/en\/wp-json\/wp\/v2\/users\/2"}],"replies":[{"embeddable":true,"href":"https:\/\/bsstaff.onlinevalles.club\/en\/wp-json\/wp\/v2\/comments?post=519"}],"version-history":[{"count":7,"href":"https:\/\/bsstaff.onlinevalles.club\/en\/wp-json\/wp\/v2\/pages\/519\/revisions"}],"predecessor-version":[{"id":4098,"href":"https:\/\/bsstaff.onlinevalles.club\/en\/wp-json\/wp\/v2\/pages\/519\/revisions\/4098"}],"wp:attachment":[{"href":"https:\/\/bsstaff.onlinevalles.club\/en\/wp-json\/wp\/v2\/media?parent=519"}],"curies":[{"name":"wp","href":"https:\/\/api.w.org\/{rel}","templated":true}]}}