{"id":521,"date":"2025-11-06T12:21:08","date_gmt":"2025-11-06T12:21:08","guid":{"rendered":"https:\/\/bsstaff.onlinevalles.club\/?page_id=521"},"modified":"2025-11-07T10:23:47","modified_gmt":"2025-11-07T10:23:47","slug":"accesibilidad","status":"publish","type":"page","link":"https:\/\/bsstaff.onlinevalles.club\/en\/accesibilidad\/","title":{"rendered":"Accessibility"},"content":{"rendered":"<p>BS STAFF has committed to making its website accessible, in accordance with Royal Decree 1112\/2018, of September 7, on the accessibility of websites and mobile applications of the public sector.<\/p>\n\n\n\n<p>This accessibility statement applies to this website.<\/p>\n\n\n\n<h2 class=\"wp-block-heading\">Compliance status<\/h2>\n\n\n\n<p>This website is developed in accordance with Royal Decree 1112\/2018<\/p>\n\n\n\n<h2 class=\"wp-block-heading\">Preparation for the next accessibility statement<\/h2>\n\n\n\n<p>This statement was prepared on May 20, 2023.<\/p>\n\n\n\n<p>The method used to prepare the declaration was a self-assessment.<\/p>\n\n\n\n<h2 class=\"wp-block-heading\">Notes and contact information<\/h2>\n\n\n\n<p>You can submit communications regarding accessibility requirements (article 10.2.a of RD 1112\/2018) such as:<\/p>\n\n\n\n<ul class=\"wp-block-list\">\n<li>Report any potential violations by this website<\/li>\n\n\n\n<li>To communicate other difficulties in accessing the content<\/li>\n\n\n\n<li>Any other query or suggestion for improvement relating to the accessibility of the website can be made through the contact form on this website or by calling 93 768 52 49<\/li>\n<\/ul>\n\n\n\n<p>You may present:<\/p>\n\n\n\n<ul class=\"wp-block-list\">\n<li>Complaint regarding compliance with the requirements of Royal Decree 1112\/2018<\/li>\n\n\n\n<li>Request for accessible information regarding:\n<ul class=\"wp-block-list\">\n<li>Content that is excluded from the scope of application of Royal Decree 1112\/2018 as established in Article 3, paragraph 4<\/li>\n\n\n\n<li>Content that is exempt from accessibility requirements to impose a disproportionate burden<\/li>\n\n\n\n<li>In the Accessible Information Request, the facts, reasons and the request must be clearly specified to demonstrate that it is a reasonable and legitimate request.<\/li>\n<\/ul>\n<\/li>\n<\/ul>\n\n\n\n<p>Complaints and claims regarding accessible information will be made through the electronic headquarters (<a href=\"https:\/\/sede.red.gob.es\/procedimientos\/quejas-y-sugerencias\" target=\"_blank\" rel=\"noreferrer noopener\">https:\/\/sede.red.gob.es\/procedimientos\/quejas-y-sugerencias<\/a>), and will be received and processed by the Information Systems area of Red.es.<\/p>\n\n\n\n<h2 class=\"wp-block-heading\">Optional content<\/h2>\n\n\n\n<ul class=\"wp-block-list\">\n<li>To change the text font size in major graphical browsers, use the following menus:<\/li>\n\n\n\n<li>Safari: View &gt; Make Text Larger<\/li>\n\n\n\n<li>Chrome: Control current page &gt; Text size<\/li>\n<\/ul>\n\n\n\n<p>To change the size of everything on the page:<\/p>\n\n\n\n<ul class=\"wp-block-list\">\n<li>Ctrl++ to increase it<\/li>\n\n\n\n<li>Ctrl + \u2013 to decrease it<\/li>\n\n\n\n<li>Ctrl + 0 restores the original text size<\/li>\n\n\n\n<li>If you want to override the stylesheet or change the text color, you can consult the WAI&#039;s How to Change Text Size or Colors page, which can be read in Spanish as C\u00f3mo cambiar el tama\u00f1o del texto o colores?<\/li>\n<\/ul>","protected":false},"excerpt":{"rendered":"<p>se ha comprometido a hacer accesible su sitio web, de conformidad con el Real Decreto 1112\/2018, de 7 de septiembre, sobre accesibilidad de los sitios web y aplicaciones para dispositivos m\u00f3viles del sector p\u00fablico. Esta declaraci\u00f3n de accesibilidad se aplica a esta web. Situaci\u00f3n de cumplimiento Este sitio web est\u00e1 desarrollado de acuerdo con el [&hellip;]<\/p>","protected":false},"author":2,"featured_media":0,"parent":0,"menu_order":0,"comment_status":"closed","ping_status":"closed","template":"","meta":{"_acf_changed":false,"footnotes":""},"class_list":["post-521","page","type-page","status-publish","hentry"],"acf":[],"_links":{"self":[{"href":"https:\/\/bsstaff.onlinevalles.club\/en\/wp-json\/wp\/v2\/pages\/521","targetHints":{"allow":["GET"]}}],"collection":[{"href":"https:\/\/bsstaff.onlinevalles.club\/en\/wp-json\/wp\/v2\/pages"}],"about":[{"href":"https:\/\/bsstaff.onlinevalles.club\/en\/wp-json\/wp\/v2\/types\/page"}],"author":[{"embeddable":true,"href":"https:\/\/bsstaff.onlinevalles.club\/en\/wp-json\/wp\/v2\/users\/2"}],"replies":[{"embeddable":true,"href":"https:\/\/bsstaff.onlinevalles.club\/en\/wp-json\/wp\/v2\/comments?post=521"}],"version-history":[{"count":2,"href":"https:\/\/bsstaff.onlinevalles.club\/en\/wp-json\/wp\/v2\/pages\/521\/revisions"}],"predecessor-version":[{"id":561,"href":"https:\/\/bsstaff.onlinevalles.club\/en\/wp-json\/wp\/v2\/pages\/521\/revisions\/561"}],"wp:attachment":[{"href":"https:\/\/bsstaff.onlinevalles.club\/en\/wp-json\/wp\/v2\/media?parent=521"}],"curies":[{"name":"wp","href":"https:\/\/api.w.org\/{rel}","templated":true}]}}